{"id":18507,"date":"2017-03-25T12:03:35","date_gmt":"2017-03-25T16:03:35","guid":{"rendered":"https:\/\/cdto.ca\/faqs-public\/"},"modified":"2021-09-21T16:30:16","modified_gmt":"2021-09-21T20:30:16","slug":"faqs-public","status":"publish","type":"page","link":"https:\/\/cdto.ca\/fr\/protecting-the-public-2\/faqs-public\/","title":{"rendered":"FAQs &#8211; Public"},"content":{"rendered":"<p>[et_pb_section fb_built=\u00a0\u00bb1&Prime; fullwidth=\u00a0\u00bbon\u00a0\u00bb custom_padding_last_edited=\u00a0\u00bbon|desktop\u00a0\u00bb _builder_version=\u00a0\u00bb3.0.74&Prime; background_image=\u00a0\u00bbhttps:\/\/cdto.ca\/wp-content\/uploads\/cdto-_0015_ING_19013_03377.jpg\u00a0\u00bb custom_padding_tablet=\u00a0\u00bb50px|0|50px|0&Prime; padding_mobile=\u00a0\u00bboff\u00a0\u00bb global_module=\u00a0\u00bb367&Prime;][et_pb_fullwidth_header title=\u00a0\u00bb@ET-DC@eyJkeW5hbWljIjp0cnVlLCJjb250ZW50IjoicG9zdF90aXRsZSIsInNldHRpbmdzIjp7ImJlZm9yZSI6IiIsImFmdGVyIjoiIn19@\u00a0\u00bb _builder_version=\u00a0\u00bb4.4.1&Prime; _dynamic_attributes=\u00a0\u00bbtitle\u00a0\u00bb title_level=\u00a0\u00bbh2&Prime; title_font=\u00a0\u00bb|700|||||||\u00a0\u00bb title_font_size=\u00a0\u00bb38px\u00a0\u00bb background_color=\u00a0\u00bbrgba(0,0,0,0.35)\u00a0\u00bb][\/et_pb_fullwidth_header][\/et_pb_section][et_pb_section fb_built=\u00a0\u00bb1&Prime; admin_label=\u00a0\u00bbsection\u00a0\u00bb _builder_version=\u00a0\u00bb3.22&Prime; background_color=\u00a0\u00bb#ffffff\u00a0\u00bb transparent_background=\u00a0\u00bboff\u00a0\u00bb make_fullwidth=\u00a0\u00bboff\u00a0\u00bb use_custom_width=\u00a0\u00bboff\u00a0\u00bb width_unit=\u00a0\u00bbon\u00a0\u00bb][et_pb_row admin_label=\u00a0\u00bbrow\u00a0\u00bb _builder_version=\u00a0\u00bb3.25&Prime; background_size=\u00a0\u00bbinitial\u00a0\u00bb background_position=\u00a0\u00bbtop_left\u00a0\u00bb background_repeat=\u00a0\u00bbrepeat\u00a0\u00bb column_structure=\u00a0\u00bb3_4,1_4&Prime;][et_pb_column type=\u00a0\u00bb3_4&Prime; _builder_version=\u00a0\u00bb3.25&Prime; custom_padding=\u00a0\u00bb|||\u00a0\u00bb custom_padding__hover=\u00a0\u00bb|||\u00a0\u00bb][et_pb_toggle title=\u00a0\u00bbJe pense qu\u2019un membre de l\u2019Ordre a abus\u00e9 de moi sexuellement et je veux porter plainte, mais je ne veux pas que cette histoire soit publique. Est-ce que je peux porter plainte anonymement?\u00a0\u00bb admin_label=\u00a0\u00bbToggle &#8211; I think I have been sexually abused by a member of the College and I want to complain, but I don\u2019t want this issue made public. Can I submit a complaint anonymously?\u00a0\u00bb _builder_version=\u00a0\u00bb3.0.87&Prime; border_style=\u00a0\u00bbsolid\u00a0\u00bb]L\u2019Ordre comprend que les mauvais traitements de nature sexuelle peuvent \u00eatre bouleversants et embarrassants et peuvent susciter des sentiments de honte qui peuvent emp\u00eacher la patiente ou le patient de porter plainte. Cependant, les plaintes ne peuvent pas \u00eatre anonymes.<\/p>\n<p>Quand l\u2019Ordre re\u00e7oit une plainte pr\u00e9sent\u00e9e dans la forme exig\u00e9e en vertu de la&nbsp;<em>Loi de 1991 sur les professions de la sant\u00e9 r\u00e9glement\u00e9es<\/em>&nbsp;, il doit enqu\u00eater sur les all\u00e9gations d\u2019une mani\u00e8re qui est juste et transparente pour toutes les parties en cause. Dans le cadre de ce processus, l\u2019Ordre pourrait devoir communiquer avec vous pour obtenir des renseignements suppl\u00e9mentaires et doit donc avoir votre nom et vos coordonn\u00e9es. L\u2019Ordre doit \u00e9galement informer le membre qui fait l\u2019objet de la plainte sur la nature des all\u00e9gations, ainsi que sur la patiente ou le patient qui les a faites, pour lui permettre de r\u00e9pondre et de fournir des renseignements et des documents pertinents au comit\u00e9 des enqu\u00eates, des plaintes et des rapports de l\u2019Ordre.<\/p>\n<p>Les renseignements personnels concernant la patiente ou le patient ne sont jamais rendus publics pendant ce processus.<br \/>\nSi l\u2019affaire fait l\u2019objet d\u2019une audience disciplinaire, la Loi de 1991 sur les professions de la sant\u00e9 r\u00e9glement\u00e9es contient des dispositions qui prot\u00e8gent l\u2019identit\u00e9 des t\u00e9moins et des victimes de mauvais traitements d\u2019ordre sexuel.<\/p>\n<p><a href=\"https:\/\/cdto.ca\/fr\/protecting-the-public-2\/preoccupations-et-plaintes\/\">En savoir plus sur le processus de traitement des plaintes de l\u2019Ordre.<\/a><br \/>\n<a href=\"https:\/\/cdto.ca\/fr\/protecting-the-public-2\/preoccupations-et-plaintes\/\">Communiquez avec l&rsquo;Ordre pour d\u00e9poser une plainte.<\/a><br \/>\n[\/et_pb_toggle][et_pb_toggle title=\u00a0\u00bbCombien de temps dure le processus de traitement des plaintes?\u00a0\u00bb admin_label=\u00a0\u00bbToggle &#8211; How long does the complaints process take?\u00a0\u00bb _builder_version=\u00a0\u00bb3.0.87&Prime; border_style=\u00a0\u00bbsolid\u00a0\u00bb]La Loi de 1991 sur les professions de la sant\u00e9 r\u00e9glement\u00e9es dispose que le sous-comit\u00e9 du comit\u00e9 des enqu\u00eates, des plaintes et des rapports doit rendre sa d\u00e9cision sur les mesures \u00e0 prendre concernant une plainte, ou d\u00e9terminer qu\u2019aucune mesure n\u2019est requise, dans un d\u00e9lai de 150 jours suivant le d\u00e9p\u00f4t de la plainte.<\/p>\n<p>Si le sous-comit\u00e9 ne peut pas respecter ce d\u00e9lai, le registrateur communiquera avec la plaignante ou le plaignant et le membre comme le pr\u00e9voit la Loi.<br \/>\n[\/et_pb_toggle][et_pb_toggle title=\u00a0\u00bbEst-ce que je peux interjeter appel de la d\u00e9cision d\u2019un sous-comit\u00e9 du comit\u00e9 des enqu\u00eates, des plaintes et des rapports?\u00a0\u00bb admin_label=\u00a0\u00bbToggle &#8211; Can I appeal the decision of a panel of the Inquiries, Complaints and Reports Committee (ICRC)?\u00a0\u00bb _builder_version=\u00a0\u00bb3.0.87&Prime; border_style=\u00a0\u00bbsolid\u00a0\u00bb]The complainant or the member who is the subject of the complaint has the right to request a review of a decision of a panel of the ICRC&nbsp;to the Health Professions Appeal and Review Board (HPARB)&nbsp;<u>sauf<\/u> &nbsp;si la d\u00e9cision :<\/p>\n<ul>\n<li>\u2022 soit renvoie l\u2019affaire au comit\u00e9 de discipline de l\u2019Ordre;<\/li>\n<li>\u2022 soit renvoie l\u2019affaire \u00e0 un autre sous-comit\u00e9 du comit\u00e9 des enqu\u00eates, des plaintes et des rapports aux fins d\u2019une proc\u00e9dure pour incapacit\u00e9.<\/li>\n<\/ul>\n<p>Les membres vis\u00e9s par un rapport du registrateur ou adress\u00e9s au comit\u00e9 d\u2019assurance de la qualit\u00e9 n\u2019ont pas le droit de demander \u00e0<a href=\"http:\/\/www.hparb.on.ca\/\">&nbsp; la <em>Commision <\/em><\/a> d\u2019appel et de r\u00e9vision des professions de la sant\u00e9 que la d\u00e9cision soit r\u00e9examin\u00e9e.<\/p>\n<p>Les demandes de r\u00e9examen des d\u00e9cisions du comit\u00e9 des enqu\u00eates, des plaintes et des rapports doivent \u00eatre pr\u00e9sent\u00e9es par la poste ou par t\u00e9l\u00e9copieur et au plus tard 30 jours apr\u00e8s que le membre ou la plaignante ou le plaignant ont re\u00e7u la d\u00e9cision du comit\u00e9 des enqu\u00eates, des plaintes et des rapports.<\/p>\n<p>&nbsp;<\/p>\n<p>Coordonn\u00e9es de la Commission d\u2019appel et de r\u00e9vision des professions de la sant\u00e9<\/p>\n<blockquote><p>151, rue Bloor Ouest, 9<sup>e<\/sup>&nbsp;\u00e9tage<br \/>\nToronto, ON<br \/>\nM5S 1S4<br \/>\nCanada<\/p><\/blockquote>\n<p>T\u00e9l\u00e9copieur : 416 327-8524&nbsp;<a href=\"tel:416-327-8524\">416-327-8524<\/a><br \/>\n[\/et_pb_toggle][et_pb_toggle title=\u00a0\u00bbComment l\u2019Ordre traite-t-il les plaintes anonymes contre des technologues dentaires?\u00a0\u00bb admin_label=\u00a0\u00bbToggle &#8211; How does the College deal with anonymous complaints against a dental technologist?\u00a0\u00bb _builder_version=\u00a0\u00bb3.0.87&Prime; border_style=\u00a0\u00bbsolid\u00a0\u00bb]Le comit\u00e9 des enqu\u00eates, des plaintes et des rapports n\u2019entreprend pas d\u2019enqu\u00eate dans le cas de plaintes anonymes. Cependant, si, apr\u00e8s avoir eu connaissance de renseignements graves impliquant une ou un technologue dentaire, le registrateur a des motifs raisonnables et probables de croire que la ou le technologue dentaire a commis une faute professionnelle ou est incomp\u00e9tent, il peut entreprendre une enqu\u00eate, avec l\u2019approbation du comit\u00e9 des enqu\u00eates, des plaintes et des rapports.<br \/>\n[\/et_pb_toggle][\/et_pb_column][et_pb_column type=\u00a0\u00bb1_4&Prime; _builder_version=\u00a0\u00bb3.25&Prime; custom_padding=\u00a0\u00bb|||\u00a0\u00bb custom_padding__hover=\u00a0\u00bb|||\u00a0\u00bb][et_pb_sidebar orientation=\u00a0\u00bbright\u00a0\u00bb area=\u00a0\u00bbet_pb_widget_area_5&Prime; admin_label=\u00a0\u00bbmenu-global-sidebar\u00a0\u00bb _builder_version=\u00a0\u00bb4.4.1&Prime; header_font=\u00a0\u00bb||||\u00a0\u00bb body_font=\u00a0\u00bb||||\u00a0\u00bb body_text_color=\u00a0\u00bb#03395e\u00a0\u00bb body_font_size=\u00a0\u00bb17&Prime; body_line_height=\u00a0\u00bb1.3em\u00a0\u00bb body_font_size_tablet=\u00a0\u00bb15&Prime; custom_css_main_element=\u00a0\u00bbborder-style: solid;||border-width: 1px;||border-radius: 13px;||border-color: #03395e;||background:rgba(255,216,2,0.5);||padding-top: 12px;||padding-right: 10px;||padding-bottom: 12px;\u00a0\u00bb custom_css_widget=\u00a0\u00bbmargin-bottom: 0 !important;\u00a0\u00bb remove_border=\u00a0\u00bboff\u00a0\u00bb global_module=\u00a0\u00bb1466&Prime; saved_tabs=\u00a0\u00bball\u00a0\u00bb][\/et_pb_sidebar][et_pb_sidebar orientation=\u00a0\u00bbright\u00a0\u00bb area=\u00a0\u00bbet_pb_widget_area_8&Prime; admin_label=\u00a0\u00bbmenu-protecting-the-public\u00a0\u00bb _builder_version=\u00a0\u00bb3.0.74&Prime; header_line_height=\u00a0\u00bb1.1em\u00a0\u00bb body_text_color=\u00a0\u00bb#828282&Prime; body_font_size=\u00a0\u00bb15&Prime; body_line_height=\u00a0\u00bb1.3em\u00a0\u00bb custom_css_widget=\u00a0\u00bbmargin-bottom: 0 !important;\u00a0\u00bb remove_border=\u00a0\u00bboff\u00a0\u00bb global_module=\u00a0\u00bb1038&Prime; saved_tabs=\u00a0\u00bball\u00a0\u00bb][\/et_pb_sidebar][\/et_pb_column][\/et_pb_row][\/et_pb_section][et_pb_section fb_built=\u00a0\u00bb1&Prime; custom_padding_last_edited=\u00a0\u00bbon|desktop\u00a0\u00bb _builder_version=\u00a0\u00bb4.0.11&Prime; background_color=\u00a0\u00bbrgba(255,216,2,0.5)\u00a0\u00bb background_image=\u00a0\u00bbhttps:\/\/cdto.ca\/wp-content\/uploads\/mission_overlay.png\u00a0\u00bb custom_padding=\u00a0\u00bb4px||27px|||\u00a0\u00bb custom_padding_tablet=\u00a0\u00bb50px|0|50px|0&Prime; custom_css_main_element=\u00a0\u00bb background-position-x: 85%;|| background-size: initial;|| background-position-y: 100%;\u00a0\u00bb global_module=\u00a0\u00bb2751&Prime;][et_pb_row module_class=\u00a0\u00bb et_pb_row_fullwidth\u00a0\u00bb _builder_version=\u00a0\u00bb3.25&Prime; background_size=\u00a0\u00bbinitial\u00a0\u00bb background_position=\u00a0\u00bbtop_left\u00a0\u00bb background_repeat=\u00a0\u00bbrepeat\u00a0\u00bb width=\u00a0\u00bb94%\u00a0\u00bb width_tablet=\u00a0\u00bb80%\u00a0\u00bb width_phone=\u00a0\u00bb\u00a0\u00bb width_last_edited=\u00a0\u00bbon|desktop\u00a0\u00bb max_width=\u00a0\u00bb94%\u00a0\u00bb max_width_tablet=\u00a0\u00bb80%\u00a0\u00bb max_width_phone=\u00a0\u00bb\u00a0\u00bb max_width_last_edited=\u00a0\u00bbon|desktop\u00a0\u00bb make_fullwidth=\u00a0\u00bbon\u00a0\u00bb use_custom_width=\u00a0\u00bboff\u00a0\u00bb width_unit=\u00a0\u00bbon\u00a0\u00bb][et_pb_column type=\u00a0\u00bb4_4&Prime; _builder_version=\u00a0\u00bb3.25&Prime; custom_padding=\u00a0\u00bb|||\u00a0\u00bb custom_padding__hover=\u00a0\u00bb|||\u00a0\u00bb][et_pb_cta title=\u00a0\u00bbPour en savoir plus sur l&rsquo;Ordre des technologistes dentaires de l&rsquo;Ontario:\u00a0\u00bb button_url=\u00a0\u00bbhttps:\/\/cdto.ca\/fr\/nous-contacter\/\u00a0\u00bb button_text=\u00a0\u00bbNous Contacter\u00a0\u00bb admin_label=\u00a0\u00bbCall To Action-email-list\u00a0\u00bb _builder_version=\u00a0\u00bb4.0.11&Prime; header_font_size=\u00a0\u00bb27px\u00a0\u00bb use_background_color=\u00a0\u00bboff\u00a0\u00bb background_size=\u00a0\u00bbinitial\u00a0\u00bb background_position=\u00a0\u00bbtop_left\u00a0\u00bb background_repeat=\u00a0\u00bbrepeat\u00a0\u00bb custom_button=\u00a0\u00bbon\u00a0\u00bb button_text_color=\u00a0\u00bb#4488c8&Prime; background_layout=\u00a0\u00bblight\u00a0\u00bb button_text_size__hover_enabled=\u00a0\u00bboff\u00a0\u00bb button_text_size__hover=\u00a0\u00bbnull\u00a0\u00bb button_one_text_size__hover_enabled=\u00a0\u00bboff\u00a0\u00bb button_one_text_size__hover=\u00a0\u00bbnull\u00a0\u00bb button_two_text_size__hover_enabled=\u00a0\u00bboff\u00a0\u00bb button_two_text_size__hover=\u00a0\u00bbnull\u00a0\u00bb button_text_color__hover_enabled=\u00a0\u00bboff\u00a0\u00bb button_text_color__hover=\u00a0\u00bbnull\u00a0\u00bb button_one_text_color__hover_enabled=\u00a0\u00bboff\u00a0\u00bb button_one_text_color__hover=\u00a0\u00bbnull\u00a0\u00bb button_two_text_color__hover_enabled=\u00a0\u00bboff\u00a0\u00bb button_two_text_color__hover=\u00a0\u00bbnull\u00a0\u00bb button_border_width__hover_enabled=\u00a0\u00bboff\u00a0\u00bb button_border_width__hover=\u00a0\u00bbnull\u00a0\u00bb button_one_border_width__hover_enabled=\u00a0\u00bboff\u00a0\u00bb button_one_border_width__hover=\u00a0\u00bbnull\u00a0\u00bb button_two_border_width__hover_enabled=\u00a0\u00bboff\u00a0\u00bb button_two_border_width__hover=\u00a0\u00bbnull\u00a0\u00bb button_border_color__hover_enabled=\u00a0\u00bboff\u00a0\u00bb button_border_color__hover=\u00a0\u00bbnull\u00a0\u00bb button_one_border_color__hover_enabled=\u00a0\u00bboff\u00a0\u00bb button_one_border_color__hover=\u00a0\u00bbnull\u00a0\u00bb button_two_border_color__hover_enabled=\u00a0\u00bboff\u00a0\u00bb button_two_border_color__hover=\u00a0\u00bbnull\u00a0\u00bb button_border_radius__hover_enabled=\u00a0\u00bboff\u00a0\u00bb button_border_radius__hover=\u00a0\u00bbnull\u00a0\u00bb button_one_border_radius__hover_enabled=\u00a0\u00bboff\u00a0\u00bb button_one_border_radius__hover=\u00a0\u00bbnull\u00a0\u00bb button_two_border_radius__hover_enabled=\u00a0\u00bboff\u00a0\u00bb button_two_border_radius__hover=\u00a0\u00bbnull\u00a0\u00bb button_letter_spacing__hover_enabled=\u00a0\u00bboff\u00a0\u00bb button_letter_spacing__hover=\u00a0\u00bbnull\u00a0\u00bb button_one_letter_spacing__hover_enabled=\u00a0\u00bboff\u00a0\u00bb button_one_letter_spacing__hover=\u00a0\u00bbnull\u00a0\u00bb button_two_letter_spacing__hover_enabled=\u00a0\u00bboff\u00a0\u00bb button_two_letter_spacing__hover=\u00a0\u00bbnull\u00a0\u00bb button_bg_color__hover_enabled=\u00a0\u00bboff\u00a0\u00bb button_bg_color__hover=\u00a0\u00bbnull\u00a0\u00bb button_one_bg_color__hover_enabled=\u00a0\u00bboff\u00a0\u00bb button_one_bg_color__hover=\u00a0\u00bbnull\u00a0\u00bb button_two_bg_color__hover_enabled=\u00a0\u00bboff\u00a0\u00bb button_two_bg_color__hover=\u00a0\u00bbnull\u00a0\u00bb][\/et_pb_cta][\/et_pb_column][\/et_pb_row][\/et_pb_section]<\/p>\n","protected":false},"excerpt":{"rendered":"<p>L\u2019Ordre comprend que les mauvais traitements de nature sexuelle peuvent \u00eatre bouleversants et embarrassants et peuvent susciter des sentiments de honte qui peuvent emp\u00eacher la patiente ou le patient de [&hellip;]<\/p>\n","protected":false},"author":1,"featured_media":0,"parent":18612,"menu_order":2,"comment_status":"closed","ping_status":"closed","template":"","meta":{"_et_pb_use_builder":"on","_et_pb_old_content":"","_et_gb_content_width":"","_exactmetrics_skip_tracking":false,"_exactmetrics_sitenote_active":false,"_exactmetrics_sitenote_note":"","_exactmetrics_sitenote_category":0,"_monsterinsights_skip_tracking":false,"_monsterinsights_sitenote_active":false,"_monsterinsights_sitenote_note":"","_monsterinsights_sitenote_category":0,"_mc_calendar":[],"footnotes":""},"class_list":["post-18507","page","type-page","status-publish","hentry"],"_links":{"self":[{"href":"https:\/\/cdto.ca\/fr\/wp-json\/wp\/v2\/pages\/18507"}],"collection":[{"href":"https:\/\/cdto.ca\/fr\/wp-json\/wp\/v2\/pages"}],"about":[{"href":"https:\/\/cdto.ca\/fr\/wp-json\/wp\/v2\/types\/page"}],"author":[{"embeddable":true,"href":"https:\/\/cdto.ca\/fr\/wp-json\/wp\/v2\/users\/1"}],"replies":[{"embeddable":true,"href":"https:\/\/cdto.ca\/fr\/wp-json\/wp\/v2\/comments?post=18507"}],"version-history":[{"count":0,"href":"https:\/\/cdto.ca\/fr\/wp-json\/wp\/v2\/pages\/18507\/revisions"}],"up":[{"embeddable":true,"href":"https:\/\/cdto.ca\/fr\/wp-json\/wp\/v2\/pages\/18612"}],"wp:attachment":[{"href":"https:\/\/cdto.ca\/fr\/wp-json\/wp\/v2\/media?parent=18507"}],"curies":[{"name":"wp","href":"https:\/\/api.w.org\/{rel}","templated":true}]}}