{"id":18551,"date":"2016-06-24T18:01:49","date_gmt":"2016-06-24T22:01:49","guid":{"rendered":"https:\/\/cdto.ca\/membres-inactifs-ou-suspendus\/"},"modified":"2021-09-23T12:48:48","modified_gmt":"2021-09-23T16:48:48","slug":"membres-inactifs-ou-suspendus","status":"publish","type":"page","link":"https:\/\/cdto.ca\/fr\/pour-les-membres\/membres-inactifs-ou-suspendus\/","title":{"rendered":"Membres inactifs ou suspendus"},"content":{"rendered":"<p>[et_pb_section bb_built=\u00a0\u00bb1&Prime; fullwidth=\u00a0\u00bbon\u00a0\u00bb specialty=\u00a0\u00bboff\u00a0\u00bb background_image=\u00a0\u00bbhttp:\/\/cdto.ca\/wp-content\/uploads\/cdto-_0012_ING_19060_70116.jpg\u00a0\u00bb parallax_method=\u00a0\u00bboff\u00a0\u00bb padding_mobile=\u00a0\u00bboff\u00a0\u00bb _builder_version=\u00a0\u00bb3.0.65&Prime; background_color=\u00a0\u00bb#ffffff\u00a0\u00bb custom_css_main_element=\u00a0\u00bbheight: 250px;\u00a0\u00bb global_module=\u00a0\u00bb371&Prime;][et_pb_fullwidth_code admin_label=\u00a0\u00bbheader-for-members\u00a0\u00bb global_parent=\u00a0\u00bb371&Prime;]<div class=\"header-content-container center et_pb_text et_pb_module et_pb_bg_layout_dark et_pb_text_align_left et_pb_text_0 et_pb_row et_pb_row_0\"><div class=\"header-content\"><h1>Membres inactifs ou suspendus<\/h1><\/div><\/div>[\/et_pb_fullwidth_code][\/et_pb_section][et_pb_section bb_built=\u00a0\u00bb1&Prime; admin_label=\u00a0\u00bbsection\u00a0\u00bb transparent_background=\u00a0\u00bboff\u00a0\u00bb background_color=\u00a0\u00bb#ffffff\u00a0\u00bb allow_player_pause=\u00a0\u00bboff\u00a0\u00bb inner_shadow=\u00a0\u00bboff\u00a0\u00bb parallax=\u00a0\u00bboff\u00a0\u00bb parallax_method=\u00a0\u00bboff\u00a0\u00bb make_fullwidth=\u00a0\u00bboff\u00a0\u00bb use_custom_width=\u00a0\u00bboff\u00a0\u00bb width_unit=\u00a0\u00bbon\u00a0\u00bb make_equal=\u00a0\u00bboff\u00a0\u00bb use_custom_gutter=\u00a0\u00bboff\u00a0\u00bb][et_pb_row admin_label=\u00a0\u00bbrow\u00a0\u00bb][et_pb_column type=\u00a0\u00bb3_4&Prime;][et_pb_text admin_label=\u00a0\u00bbtext-inactive-suspended-members\u00a0\u00bb background_layout=\u00a0\u00bblight\u00a0\u00bb text_orientation=\u00a0\u00bbleft\u00a0\u00bb border_style=\u00a0\u00bbsolid\u00a0\u00bb _builder_version=\u00a0\u00bb3.0.64&Prime;]<\/p>\n<p><strong>Les membres de l\u2019Ordre qui sont inactifs ou suspendus ne peuvent pas exercer la profession de technologue dentaire.<\/strong><\/p>\n<h3>Membres inactifs<\/h3>\n<p>Les membres de l\u2019Ordre qui d\u00e9tiennent un certificat d\u2019inscription inactif peuvent utiliser les titres restreints de technologue dentaire, de technologue dentaire agr\u00e9\u00e9 ou de &nbsp; &nbsp; TDR en Ontario. Cependant, une condition d\u2019un certificat d\u2019inscription inactif est qu\u2019un membre ne peut pas pratiquer la technologie dentaire.<\/p>\n<p>Si vous souhaitez exercer la profession de technologue dentaire, veuillez consulter la section <a href=\"http:\/\/cdto.ca\/for-members\/registration-and-member-updates\/\">Inscription et mises \u00e0 jour<\/a> &nbsp; pour savoir comment changer la cat\u00e9gorie de votre certificat d\u2019inscription.<\/p>\n<h3>Membres suspendus<\/h3>\n<p>Les membres qui ont \u00e9t\u00e9 suspendus pour des raisons administratives (non-paiement des droits, etc.) ou \u00e0 la suite de mesures disciplinaires ne peuvent pas exercer la profession de technologue dentaire ni utiliser les titres r\u00e9serv\u00e9s \u00ab dental technologist \u00bb, \u00ab Registered Dental Technologist \u00bb, leurs \u00e9quivalents fran\u00e7ais \u00ab technologue dentaire \u00bb et \u00ab technologue dentaire inscrit \u00bb, ou la d\u00e9signation \u00ab&nbsp; RDT&nbsp; \u00bb en Ontario.<\/p>\n<p>Les membres qui veulent remettre en vigueur leur certificat d\u2019inscription doivent communiquer avec l\u2019Ordre au <a href=\"tel:416-438-5003\">416-438-5003<\/a> ou \u00e0 <a href=\"mailto:info@cdto.ca\">info@cdto.ca.<\/a><\/p>\n<h3>Supervision des membres inactifs ou suspendus<\/h3>\n<p>Si vous \u00eates un membre de l\u2019Ordre qui supervise un membre inactif ou suspendu qui pratique la technologie dentaire, il peut \u00e9galement s\u2019agir d\u2019un acte de faute professionnelle. L\u2019Ordre poursuivra toute personne qui sait ou devrait savoir qu\u2019elle supervise le travail d\u2019un d\u00e9put\u00e9 qui ne devrait pas pratiquer la technologie dentaire.<\/p>\n<p>[\/et_pb_text][\/et_pb_column][et_pb_column type=\u00a0\u00bb1_4&Prime;][et_pb_sidebar admin_label=\u00a0\u00bbSidebar Global\u00a0\u00bb saved_tabs=\u00a0\u00bball\u00a0\u00bb global_module=\u00a0\u00bb1466&Prime; orientation=\u00a0\u00bbright\u00a0\u00bb area=\u00a0\u00bbet_pb_widget_area_5&Prime; background_layout=\u00a0\u00bblight\u00a0\u00bb remove_border=\u00a0\u00bboff\u00a0\u00bb body_font_size=\u00a0\u00bb15&Prime; body_text_color=\u00a0\u00bb#4488c8&Prime; body_line_height=\u00a0\u00bb1.3em\u00a0\u00bb custom_css_widget=\u00a0\u00bbmargin-bottom: 0 !important;\u00a0\u00bb \/][et_pb_sidebar admin_label=\u00a0\u00bbmenu-for-members\u00a0\u00bb saved_tabs=\u00a0\u00bball\u00a0\u00bb orientation=\u00a0\u00bbleft\u00a0\u00bb area=\u00a0\u00bbet_pb_widget_area_4&Prime; background_layout=\u00a0\u00bblight\u00a0\u00bb remove_border=\u00a0\u00bboff\u00a0\u00bb global_module=\u00a0\u00bb1036&Prime; \/][\/et_pb_column][\/et_pb_row][\/et_pb_section][et_pb_section bb_built=\u00a0\u00bb1&Prime; fullwidth=\u00a0\u00bboff\u00a0\u00bb specialty=\u00a0\u00bboff\u00a0\u00bb background_image=\u00a0\u00bbhttp:\/\/cdto.ca\/wp-content\/uploads\/mission_overlay.png\u00a0\u00bb custom_css_main_element=\u00a0\u00bb background-position-x: 85%;|| background-size: initial;|| background-position-y: 100%;\u00a0\u00bb background_color=\u00a0\u00bb#4488c8&Prime; _builder_version=\u00a0\u00bb3.0.65&Prime; global_module=\u00a0\u00bb2751&Prime;][et_pb_row global_parent=\u00a0\u00bb2751&Prime; make_fullwidth=\u00a0\u00bbon\u00a0\u00bb use_custom_width=\u00a0\u00bboff\u00a0\u00bb width_unit=\u00a0\u00bbon\u00a0\u00bb use_custom_gutter=\u00a0\u00bboff\u00a0\u00bb allow_player_pause=\u00a0\u00bboff\u00a0\u00bb parallax=\u00a0\u00bboff\u00a0\u00bb parallax_method=\u00a0\u00bbon\u00a0\u00bb make_equal=\u00a0\u00bboff\u00a0\u00bb parallax_1=\u00a0\u00bboff\u00a0\u00bb parallax_method_1=\u00a0\u00bboff\u00a0\u00bb background_position=\u00a0\u00bbtop_left\u00a0\u00bb background_repeat=\u00a0\u00bbrepeat\u00a0\u00bb background_size=\u00a0\u00bbinitial\u00a0\u00bb][et_pb_column type=\u00a0\u00bb4_4&Prime;][et_pb_cta admin_label=\u00a0\u00bbCall To Action-email-list\u00a0\u00bb global_parent=\u00a0\u00bb2751&Prime; title=\u00a0\u00bbPour en savoir plus sur l&rsquo;Ordre des technologistes dentaires de l&rsquo;Ontario:\u00a0\u00bb button_url=\u00a0\u00bbhttps:\/\/cdto.ca\/fr\/nous-contacter\/\u00a0\u00bb url_new_window=\u00a0\u00bboff\u00a0\u00bb button_text=\u00a0\u00bbNous Contacter\u00a0\u00bb use_background_color=\u00a0\u00bboff\u00a0\u00bb background_layout=\u00a0\u00bbdark\u00a0\u00bb border_style=\u00a0\u00bbsolid\u00a0\u00bb custom_button=\u00a0\u00bboff\u00a0\u00bb button_letter_spacing=\u00a0\u00bb0&Prime; button_icon_placement=\u00a0\u00bbright\u00a0\u00bb button_letter_spacing_hover=\u00a0\u00bb0&Prime; background_position=\u00a0\u00bbtop_left\u00a0\u00bb background_repeat=\u00a0\u00bbrepeat\u00a0\u00bb background_size=\u00a0\u00bbinitial\u00a0\u00bb _builder_version=\u00a0\u00bb3.0.65&Prime; \/][\/et_pb_column][\/et_pb_row][\/et_pb_section]<\/p>\n","protected":false},"excerpt":{"rendered":"<p><div class=\"header-content-container center et_pb_text et_pb_module et_pb_bg_layout_dark et_pb_text_align_left et_pb_text_0 et_pb_row et_pb_row_0\"><div class=\"header-content\"><h1>Membres inactifs ou suspendus<\/h1><\/div><\/div> Les membres de l\u2019Ordre qui sont inactifs ou suspendus ne peuvent pas exercer la profession de technologue dentaire. Membres inactifs Les membres de l\u2019Ordre qui d\u00e9tiennent un certificat d\u2019inscription [&hellip;]<\/p>\n","protected":false},"author":1,"featured_media":0,"parent":18608,"menu_order":14,"comment_status":"closed","ping_status":"closed","template":"","meta":{"_et_pb_use_builder":"on","_et_pb_old_content":"","_et_gb_content_width":"","_exactmetrics_skip_tracking":false,"_exactmetrics_sitenote_active":false,"_exactmetrics_sitenote_note":"","_exactmetrics_sitenote_category":0,"_monsterinsights_skip_tracking":false,"_monsterinsights_sitenote_active":false,"_monsterinsights_sitenote_note":"","_monsterinsights_sitenote_category":0,"_mc_calendar":[],"footnotes":""},"class_list":["post-18551","page","type-page","status-publish","hentry"],"_links":{"self":[{"href":"https:\/\/cdto.ca\/fr\/wp-json\/wp\/v2\/pages\/18551"}],"collection":[{"href":"https:\/\/cdto.ca\/fr\/wp-json\/wp\/v2\/pages"}],"about":[{"href":"https:\/\/cdto.ca\/fr\/wp-json\/wp\/v2\/types\/page"}],"author":[{"embeddable":true,"href":"https:\/\/cdto.ca\/fr\/wp-json\/wp\/v2\/users\/1"}],"replies":[{"embeddable":true,"href":"https:\/\/cdto.ca\/fr\/wp-json\/wp\/v2\/comments?post=18551"}],"version-history":[{"count":0,"href":"https:\/\/cdto.ca\/fr\/wp-json\/wp\/v2\/pages\/18551\/revisions"}],"up":[{"embeddable":true,"href":"https:\/\/cdto.ca\/fr\/wp-json\/wp\/v2\/pages\/18608"}],"wp:attachment":[{"href":"https:\/\/cdto.ca\/fr\/wp-json\/wp\/v2\/media?parent=18551"}],"curies":[{"name":"wp","href":"https:\/\/api.w.org\/{rel}","templated":true}]}}