{"id":19460,"date":"2016-06-24T17:13:26","date_gmt":"2016-06-24T21:13:26","guid":{"rendered":"https:\/\/cdto.ca\/a-propos-de-nous\/"},"modified":"2021-09-21T16:29:31","modified_gmt":"2021-09-21T20:29:31","slug":"a-propos-de-nous","status":"publish","type":"page","link":"https:\/\/cdto.ca\/fr\/au-sujet-de-lordre\/a-propos-de-nous\/","title":{"rendered":"\u00c0 propos de nous"},"content":{"rendered":"<p>[et_pb_section fb_built=\u00a0\u00bb1&Prime; fullwidth=\u00a0\u00bbon\u00a0\u00bb _builder_version=\u00a0\u00bb4.4.1&Prime; background_image=\u00a0\u00bbhttps:\/\/cdto.ca\/wp-content\/uploads\/cdto-_0005_ING_19060_71344.jpg\u00a0\u00bb custom_css_main_element=\u00a0\u00bbheight: 250px\u00a0\u00bb global_module=\u00a0\u00bb383&Prime;][et_pb_fullwidth_header title=\u00a0\u00bb@ET-DC@eyJkeW5hbWljIjp0cnVlLCJjb250ZW50IjoicG9zdF90aXRsZSIsInNldHRpbmdzIjp7ImJlZm9yZSI6IiIsImFmdGVyIjoiIn19@\u00a0\u00bb _builder_version=\u00a0\u00bb4.4.1&Prime; _dynamic_attributes=\u00a0\u00bbtitle\u00a0\u00bb title_level=\u00a0\u00bbh2&Prime; title_font=\u00a0\u00bb|700|||||||\u00a0\u00bb title_font_size=\u00a0\u00bb38px\u00a0\u00bb background_color=\u00a0\u00bbrgba(0,0,0,0.35)\u00a0\u00bb custom_margin=\u00a0\u00bb||||false|false\u00a0\u00bb custom_padding=\u00a0\u00bb100px||75px||false|false\u00a0\u00bb][\/et_pb_fullwidth_header][\/et_pb_section][et_pb_section fb_built=\u00a0\u00bb1&Prime; admin_label=\u00a0\u00bbsection\u00a0\u00bb _builder_version=\u00a0\u00bb3.22&Prime;][et_pb_row column_structure=\u00a0\u00bb3_4,1_4&Prime; admin_label=\u00a0\u00bbrow\u00a0\u00bb _builder_version=\u00a0\u00bb3.25&Prime; background_size=\u00a0\u00bbinitial\u00a0\u00bb background_position=\u00a0\u00bbtop_left\u00a0\u00bb background_repeat=\u00a0\u00bbrepeat\u00a0\u00bb][et_pb_column type=\u00a0\u00bb3_4&Prime; _builder_version=\u00a0\u00bb3.25&Prime; custom_padding=\u00a0\u00bb|||\u00a0\u00bb custom_padding__hover=\u00a0\u00bb|||\u00a0\u00bb][et_pb_text admin_label=\u00a0\u00bbtext-who-we-are\u00a0\u00bb _builder_version=\u00a0\u00bb4.9.0&Prime;]L\u2019Ordre des technologues dentaires de l\u2019Ontario est un organisme de r\u00e9glementation qui sert et prot\u00e8ge l\u2019int\u00e9r\u00eat du public en r\u00e9glementant la profession de technologue dentaire. L\u2019Ordre r\u00e9glemente le travail et la responsabilit\u00e9 des technologues dentaires inscrits qui exercent leur profession dans la province de l\u2019Ontario.<\/p>\n<p>&nbsp;<\/p>\n<h3>L\u2019Ordre joue son r\u00f4le en prenant les mesures suivantes:<\/h3>\n<ul>\n<li>\u00c9tablir les exigences d\u2019entr\u00e9e dans la profession.<\/li>\n<li>Assurer la comp\u00e9tence continue et le perfectionnement professionnel des technologues dentaires en exigeant que tous les membres participent au programme d\u2019assurance de la qualit\u00e9.<\/li>\n<li>\u00c9tablir les normes d\u2019exercice de la profession auxquelles doivent satisfaire les technologues dentaires pour assurer des soins de grande qualit\u00e9 et la s\u00e9curit\u00e9 des patients.<\/li>\n<li>S\u2019assurer que les technologues dentaires respectent les normes d\u2019exercice et de conduite par l\u2019entremise de ses proc\u00e9dures relatives au traitement des plaintes, aux mesures disciplinaires et \u00e0 l\u2019aptitude professionnelle.<\/li>\n<li>Tenir un tableau qui informe le public sur les membres actuels et anciens de l\u2019Ordre.<\/li>\n<\/ul>\n<p>Le travail de l\u2019Ordre est r\u00e9gi et dirig\u00e9 par un conseil, dont le travail consiste \u00e0 d\u00e9fendre les int\u00e9r\u00eats du public. Le conseil se compose de technologues dentaires (\u00e9lus par leurs pairs) et de membres du public (nomm\u00e9s par le lieutenant-gouverneur de l\u2019Ontario). Ce sont la Loi de 1991 sur les professions de la sant\u00e9 r\u00e9glement\u00e9es, la Loi de 1991 sur les technologues dentaires et les r\u00e8glements d\u2019application connexes qui donnent \u00e0 l\u2019Ordre son mandat de r\u00e9glementer l\u2019exercice de la profession de technologue dentaire en Ontario. L\u2019Ordre et la conseil rendent compte au ministre de la Sant\u00e9 et des Soins de longue dur\u00e9e.<\/p>\n<p>Underpinning and guiding all that the College does are its Mission, Vision and Values:<\/p>\n<p>&nbsp;<\/p>\n<h3>Mission<\/h3>\n<p>Prot\u00e9ger l\u2019int\u00e9r\u00eat du public en faisant preuve de leadership ainsi qu\u2019en \u00e9tablissant et en appliquant les normes \u00e9thiques et professionnelles que doivent respecter ses membres, les technologues dentaires inscrits de l\u2019Ontario.<\/p>\n<p>&nbsp;<\/p>\n<h3>Vision<\/h3>\n<p>L\u2019Ordre des technologues dentaires de l\u2019Ontario demeure un chef de file dans le secteur de la r\u00e9glementation et les technologues dentaires inscrits sont consid\u00e9r\u00e9s comme partie int\u00e9grante de l\u2019\u00e9quipe de soins bucco-dentaires, inspirant la confiance du public.<\/p>\n<h3><\/h3>\n<h3>Valeurs<\/h3>\n<ul>\n<li><strong>Int\u00e9grit\u00e9<\/strong> \u2014 nous nous acquittons de notre mission avec un professionnalisme qui favorise la confiance, et donne un exemple pour la profession.<\/li>\n<li><strong>Respect et consid\u00e9ration <\/strong>\u2014 nous menons nos affaires en faisant preuve de diligence, d\u2019\u00e9quit\u00e9 et de compassion dans toutes nos interactions.<\/li>\n<li><strong>Transparence et ouverture <\/strong>\u2014nous offrons nos programmes et organisons nos activit\u00e9s en faisant preuve d\u2019ouverture et de mani\u00e8re interactive dans le respect des limites qu\u2019imposent les lois et r\u00e8glements sur la protection de la vie priv\u00e9e.<\/li>\n<li><strong>Communication<\/strong>\u2014 nous valorisons la communication ouverte, honn\u00eate et accessible.<\/li>\n<li><strong>Responsabilit\u00e9<\/strong>\u2014nous \u00e9tablissons et r\u00e9alisons nos objectifs par le travail d\u2019\u00e9quipe et en assumant nos responsabilit\u00e9s collectivement. L\u2019Ordre des technologues dentaires \u00e9value ses activit\u00e9s et insiste sur l\u2019am\u00e9lioration constante de la qualit\u00e9.<\/li>\n<\/ul>\n<h3>Plan strat\u00e9gique<\/h3>\n<p>La planification strat\u00e9gique est un processus dynamique qui permet de veiller \u00e0 ce que le mandat de l\u2019Ordre demeure pertinent, efficace et ancr\u00e9 sur des pratiques exemplaires pour prot\u00e9ger l\u2019int\u00e9r\u00eat du public. Le Conseil a approuv\u00e9 le plan strat\u00e9gique de l\u2019Ordre en septembre 2017. Chaque ann\u00e9e, il \u00e9value les r\u00e9alisations faites jusqu\u2019\u00e0 maintenant et s\u2019assure qu\u2019elles demeurent align\u00e9es sur la mission, la vision et les priorit\u00e9s de l\u2019Ordre. Le plan strat\u00e9gique a \u00e9t\u00e9 revu et mis \u00e0 jour en janvier 2021.<\/p>\n<p><a href=\"https:\/\/cdto.ca\/wp-content\/uploads\/2018-2022-Strategic-Map.pdf\" target=\"_blank\" rel=\"noopener noreferrer\">Sch\u00e9ma de la strat\u00e9gie 2018-2022<\/a><br \/>\n[\/et_pb_text][\/et_pb_column][et_pb_column type=\u00a0\u00bb1_4&Prime; _builder_version=\u00a0\u00bb3.25&Prime; custom_padding=\u00a0\u00bb|||\u00a0\u00bb custom_padding__hover=\u00a0\u00bb|||\u00a0\u00bb][et_pb_sidebar orientation=\u00a0\u00bbright\u00a0\u00bb area=\u00a0\u00bbet_pb_widget_area_5&Prime; admin_label=\u00a0\u00bbmenu-global-sidebar\u00a0\u00bb _builder_version=\u00a0\u00bb4.4.1&Prime; header_font=\u00a0\u00bb||||\u00a0\u00bb body_font=\u00a0\u00bb||||\u00a0\u00bb body_text_color=\u00a0\u00bb#03395e\u00a0\u00bb body_font_size=\u00a0\u00bb17&Prime; body_line_height=\u00a0\u00bb1.3em\u00a0\u00bb body_font_size_tablet=\u00a0\u00bb15&Prime; custom_css_main_element=\u00a0\u00bbborder-style: solid;||border-width: 1px;||border-radius: 13px;||border-color: #03395e;||background:rgba(255,216,2,0.5);||padding-top: 12px;||padding-right: 10px;||padding-bottom: 12px;\u00a0\u00bb custom_css_widget=\u00a0\u00bbmargin-bottom: 0 !important;\u00a0\u00bb global_module=\u00a0\u00bb1466&Prime; saved_tabs=\u00a0\u00bball\u00a0\u00bb][\/et_pb_sidebar][et_pb_sidebar orientation=\u00a0\u00bbright\u00a0\u00bb area=\u00a0\u00bbet_pb_widget_area_1&Prime; admin_label=\u00a0\u00bbmenu-about-the-college\u00a0\u00bb _builder_version=\u00a0\u00bb3.0.105&Prime; header_font=\u00a0\u00bb||||\u00a0\u00bb header_text_color=\u00a0\u00bb#03395e\u00a0\u00bb header_font_size=\u00a0\u00bb16&Prime; header_line_height=\u00a0\u00bb1.2em\u00a0\u00bb body_font=\u00a0\u00bb||||\u00a0\u00bb body_text_color=\u00a0\u00bb#828282&Prime; body_font_size=\u00a0\u00bb15&Prime; body_line_height=\u00a0\u00bb1.3em\u00a0\u00bb custom_css_widget=\u00a0\u00bbmargin-bottom: 0 !important;\u00a0\u00bb global_module=\u00a0\u00bb1034&Prime; saved_tabs=\u00a0\u00bball\u00a0\u00bb][\/et_pb_sidebar][\/et_pb_column][\/et_pb_row][\/et_pb_section][et_pb_section fb_built=\u00a0\u00bb1&Prime; _builder_version=\u00a0\u00bb3.22&Prime; background_color=\u00a0\u00bb#4488c8&Prime; background_image=\u00a0\u00bbhttps:\/\/cdto.ca\/wp-content\/uploads\/mission_overlay.png\u00a0\u00bb custom_css_main_element=\u00a0\u00bb background-position-x: 85%;|| background-size: initial;|| background-position-y: 100%;\u00a0\u00bb transparent_background=\u00a0\u00bboff\u00a0\u00bb make_fullwidth=\u00a0\u00bboff\u00a0\u00bb use_custom_width=\u00a0\u00bboff\u00a0\u00bb width_unit=\u00a0\u00bbon\u00a0\u00bb][et_pb_row module_class=\u00a0\u00bb et_pb_row_fullwidth\u00a0\u00bb _builder_version=\u00a0\u00bb3.25&Prime; background_size=\u00a0\u00bbinitial\u00a0\u00bb background_position=\u00a0\u00bbtop_left\u00a0\u00bb background_repeat=\u00a0\u00bbrepeat\u00a0\u00bb width=\u00a0\u00bb94%\u00a0\u00bb width_tablet=\u00a0\u00bb80%\u00a0\u00bb width_phone=\u00a0\u00bb\u00a0\u00bb width_last_edited=\u00a0\u00bbon|desktop\u00a0\u00bb max_width=\u00a0\u00bb94%\u00a0\u00bb max_width_tablet=\u00a0\u00bb80%\u00a0\u00bb max_width_phone=\u00a0\u00bb\u00a0\u00bb max_width_last_edited=\u00a0\u00bbon|desktop\u00a0\u00bb make_fullwidth=\u00a0\u00bbon\u00a0\u00bb use_custom_width=\u00a0\u00bboff\u00a0\u00bb width_unit=\u00a0\u00bbon\u00a0\u00bb][et_pb_column type=\u00a0\u00bb4_4&Prime; _builder_version=\u00a0\u00bb3.25&Prime; custom_padding=\u00a0\u00bb|||\u00a0\u00bb custom_padding__hover=\u00a0\u00bb|||\u00a0\u00bb][et_pb_cta title=\u00a0\u00bbPour en savoir plus sur l&rsquo;Ordre des technologistes dentaires de l&rsquo;Ontario:\u00a0\u00bb button_url=\u00a0\u00bbhttps:\/\/cdto.ca\/fr\/nous-contacter\/\u00a0\u00bb button_text=\u00a0\u00bbNous Contacter\u00a0\u00bb admin_label=\u00a0\u00bbCall To Action-email-list\u00a0\u00bb _builder_version=\u00a0\u00bb3.16&Prime; use_background_color=\u00a0\u00bboff\u00a0\u00bb background_size=\u00a0\u00bbinitial\u00a0\u00bb background_position=\u00a0\u00bbtop_left\u00a0\u00bb background_repeat=\u00a0\u00bbrepeat\u00a0\u00bb border_style=\u00a0\u00bbsolid\u00a0\u00bb button_letter_spacing_hover=\u00a0\u00bb0&Prime; button_text_size__hover_enabled=\u00a0\u00bboff\u00a0\u00bb button_text_size__hover=\u00a0\u00bbnull\u00a0\u00bb button_one_text_size__hover_enabled=\u00a0\u00bboff\u00a0\u00bb button_one_text_size__hover=\u00a0\u00bbnull\u00a0\u00bb button_two_text_size__hover_enabled=\u00a0\u00bboff\u00a0\u00bb button_two_text_size__hover=\u00a0\u00bbnull\u00a0\u00bb button_text_color__hover_enabled=\u00a0\u00bboff\u00a0\u00bb button_text_color__hover=\u00a0\u00bbnull\u00a0\u00bb button_one_text_color__hover_enabled=\u00a0\u00bboff\u00a0\u00bb button_one_text_color__hover=\u00a0\u00bbnull\u00a0\u00bb button_two_text_color__hover_enabled=\u00a0\u00bboff\u00a0\u00bb button_two_text_color__hover=\u00a0\u00bbnull\u00a0\u00bb button_border_width__hover_enabled=\u00a0\u00bboff\u00a0\u00bb button_border_width__hover=\u00a0\u00bbnull\u00a0\u00bb button_one_border_width__hover_enabled=\u00a0\u00bboff\u00a0\u00bb button_one_border_width__hover=\u00a0\u00bbnull\u00a0\u00bb button_two_border_width__hover_enabled=\u00a0\u00bboff\u00a0\u00bb button_two_border_width__hover=\u00a0\u00bbnull\u00a0\u00bb button_border_color__hover_enabled=\u00a0\u00bboff\u00a0\u00bb button_border_color__hover=\u00a0\u00bbnull\u00a0\u00bb button_one_border_color__hover_enabled=\u00a0\u00bboff\u00a0\u00bb button_one_border_color__hover=\u00a0\u00bbnull\u00a0\u00bb button_two_border_color__hover_enabled=\u00a0\u00bboff\u00a0\u00bb button_two_border_color__hover=\u00a0\u00bbnull\u00a0\u00bb button_border_radius__hover_enabled=\u00a0\u00bboff\u00a0\u00bb button_border_radius__hover=\u00a0\u00bbnull\u00a0\u00bb button_one_border_radius__hover_enabled=\u00a0\u00bboff\u00a0\u00bb button_one_border_radius__hover=\u00a0\u00bbnull\u00a0\u00bb button_two_border_radius__hover_enabled=\u00a0\u00bboff\u00a0\u00bb button_two_border_radius__hover=\u00a0\u00bbnull\u00a0\u00bb button_letter_spacing__hover_enabled=\u00a0\u00bbon\u00a0\u00bb button_letter_spacing__hover=\u00a0\u00bb0&Prime; button_one_letter_spacing__hover_enabled=\u00a0\u00bboff\u00a0\u00bb button_one_letter_spacing__hover=\u00a0\u00bbnull\u00a0\u00bb button_two_letter_spacing__hover_enabled=\u00a0\u00bboff\u00a0\u00bb button_two_letter_spacing__hover=\u00a0\u00bbnull\u00a0\u00bb button_bg_color__hover_enabled=\u00a0\u00bboff\u00a0\u00bb button_bg_color__hover=\u00a0\u00bbnull\u00a0\u00bb button_one_bg_color__hover_enabled=\u00a0\u00bboff\u00a0\u00bb button_one_bg_color__hover=\u00a0\u00bbnull\u00a0\u00bb button_two_bg_color__hover_enabled=\u00a0\u00bboff\u00a0\u00bb button_two_bg_color__hover=\u00a0\u00bbnull\u00a0\u00bb][\/et_pb_cta][\/et_pb_column][\/et_pb_row][\/et_pb_section]<\/p>\n","protected":false},"excerpt":{"rendered":"<p>L\u2019Ordre des technologues dentaires de l\u2019Ontario est un organisme de r\u00e9glementation qui sert et prot\u00e8ge l\u2019int\u00e9r\u00eat du public en r\u00e9glementant la profession de technologue dentaire. L\u2019Ordre r\u00e9glemente le travail et [&hellip;]<\/p>\n","protected":false},"author":1,"featured_media":0,"parent":23299,"menu_order":3,"comment_status":"closed","ping_status":"closed","template":"","meta":{"_et_pb_use_builder":"on","_et_pb_old_content":"","_et_gb_content_width":"","_exactmetrics_skip_tracking":false,"_exactmetrics_sitenote_active":false,"_exactmetrics_sitenote_note":"","_exactmetrics_sitenote_category":0,"_monsterinsights_skip_tracking":false,"_monsterinsights_sitenote_active":false,"_monsterinsights_sitenote_note":"","_monsterinsights_sitenote_category":0,"_mc_calendar":[],"footnotes":""},"class_list":["post-19460","page","type-page","status-publish","hentry"],"_links":{"self":[{"href":"https:\/\/cdto.ca\/fr\/wp-json\/wp\/v2\/pages\/19460"}],"collection":[{"href":"https:\/\/cdto.ca\/fr\/wp-json\/wp\/v2\/pages"}],"about":[{"href":"https:\/\/cdto.ca\/fr\/wp-json\/wp\/v2\/types\/page"}],"author":[{"embeddable":true,"href":"https:\/\/cdto.ca\/fr\/wp-json\/wp\/v2\/users\/1"}],"replies":[{"embeddable":true,"href":"https:\/\/cdto.ca\/fr\/wp-json\/wp\/v2\/comments?post=19460"}],"version-history":[{"count":0,"href":"https:\/\/cdto.ca\/fr\/wp-json\/wp\/v2\/pages\/19460\/revisions"}],"up":[{"embeddable":true,"href":"https:\/\/cdto.ca\/fr\/wp-json\/wp\/v2\/pages\/23299"}],"wp:attachment":[{"href":"https:\/\/cdto.ca\/fr\/wp-json\/wp\/v2\/media?parent=19460"}],"curies":[{"name":"wp","href":"https:\/\/api.w.org\/{rel}","templated":true}]}}