{"id":19487,"date":"2017-04-17T17:44:48","date_gmt":"2017-04-17T21:44:48","guid":{"rendered":"https:\/\/cdto.ca\/publications\/"},"modified":"2021-09-21T16:30:22","modified_gmt":"2021-09-21T20:30:22","slug":"publications","status":"publish","type":"page","link":"https:\/\/cdto.ca\/fr\/au-sujet-de-lordre\/publications\/","title":{"rendered":"Publications"},"content":{"rendered":"<p>[et_pb_section fb_built=\u00a0\u00bb1&Prime; fullwidth=\u00a0\u00bbon\u00a0\u00bb _builder_version=\u00a0\u00bb4.4.1&Prime; background_image=\u00a0\u00bbhttps:\/\/cdto.ca\/wp-content\/uploads\/cdto-_0005_ING_19060_71344.jpg\u00a0\u00bb custom_css_main_element=\u00a0\u00bbheight: 250px\u00a0\u00bb global_module=\u00a0\u00bb383&Prime;][et_pb_fullwidth_header title=\u00a0\u00bb@ET-DC@eyJkeW5hbWljIjp0cnVlLCJjb250ZW50IjoicG9zdF90aXRsZSIsInNldHRpbmdzIjp7ImJlZm9yZSI6IiIsImFmdGVyIjoiIn19@\u00a0\u00bb _builder_version=\u00a0\u00bb4.4.1&Prime; _dynamic_attributes=\u00a0\u00bbtitle\u00a0\u00bb title_level=\u00a0\u00bbh2&Prime; title_font=\u00a0\u00bb|700|||||||\u00a0\u00bb title_font_size=\u00a0\u00bb38px\u00a0\u00bb background_color=\u00a0\u00bbrgba(0,0,0,0.35)\u00a0\u00bb custom_margin=\u00a0\u00bb||||false|false\u00a0\u00bb custom_padding=\u00a0\u00bb100px||75px||false|false\u00a0\u00bb][\/et_pb_fullwidth_header][\/et_pb_section][et_pb_section fb_built=\u00a0\u00bb1&Prime; specialty=\u00a0\u00bbon\u00a0\u00bb _builder_version=\u00a0\u00bb4.9.4&Prime;][et_pb_column type=\u00a0\u00bb3_4&Prime; specialty_columns=\u00a0\u00bb3&Prime; _builder_version=\u00a0\u00bb3.25&Prime; custom_padding=\u00a0\u00bb|||\u00a0\u00bb custom_padding__hover=\u00a0\u00bb|||\u00a0\u00bb][et_pb_row_inner admin_label=\u00a0\u00bbRow\u00a0\u00bb _builder_version=\u00a0\u00bb3.25&Prime; custom_padding=\u00a0\u00bb33.75px|0px|20px|0px\u00a0\u00bb][et_pb_column_inner saved_specialty_column_type=\u00a0\u00bb3_4&Prime; _builder_version=\u00a0\u00bb3.25&Prime; custom_padding=\u00a0\u00bb|||\u00a0\u00bb custom_padding__hover=\u00a0\u00bb|||\u00a0\u00bb][et_pb_text admin_label=\u00a0\u00bbAnnual Reports Title\u00a0\u00bb _builder_version=\u00a0\u00bb3.27.4&Prime;]<\/p>\n<h2>Rapports annuels<\/h2>\n<hr>\n<p>Tous les ordres des professions de la sant\u00e9 r\u00e9glement\u00e9es doivent pr\u00e9senter au ministre des rapports annuels sur leurs activit\u00e9s et leur situation financi\u00e8re.[\/et_pb_text][\/et_pb_column_inner][\/et_pb_row_inner][et_pb_row_inner column_structure=\u00a0\u00bb1_2,1_2&Prime; admin_label=\u00a0\u00bbRow\u00a0\u00bb _builder_version=\u00a0\u00bb3.25&Prime; custom_padding=\u00a0\u00bb0px|0px|0px|0px\u00a0\u00bb][et_pb_column_inner type=\u00a0\u00bb1_2&Prime; saved_specialty_column_type=\u00a0\u00bb3_4&Prime; _builder_version=\u00a0\u00bb3.25&Prime; custom_padding=\u00a0\u00bb|||\u00a0\u00bb custom_padding__hover=\u00a0\u00bb|||\u00a0\u00bb][et_pb_text admin_label=\u00a0\u00bbAnnual Report Column 1&Prime; _builder_version=\u00a0\u00bb4.9.0&Prime;]<\/p>\n<ul>\n<li><a href=\"https:\/\/cdto.ca\/wp-content\/uploads\/CDTO-2019-2020-Annual-Report-Final.pdf\">Rapport annuel 2019-2020<\/a><\/li>\n<li><a href=\"https:\/\/cdto.ca\/wp-content\/uploads\/CDTO-Annual-Report-2018-2019-FINAL-1.pdf\">Rapport annuel 2018-2019<\/a><\/li>\n<li><a href=\"https:\/\/cdto.ca\/wp-content\/uploads\/2017-2018-Annual-Report.pdf\" target=\"_blank\" rel=\"noopener noreferrer\">Rapport annuel 2017-2018<\/a><\/li>\n<li><a href=\"https:\/\/cdto.ca\/wp-content\/uploads\/2016-2017-Annual-Report.pdf\" target=\"_blank\" rel=\"noopener noreferrer\">Rapport annuel 2016-2017<\/a><\/li>\n<li><a href=\"\/wp-content\/uploads\/pdf\/2015-16-Annual-Report.pdf\" target=\"_blank\" rel=\"noopener noreferrer\">Rapport annuel 2015-2016<\/a><\/li>\n<li><a href=\"\/wp-content\/uploads\/pdf\/A6%202014-15_Annual_Report.pdf\" target=\"_blank\" rel=\"noopener noreferrer\">Rapport annuel 2014-2015<\/a><\/li>\n<li><a href=\"\/wp-content\/uploads\/pdf\/A6%202013-14_Annual_Report.pdf\" target=\"_blank\" rel=\"noopener noreferrer\">Rapport annuel 2013-2014<\/a><\/li>\n<li><a href=\"\/wp-content\/uploads\/pdf\/A6%202012-2013_Annual_Report.pdf\" target=\"_blank\" rel=\"noopener noreferrer\">Rapport annuel 2012-2013<\/a><\/li>\n<li><a href=\"\/wp-content\/uploads\/pdf\/A6%202011-2012_Annual_Report.pdf\" target=\"_blank\" rel=\"noopener noreferrer\">Rapport annuel 2011-2012<\/a><\/li>\n<li><a href=\"\/wp-content\/uploads\/pdf\/A6%202010-2011_Annual_Report.pdf\" target=\"_blank\" rel=\"noopener noreferrer\">Rapport annuel 2010-2011<\/a><\/li>\n<\/ul>\n<p>[\/et_pb_text][\/et_pb_column_inner][et_pb_column_inner type=\u00a0\u00bb1_2&Prime; saved_specialty_column_type=\u00a0\u00bb3_4&Prime; _builder_version=\u00a0\u00bb3.25&Prime; custom_padding=\u00a0\u00bb|||\u00a0\u00bb custom_padding__hover=\u00a0\u00bb|||\u00a0\u00bb][et_pb_text admin_label=\u00a0\u00bbAnnual Report Column 2&Prime; _builder_version=\u00a0\u00bb3.27.4&Prime; border_style=\u00a0\u00bbsolid\u00a0\u00bb]<\/p>\n<ul>\n<li><a href=\"\/wp-content\/uploads\/pdf\/A6%202009-2010_Annual_Report.pdf\" target=\"_blank\" rel=\"noopener noreferrer\">Rapport annuel 2009-2010<\/a><\/li>\n<li><a href=\"\/wp-content\/uploads\/pdf\/A6%202008-2009_Annual_Report.pdf\" target=\"_blank\" rel=\"noopener noreferrer\">Rapport annuel 2008-2009<\/a><\/li>\n<li><a href=\"\/wp-content\/uploads\/pdf\/A6%202007-2008_Annual_Report.pdf\" target=\"_blank\" rel=\"noopener noreferrer\">Rapport annuel 2007-2008<\/a><\/li>\n<li><a href=\"\/wp-content\/uploads\/pdf\/A6%202007-2008_Audit_Report.pdf\" target=\"_blank\" rel=\"noopener noreferrer\">Rapport de v\u00e9rification 2007-2008<\/a><\/li>\n<li><a href=\"\/wp-content\/uploads\/pdf\/A6%202006-2007_Annual_Report.pdf\" target=\"_blank\" rel=\"noopener noreferrer\">Rapport annuel 2006-2007<\/a><\/li>\n<li><a href=\"\/wp-content\/uploads\/pdf\/A6%202005-2006_Annual_Report.pdf\" target=\"_blank\" rel=\"noopener noreferrer\">Rapport annuel 2005-2006<\/a><\/li>\n<li><a href=\"\/wp-content\/uploads\/pdf\/A6%202004-05%20Annual%20Report.pdf\" target=\"_blank\" rel=\"noopener noreferrer\">Rapport annuel 2004-2005<\/a><\/li>\n<\/ul>\n<p>[\/et_pb_text][\/et_pb_column_inner][\/et_pb_row_inner][et_pb_row_inner admin_label=\u00a0\u00bbRow\u00a0\u00bb _builder_version=\u00a0\u00bb3.25&Prime; custom_padding=\u00a0\u00bb33.75px|0px|20px|0px\u00a0\u00bb][et_pb_column_inner saved_specialty_column_type=\u00a0\u00bb3_4&Prime; _builder_version=\u00a0\u00bb3.25&Prime; custom_padding=\u00a0\u00bb|||\u00a0\u00bb custom_padding__hover=\u00a0\u00bb|||\u00a0\u00bb][et_pb_text admin_label=\u00a0\u00bbCDTO Newsletter Header\u00a0\u00bb _builder_version=\u00a0\u00bb3.27.4&Prime;]<\/p>\n<h2>Bulletin de l\u2019OTDO<\/h2>\n<hr>\n<p>[\/et_pb_text][et_pb_text admin_label=\u00a0\u00bbBridge-March-2017-Newsletter\u00a0\u00bb _builder_version=\u00a0\u00bb4.9.4&Prime; hover_enabled=\u00a0\u00bb0&Prime; sticky_enabled=\u00a0\u00bb0&Prime;]<\/p>\n<ul>\n<li><a href=\"https:\/\/mailchi.mp\/14017979458e\/the-bridge-spring-4888905\">Bulletin de juin 2021<\/a><\/li>\n<li><a href=\"https:\/\/mailchi.mp\/4d13117c48d4\/the-bridge-spring-2021\">Bulletin de avril 2021<\/a><\/li>\n<li><a href=\"https:\/\/mailchi.mp\/872e229c1216\/bridge-fall-2020-covid-19-update-practising-during-a-pandemic-election-results-more\">Bulletin de novembre 2020<\/a><\/li>\n<li><a href=\"https:\/\/mailchi.mp\/9b7a0609cd20\/cdto-spring-2020-newsletter-registration-renewal-update-professional-development-during-covid-19-and-more-2830758\">Bulletin de juillet 2020<\/a><\/li>\n<li><a href=\"https:\/\/mailchi.mp\/797665e82369\/cdto-spring-2020-newsletter-registration-renewal-update-professional-development-during-covid-19-and-more\"> Bulletin de avril 2020<\/a><\/li>\n<li><a href=\"https:\/\/mailchi.mp\/d3eda0a815db\/the-bridge-2636269\">Bulletin de d\u00e9cembre 2019 <\/a><\/li>\n<li><a href=\"https:\/\/cdto.ca\/wp-content\/uploads\/The-Bridge-Summer-2019-1.pdf\">Bulletin de ao\u00fbt 2019<\/a><\/li>\n<li><a href=\"https:\/\/cdto.ca\/wp-content\/uploads\/The-Bridge-Spring-2018-Edition.pdf\">Bulletin de juin 2018<\/a><\/li>\n<li><a href=\"https:\/\/cdto.ca\/wp-content\/uploads\/Bridge-Newsletter-0817-.pdf\">Bulletin de ao\u00fbt 2017<\/a><\/li>\n<li><a href=\"\/wp-content\/uploads\/pdf\/Bridge-March-2017-Newsletter.pdf\" target=\"_blank\" rel=\"noopener noreferrer\">Bulletin de mars 2017<\/a><\/li>\n<\/ul>\n<p>[\/et_pb_text][et_pb_text admin_label=\u00a0\u00bbFair Registration Practices Reports Header\/Intro\u00a0\u00bb _builder_version=\u00a0\u00bb4.9.4&Prime;]<\/p>\n<h2><\/h2>\n<h2>Rapports sur le Cadre de mesure de la performance de l\u2019Ordre<\/h2>\n<hr>\n<p>Le minist\u00e8re de la Sant\u00e9 a \u00e9labor\u00e9 les cadres de mesure de la performance pour d\u00e9terminer la mesure dans laquelle les ordres des professions de la sant\u00e9 r\u00e9glement\u00e9es de l\u2019Ontario s\u2019acquittent de leur mandat de prot\u00e9ger l\u2019int\u00e9r\u00eat public.<\/p>\n<ul>\n<li><a href=\"https:\/\/cdto.ca\/wp-content\/uploads\/CDTO-CPMF-Reporting-Tool.pdf\">Rapport sur le Cadre de mesure de la performance de 2020<\/a> et <a href=\"https:\/\/cdto.ca\/wp-content\/uploads\/CDTO-Summary-of-CPMF-1.pdf\">Sommaire du Cadre de mesure de la performance de 2020<\/a><\/li>\n<\/ul>\n<p>[\/et_pb_text][\/et_pb_column_inner][\/et_pb_row_inner][et_pb_row_inner admin_label=\u00a0\u00bbRow\u00a0\u00bb _builder_version=\u00a0\u00bb3.25&Prime; custom_padding=\u00a0\u00bb||20px|\u00a0\u00bb][et_pb_column_inner saved_specialty_column_type=\u00a0\u00bb3_4&Prime; _builder_version=\u00a0\u00bb3.25&Prime; custom_padding=\u00a0\u00bb|||\u00a0\u00bb custom_padding__hover=\u00a0\u00bb|||\u00a0\u00bb][et_pb_text admin_label=\u00a0\u00bbFair Registration Practices Reports Header\/Intro\u00a0\u00bb _builder_version=\u00a0\u00bb3.27.4&Prime;]<\/p>\n<h2>Rapports sur les pratiques d\u2019inscription \u00e9quitables<\/h2>\n<hr>\n<p>Le Bureau du commissaire \u00e0 l\u2019\u00e9quit\u00e9 (BCE) a \u00e9t\u00e9 mis sur pied pour surveiller les pratiques d\u2019inscription des ordres de r\u00e9glementation afin d\u2019assurer qu\u2019elles sont transparentes, objectives, impartiales et \u00e9quitables.<\/p>\n<p>Le BCE exige que ces organismes pr\u00e9sentent chaque ann\u00e9e un rapport sur les pratiques d\u2019inscription \u00e9quitables.<br \/>\n[\/et_pb_text][\/et_pb_column_inner][\/et_pb_row_inner][et_pb_row_inner column_structure=\u00a0\u00bb1_2,1_2&Prime; admin_label=\u00a0\u00bbRow\u00a0\u00bb _builder_version=\u00a0\u00bb4.9.4&Prime; custom_padding=\u00a0\u00bb0px||0px|\u00a0\u00bb][et_pb_column_inner type=\u00a0\u00bb1_2&Prime; saved_specialty_column_type=\u00a0\u00bb3_4&Prime; _builder_version=\u00a0\u00bb3.25&Prime; custom_padding=\u00a0\u00bb|||\u00a0\u00bb custom_padding__hover=\u00a0\u00bb|||\u00a0\u00bb][et_pb_text admin_label=\u00a0\u00bbReports Column 1&Prime; _builder_version=\u00a0\u00bb4.9.4&Prime;]<\/p>\n<ul>\n<li><a href=\"https:\/\/cdto.ca\/wp-content\/uploads\/FRP-2020-Form-CDTO-DueApril302021-FINAL-1.pdf\">Rapport de 2020<\/a><\/li>\n<li><a href=\"https:\/\/cdto.ca\/wp-content\/uploads\/CDTO_FRPR2019-website.pdf\">Rapport de 2019<\/a><\/li>\n<li><a href=\"https:\/\/cdto.ca\/wp-content\/uploads\/2018-Fair-Registration-Practices-Report.pdf\" target=\"_blank\" rel=\"noopener noreferrer\">Rapport de 2018<\/a><\/li>\n<li><a href=\"https:\/\/cdto.ca\/wp-content\/uploads\/OFC-Fair-Registration-Practices-Report-Mar-1-2018.pdf\" target=\"_blank\" rel=\"noopener noreferrer\">Rapport de 2017<\/a><\/li>\n<li><a href=\"https:\/\/cdto.ca\/wp-content\/uploads\/CDTO-FPR-2016.pdf\" target=\"_blank\" rel=\"noopener noreferrer\">Rapport de 2016<\/a><\/li>\n<li><a href=\"\/wp-content\/uploads\/pdf\/Fair%20Registration%20Practices%20Annual%20Report%202015.pdf\" target=\"_blank\" rel=\"noopener noreferrer\">Rapport de 2015<\/a><\/li>\n<li><a href=\"\/wp-content\/uploads\/pdf\/Fair%20Registration%20Practices%20Annual%20Report%202014.pdf\" target=\"_blank\" rel=\"noopener noreferrer\">Rapport de 2014<\/a><\/li>\n<li><a href=\"\/wp-content\/uploads\/pdf\/Fair%20Registration%20Practices%20Annual%20Report%202013.pdf\" target=\"_blank\" rel=\"noopener noreferrer\">Rapport de 2013<\/a><\/li>\n<\/ul>\n<p>[\/et_pb_text][\/et_pb_column_inner][et_pb_column_inner type=\u00a0\u00bb1_2&Prime; saved_specialty_column_type=\u00a0\u00bb3_4&Prime; _builder_version=\u00a0\u00bb3.25&Prime; custom_padding=\u00a0\u00bb|||\u00a0\u00bb custom_padding__hover=\u00a0\u00bb|||\u00a0\u00bb][et_pb_text admin_label=\u00a0\u00bbReports Column 2&Prime; _builder_version=\u00a0\u00bb3.27.4&Prime;]<\/p>\n<ul>\n<li><a href=\"\/wp-content\/uploads\/pdf\/Fair%20Registration%20Practices%20Annual%20Report%202012.pdf\" target=\"_blank\" rel=\"noopener noreferrer\">Rapport de 2012<\/a><\/li>\n<li><a href=\"\/wp-content\/uploads\/pdf\/Fair%20Registration%20Practices%20Annual%20Report%202011.pdf\" target=\"_blank\" rel=\"noopener noreferrer\">Rapport de 2011<\/a><\/li>\n<li><a href=\"\/wp-content\/uploads\/pdf\/Fair%20Registration%20Practices%20Annual%20Report%202010.pdf\" target=\"_blank\" rel=\"noopener noreferrer\">Rapport de 2010<\/a><\/li>\n<li><a href=\"\/wp-content\/uploads\/pdf\/Fair%20Registration%20Practices%20Annual%20Report%202009.pdf\" target=\"_blank\" rel=\"noopener noreferrer\">Rapport de 2009<\/a><\/li>\n<li><a href=\"\/wp-content\/uploads\/pdf\/Fair%20Registration%20Practices%20Annual%20Report%202008.pdf\" target=\"_blank\" rel=\"noopener noreferrer\">Rapport de 2008<\/a><\/li>\n<li><a href=\"\/wp-content\/uploads\/pdf\/Fair%20Registration%20Practices%20Annual%20Report%202007.pdf\" target=\"_blank\" rel=\"noopener noreferrer\">Rapport de 2007<\/a><\/li>\n<\/ul>\n<p>[\/et_pb_text][\/et_pb_column_inner][\/et_pb_row_inner][et_pb_row_inner admin_label=\u00a0\u00bbRow\u00a0\u00bb _builder_version=\u00a0\u00bb3.25&Prime;][et_pb_column_inner saved_specialty_column_type=\u00a0\u00bb3_4&Prime; _builder_version=\u00a0\u00bb3.25&Prime; custom_padding=\u00a0\u00bb|||\u00a0\u00bb custom_padding__hover=\u00a0\u00bb|||\u00a0\u00bb][et_pb_text admin_label=\u00a0\u00bbText &#8211; Brochures\u00a0\u00bb _builder_version=\u00a0\u00bb3.27.4&Prime;]<\/p>\n<h2>Brochures<\/h2>\n<hr>\n<p><a href=\"https:\/\/cdto.ca\/wp-content\/uploads\/The-Face-Behind-the-Smile-1.pdf\" target=\"_blank\" rel=\"noopener noreferrer\"><img loading=\"lazy\" decoding=\"async\" class=\"alignnone size-full wp-image-15321\" src=\"https:\/\/cdto.ca\/wp-content\/uploads\/the-face-behind-the-smile.jpg\" alt=\"\" width=\"320\" height=\"247\"><\/a><\/p>\n<ul>\n<li><a href=\"https:\/\/cdto.ca\/wp-content\/uploads\/The-Face-Behind-the-Smile-1.pdf\" target=\"_blank\" rel=\"noopener noreferrer\">Le visage derri\u00e8re le sourire<\/a><\/li>\n<\/ul>\n<p>[\/et_pb_text][\/et_pb_column_inner][\/et_pb_row_inner][\/et_pb_column][et_pb_column type=\u00a0\u00bb1_4&Prime; _builder_version=\u00a0\u00bb3.25&Prime; custom_padding=\u00a0\u00bb|||\u00a0\u00bb custom_padding__hover=\u00a0\u00bb|||\u00a0\u00bb][et_pb_sidebar orientation=\u00a0\u00bbright\u00a0\u00bb area=\u00a0\u00bbet_pb_widget_area_5&Prime; admin_label=\u00a0\u00bbmenu-global-sidebar\u00a0\u00bb _builder_version=\u00a0\u00bb4.4.1&Prime; header_font=\u00a0\u00bb||||\u00a0\u00bb body_font=\u00a0\u00bb||||\u00a0\u00bb body_text_color=\u00a0\u00bb#03395e\u00a0\u00bb body_font_size=\u00a0\u00bb17&Prime; body_line_height=\u00a0\u00bb1.3em\u00a0\u00bb body_font_size_tablet=\u00a0\u00bb15&Prime; custom_css_main_element=\u00a0\u00bbborder-style: solid;||border-width: 1px;||border-radius: 13px;||border-color: #03395e;||background:rgba(255,216,2,0.5);||padding-top: 12px;||padding-right: 10px;||padding-bottom: 12px;\u00a0\u00bb custom_css_widget=\u00a0\u00bbmargin-bottom: 0 !important;\u00a0\u00bb global_module=\u00a0\u00bb1466&Prime; saved_tabs=\u00a0\u00bball\u00a0\u00bb][\/et_pb_sidebar][et_pb_sidebar orientation=\u00a0\u00bbright\u00a0\u00bb area=\u00a0\u00bbet_pb_widget_area_1&Prime; admin_label=\u00a0\u00bbmenu-about-the-college\u00a0\u00bb _builder_version=\u00a0\u00bb3.0.105&Prime; header_font=\u00a0\u00bb||||\u00a0\u00bb header_text_color=\u00a0\u00bb#03395e\u00a0\u00bb header_font_size=\u00a0\u00bb16&Prime; header_line_height=\u00a0\u00bb1.2em\u00a0\u00bb body_font=\u00a0\u00bb||||\u00a0\u00bb body_text_color=\u00a0\u00bb#828282&Prime; body_font_size=\u00a0\u00bb15&Prime; body_line_height=\u00a0\u00bb1.3em\u00a0\u00bb custom_css_widget=\u00a0\u00bbmargin-bottom: 0 !important;\u00a0\u00bb global_module=\u00a0\u00bb1034&Prime; saved_tabs=\u00a0\u00bball\u00a0\u00bb][\/et_pb_sidebar][\/et_pb_column][\/et_pb_section][et_pb_section fb_built=\u00a0\u00bb1&Prime; admin_label=\u00a0\u00bbsection\u00a0\u00bb _builder_version=\u00a0\u00bb3.22&Prime; background_color=\u00a0\u00bb#ffffff\u00a0\u00bb][et_pb_row _builder_version=\u00a0\u00bb3.25&Prime; background_size=\u00a0\u00bbinitial\u00a0\u00bb background_position=\u00a0\u00bbtop_left\u00a0\u00bb background_repeat=\u00a0\u00bbrepeat\u00a0\u00bb][et_pb_column type=\u00a0\u00bb4_4&Prime; _builder_version=\u00a0\u00bb3.25&Prime; custom_padding=\u00a0\u00bb|||\u00a0\u00bb custom_padding__hover=\u00a0\u00bb|||\u00a0\u00bb][et_pb_text disabled_on=\u00a0\u00bbon|on|on\u00a0\u00bb admin_label=\u00a0\u00bbtext-publications-the-advisor\u00a0\u00bb _builder_version=\u00a0\u00bb3.27.4&Prime; background_size=\u00a0\u00bbinitial\u00a0\u00bb background_position=\u00a0\u00bbtop_left\u00a0\u00bb background_repeat=\u00a0\u00bbrepeat\u00a0\u00bb border_style=\u00a0\u00bbsolid\u00a0\u00bb disabled=\u00a0\u00bbon\u00a0\u00bb]<\/p>\n<h4>The Advisor<\/h4>\n<ul>\n<li><a href=\"https:\/\/cdto.ca\/Publications\/Advisor\/ADVISOR_FINAL_Summer%202014.pdf\">\u00c9t\u00e9 2014<\/a><\/li>\n<li><a href=\"https:\/\/cdto.ca\/Publications\/Advisor\/CDTO%20News(Summer12)web.pdf\">\u00c9t\u00e9 2012<\/a><\/li>\n<li><a href=\"https:\/\/cdto.ca\/Publications\/Advisor\/Spring_2012_web.pdf\">Printemps 2012<\/a><\/li>\n<li><a href=\"https:\/\/cdto.ca\/Publications\/Advisor\/Summer_2011_Advisor.pdf\">\u00c9t\u00e9 2011<\/a><\/li>\n<li><a href=\"https:\/\/cdto.ca\/Publications\/Advisor\/1.%20CDTO%20Advisor%20-%20March%202011%20(final).pdf\">Mars 2011<\/a><\/li>\n<li><a href=\"https:\/\/cdto.ca\/Publications\/Advisor\/Dental%20ADVISOR_(Dec_10).pdf\">D\u00e9cembre 2010<\/a><\/li>\n<li><a href=\"https:\/\/cdto.ca\/Publications\/Advisor\/ADVISOR-Sept10.pdf\">Septembre 2010<\/a><\/li>\n<li><a href=\"https:\/\/cdto.ca\/Publications\/Advisor\/CDTO%20Advisor%20-%20June%202010.pdf\">Juin 2010<\/a><\/li>\n<li><a href=\"https:\/\/cdto.ca\/Publications\/Advisor\/THE%20ADVISOR%20(March%202010)%20Web%20version.pdf\">Mars 2010<\/a><\/li>\n<li><a href=\"https:\/\/cdto.ca\/Publications\/Advisor\/Advisor%20dec09-web.indd.pdf\">D\u00e9cembre 2009<\/a><\/li>\n<li><a href=\"https:\/\/cdto.ca\/Publications\/Advisor\/Dental%20ADVISOR_September_09%20(web).pdf\">Septembre 2009<\/a><\/li>\n<li><a href=\"https:\/\/cdto.ca\/Publications\/Advisor\/Advisor%20(Vol%2014%20Is%202%20June09).pdf\">Juin 2009<\/a><\/li>\n<li><a href=\"https:\/\/cdto.ca\/Publications\/Advisor\/Dental%20ADVISOR%20(March%2009).pdf\">Mars 2009<\/a><\/li>\n<li><a href=\"https:\/\/cdto.ca\/Publications\/Advisor\/Dental%20ADVISOR%20(Dec08)%20indd.pdf\">D\u00e9cembre 2008<\/a><\/li>\n<li><a href=\"https:\/\/cdto.ca\/Publications\/Advisor\/Dental%20ADVISOR%20(JUNE%2008)%20indd.pdf\">Juin 2008<\/a><\/li>\n<li><a href=\"https:\/\/cdto.ca\/Publications\/Advisor\/Dental%20ADVISOR%20(Mar08)%20indd.pdf\">Mars 2008<\/a><\/li>\n<\/ul>\n<p>[\/et_pb_text][\/et_pb_column][\/et_pb_row][\/et_pb_section][et_pb_section fb_built=\u00a0\u00bb1&Prime; custom_padding_last_edited=\u00a0\u00bbon|desktop\u00a0\u00bb _builder_version=\u00a0\u00bb4.0.11&Prime; background_color=\u00a0\u00bbrgba(255,216,2,0.5)\u00a0\u00bb background_image=\u00a0\u00bbhttps:\/\/cdto.ca\/wp-content\/uploads\/mission_overlay.png\u00a0\u00bb custom_padding=\u00a0\u00bb4px||27px|||\u00a0\u00bb custom_padding_tablet=\u00a0\u00bb50px|0|50px|0&Prime; custom_padding_phone=\u00a0\u00bb\u00a0\u00bb custom_css_main_element=\u00a0\u00bb background-position-x: 85%;|| background-size: initial;|| background-position-y: 100%;\u00a0\u00bb global_module=\u00a0\u00bb2751&Prime;][et_pb_row module_class=\u00a0\u00bb et_pb_row_fullwidth\u00a0\u00bb _builder_version=\u00a0\u00bb3.25&Prime; background_size=\u00a0\u00bbinitial\u00a0\u00bb background_position=\u00a0\u00bbtop_left\u00a0\u00bb background_repeat=\u00a0\u00bbrepeat\u00a0\u00bb width=\u00a0\u00bb94%\u00a0\u00bb width_tablet=\u00a0\u00bb80%\u00a0\u00bb width_phone=\u00a0\u00bb\u00a0\u00bb width_last_edited=\u00a0\u00bbon|desktop\u00a0\u00bb max_width=\u00a0\u00bb94%\u00a0\u00bb max_width_tablet=\u00a0\u00bb80%\u00a0\u00bb max_width_phone=\u00a0\u00bb\u00a0\u00bb max_width_last_edited=\u00a0\u00bbon|desktop\u00a0\u00bb make_fullwidth=\u00a0\u00bbon\u00a0\u00bb use_custom_width=\u00a0\u00bboff\u00a0\u00bb width_unit=\u00a0\u00bbon\u00a0\u00bb][et_pb_column type=\u00a0\u00bb4_4&Prime; _builder_version=\u00a0\u00bb3.25&Prime; custom_padding=\u00a0\u00bb|||\u00a0\u00bb custom_padding__hover=\u00a0\u00bb|||\u00a0\u00bb][et_pb_cta title=\u00a0\u00bbPour en savoir plus sur l&rsquo;Ordre des technologistes dentaires de l&rsquo;Ontario:\u00a0\u00bb button_url=\u00a0\u00bbhttps:\/\/cdto.ca\/fr\/nous-contacter\/\u00a0\u00bb button_text=\u00a0\u00bbNous Contacter\u00a0\u00bb admin_label=\u00a0\u00bbCall To Action-email-list\u00a0\u00bb _builder_version=\u00a0\u00bb4.0.11&Prime; header_font_size=\u00a0\u00bb27px\u00a0\u00bb use_background_color=\u00a0\u00bboff\u00a0\u00bb background_size=\u00a0\u00bbinitial\u00a0\u00bb background_position=\u00a0\u00bbtop_left\u00a0\u00bb background_repeat=\u00a0\u00bbrepeat\u00a0\u00bb custom_button=\u00a0\u00bbon\u00a0\u00bb button_text_color=\u00a0\u00bb#4488c8&Prime; background_layout=\u00a0\u00bblight\u00a0\u00bb button_text_size__hover_enabled=\u00a0\u00bboff\u00a0\u00bb button_text_size__hover=\u00a0\u00bbnull\u00a0\u00bb button_one_text_size__hover_enabled=\u00a0\u00bboff\u00a0\u00bb button_one_text_size__hover=\u00a0\u00bbnull\u00a0\u00bb button_two_text_size__hover_enabled=\u00a0\u00bboff\u00a0\u00bb button_two_text_size__hover=\u00a0\u00bbnull\u00a0\u00bb button_text_color__hover_enabled=\u00a0\u00bboff\u00a0\u00bb button_text_color__hover=\u00a0\u00bbnull\u00a0\u00bb button_one_text_color__hover_enabled=\u00a0\u00bboff\u00a0\u00bb button_one_text_color__hover=\u00a0\u00bbnull\u00a0\u00bb button_two_text_color__hover_enabled=\u00a0\u00bboff\u00a0\u00bb button_two_text_color__hover=\u00a0\u00bbnull\u00a0\u00bb button_border_width__hover_enabled=\u00a0\u00bboff\u00a0\u00bb button_border_width__hover=\u00a0\u00bbnull\u00a0\u00bb button_one_border_width__hover_enabled=\u00a0\u00bboff\u00a0\u00bb button_one_border_width__hover=\u00a0\u00bbnull\u00a0\u00bb button_two_border_width__hover_enabled=\u00a0\u00bboff\u00a0\u00bb button_two_border_width__hover=\u00a0\u00bbnull\u00a0\u00bb button_border_color__hover_enabled=\u00a0\u00bboff\u00a0\u00bb button_border_color__hover=\u00a0\u00bbnull\u00a0\u00bb button_one_border_color__hover_enabled=\u00a0\u00bboff\u00a0\u00bb button_one_border_color__hover=\u00a0\u00bbnull\u00a0\u00bb button_two_border_color__hover_enabled=\u00a0\u00bboff\u00a0\u00bb button_two_border_color__hover=\u00a0\u00bbnull\u00a0\u00bb button_border_radius__hover_enabled=\u00a0\u00bboff\u00a0\u00bb button_border_radius__hover=\u00a0\u00bbnull\u00a0\u00bb button_one_border_radius__hover_enabled=\u00a0\u00bboff\u00a0\u00bb button_one_border_radius__hover=\u00a0\u00bbnull\u00a0\u00bb button_two_border_radius__hover_enabled=\u00a0\u00bboff\u00a0\u00bb button_two_border_radius__hover=\u00a0\u00bbnull\u00a0\u00bb button_letter_spacing__hover_enabled=\u00a0\u00bboff\u00a0\u00bb button_letter_spacing__hover=\u00a0\u00bbnull\u00a0\u00bb button_one_letter_spacing__hover_enabled=\u00a0\u00bboff\u00a0\u00bb button_one_letter_spacing__hover=\u00a0\u00bbnull\u00a0\u00bb button_two_letter_spacing__hover_enabled=\u00a0\u00bboff\u00a0\u00bb button_two_letter_spacing__hover=\u00a0\u00bbnull\u00a0\u00bb button_bg_color__hover_enabled=\u00a0\u00bboff\u00a0\u00bb button_bg_color__hover=\u00a0\u00bbnull\u00a0\u00bb button_one_bg_color__hover_enabled=\u00a0\u00bboff\u00a0\u00bb button_one_bg_color__hover=\u00a0\u00bbnull\u00a0\u00bb button_two_bg_color__hover_enabled=\u00a0\u00bboff\u00a0\u00bb button_two_bg_color__hover=\u00a0\u00bbnull\u00a0\u00bb][\/et_pb_cta][\/et_pb_column][\/et_pb_row][\/et_pb_section]<\/p>\n","protected":false},"excerpt":{"rendered":"<p>Rapports annuels Tous les ordres des professions de la sant\u00e9 r\u00e9glement\u00e9es doivent pr\u00e9senter au ministre des rapports annuels sur leurs activit\u00e9s et leur situation financi\u00e8re. Rapport annuel 2019-2020 Rapport annuel [&hellip;]<\/p>\n","protected":false},"author":1,"featured_media":0,"parent":23299,"menu_order":15,"comment_status":"closed","ping_status":"closed","template":"","meta":{"_et_pb_use_builder":"on","_et_pb_old_content":"","_et_gb_content_width":"","_exactmetrics_skip_tracking":false,"_exactmetrics_sitenote_active":false,"_exactmetrics_sitenote_note":"","_exactmetrics_sitenote_category":0,"_monsterinsights_skip_tracking":false,"_monsterinsights_sitenote_active":false,"_monsterinsights_sitenote_note":"","_monsterinsights_sitenote_category":0,"_mc_calendar":[],"footnotes":""},"class_list":["post-19487","page","type-page","status-publish","hentry"],"_links":{"self":[{"href":"https:\/\/cdto.ca\/fr\/wp-json\/wp\/v2\/pages\/19487"}],"collection":[{"href":"https:\/\/cdto.ca\/fr\/wp-json\/wp\/v2\/pages"}],"about":[{"href":"https:\/\/cdto.ca\/fr\/wp-json\/wp\/v2\/types\/page"}],"author":[{"embeddable":true,"href":"https:\/\/cdto.ca\/fr\/wp-json\/wp\/v2\/users\/1"}],"replies":[{"embeddable":true,"href":"https:\/\/cdto.ca\/fr\/wp-json\/wp\/v2\/comments?post=19487"}],"version-history":[{"count":0,"href":"https:\/\/cdto.ca\/fr\/wp-json\/wp\/v2\/pages\/19487\/revisions"}],"up":[{"embeddable":true,"href":"https:\/\/cdto.ca\/fr\/wp-json\/wp\/v2\/pages\/23299"}],"wp:attachment":[{"href":"https:\/\/cdto.ca\/fr\/wp-json\/wp\/v2\/media?parent=19487"}],"curies":[{"name":"wp","href":"https:\/\/api.w.org\/{rel}","templated":true}]}}