{"id":19515,"date":"2017-01-26T15:01:25","date_gmt":"2017-01-26T20:01:25","guid":{"rendered":"https:\/\/cdto.ca\/la-profession-de-technologue-dentaire\/competences-normes-et-avis\/"},"modified":"2021-09-21T16:29:48","modified_gmt":"2021-09-21T20:29:48","slug":"competences-normes-et-avis","status":"publish","type":"page","link":"https:\/\/cdto.ca\/fr\/la-profession-de-technologue-dentaire\/competences-normes-et-avis\/","title":{"rendered":"Comp\u00e9tences, normes et avis"},"content":{"rendered":"<p>[et_pb_section fb_built=\u00a0\u00bb1&Prime; fullwidth=\u00a0\u00bbon\u00a0\u00bb custom_padding_last_edited=\u00a0\u00bbon|desktop\u00a0\u00bb _builder_version=\u00a0\u00bb4.4.1&Prime; background_image=\u00a0\u00bbhttps:\/\/cdto.ca\/wp-content\/uploads\/cdto-_0004_ING_19077_04941.jpg\u00a0\u00bb custom_padding_tablet=\u00a0\u00bb50px|0|50px|0&Prime; custom_padding_phone=\u00a0\u00bb\u00a0\u00bb global_module=\u00a0\u00bb370&Prime;][et_pb_fullwidth_header title=\u00a0\u00bb@ET-DC@eyJkeW5hbWljIjp0cnVlLCJjb250ZW50IjoicG9zdF90aXRsZSIsInNldHRpbmdzIjp7ImJlZm9yZSI6IiIsImFmdGVyIjoiIn19@\u00a0\u00bb _builder_version=\u00a0\u00bb4.4.1&Prime; _dynamic_attributes=\u00a0\u00bbtitle\u00a0\u00bb title_level=\u00a0\u00bbh2&Prime; title_font=\u00a0\u00bb|700|||||||\u00a0\u00bb title_font_size=\u00a0\u00bb38px\u00a0\u00bb title_line_height=\u00a0\u00bb1.1em\u00a0\u00bb background_color=\u00a0\u00bbrgba(0,0,0,0.35)\u00a0\u00bb][\/et_pb_fullwidth_header][\/et_pb_section][et_pb_section fb_built=\u00a0\u00bb1&Prime; custom_padding_last_edited=\u00a0\u00bbon|desktop\u00a0\u00bb admin_label=\u00a0\u00bbsection\u00a0\u00bb _builder_version=\u00a0\u00bb3.22&Prime; custom_padding_tablet=\u00a0\u00bb50px|0|50px|0&Prime; custom_padding_phone=\u00a0\u00bb\u00a0\u00bb transparent_background=\u00a0\u00bboff\u00a0\u00bb][et_pb_row column_structure=\u00a0\u00bb3_4,1_4&Prime; admin_label=\u00a0\u00bbrow\u00a0\u00bb _builder_version=\u00a0\u00bb3.25&Prime; background_size=\u00a0\u00bbinitial\u00a0\u00bb background_position=\u00a0\u00bbtop_left\u00a0\u00bb background_repeat=\u00a0\u00bbrepeat\u00a0\u00bb][et_pb_column type=\u00a0\u00bb3_4&Prime; _builder_version=\u00a0\u00bb3.25&Prime; custom_padding=\u00a0\u00bb|||\u00a0\u00bb custom_padding__hover=\u00a0\u00bb|||\u00a0\u00bb][et_pb_text admin_label=\u00a0\u00bbtext-standards-and-guidelines\u00a0\u00bb _builder_version=\u00a0\u00bb4.9.0&Prime; module_alignment=\u00a0\u00bbleft\u00a0\u00bb]<\/p>\n<p>Les normes d\u2019exercice de la profession \u00e9noncent les attentes professionnelles auxquelles doivent satisfaire les technologues dentaires. Elles comprennent les connaissances, les comp\u00e9tences et le jugement de base requis pour exercer la profession en toute s\u00e9curit\u00e9 et fournir un service de qualit\u00e9 au public. Les normes sont \u00e9tablies par l\u2019Ordre des technologues dentaires de l\u2019Ontario et tous les technologues dentaires inscrits doivent les respecter. Pour aider les membres \u00e0 se conformer aux normes, l\u2019Ordre publie des lignes directrices qui expliquent comment une ou un technologue dentaire inscrit peut appliquer les normes dans l\u2019exercice de sa profession.<\/p>\n<p>Les normes d\u2019exercice de la profession favorisent \u00e9galement le maintien de la comp\u00e9tence des professionnels de la sant\u00e9 autor\u00e9glement\u00e9s en aidant les membres \u00e0 profiter des occasions d\u2019am\u00e9liorer la qualit\u00e9.<\/p>\n<h3>Raison d\u2019\u00eatre des normes d\u2019exercice de la profession?<\/h3>\n<p>Les normes d\u2019exercice de la profession sont essentielles \u00e0 l\u2019autor\u00e9glementation parce qu\u2019elles t\u00e9moignent de ce qui constitue une fa\u00e7on acceptable d\u2019exercer la profession, selon les technologues dentaires, pour servir et prot\u00e9ger l\u2019int\u00e9r\u00eat du public. Elles \u00e9noncent les exigences minimales auxquelles les technologues dentaires doivent satisfaire pour fournir des soins de fa\u00e7on s\u00fbre et \u00e9thique, et avec comp\u00e9tence. En outre, elles repr\u00e9sentent un moyen que l\u2019organisme de r\u00e9glementation peut utiliser pour demander des comptes \u00e0 ses membres s\u2019ils ne satisfont pas \u00e0 ces exigences.<\/p>\n<h3>Normes d\u2019exercice de la profession et lignes directrices<\/h3>\n<p><a href=\"https:\/\/cdto.ca\/wp-content\/uploads\/Introduction-to-Standards-of-Practice.pdf\" target=\"_blank\" rel=\"noopener noreferrer\">Introduction aux normes d\u2019exercice de la profession<\/a><br \/><a href=\"\/wp-content\/uploads\/pdf\/SOP%20full_dentures.pdf\" target=\"_blank\" rel=\"noopener noreferrer\">Proth\u00e8ses compl\u00e8tes<\/a><br \/><a href=\"\/wp-content\/uploads\/pdf\/SOP%20partial_dentures.pdf\" target=\"_blank\" rel=\"noopener noreferrer\">Proth\u00e8ses partielles<\/a><br \/><a href=\"\/wp-content\/uploads\/pdf\/SOP%20crown_bridge.pdf\" target=\"_blank\" rel=\"noopener noreferrer\">Couronne et proth\u00e8se partielle fixe<\/a><br \/><a href=\"\/wp-content\/uploads\/pdf\/SOP%20Implants.pdf\" target=\"_blank\" rel=\"noopener noreferrer\">Implants<\/a><br \/><a href=\"\/wp-content\/uploads\/pdf\/SOP%20Orthodontics.pdf\" target=\"_blank\" rel=\"noopener noreferrer\">Orthodontie<\/a><br \/><a href=\"\/wp-content\/uploads\/pdf\/SOP%20laboratory_supervision_standards2003.pdf\" target=\"_blank\" rel=\"noopener noreferrer\">Supervision de laboratoire<\/a><br \/><a href=\"https:\/\/cdto.ca\/wp-content\/uploads\/Infection-Prevention-and-Control-Standard.pdf\" target=\"_blank\" rel=\"noopener noreferrer\">Pr\u00e9vention et contr\u00f4le des infections<\/a><br \/><a href=\"https:\/\/cdto.ca\/wp-content\/uploads\/Return-to-Practice-Guidance-for-RDTs-v2.pdf\">Conseils \u00e0 l\u2019intention des t.d. pour la reprise des activit\u00e9s<\/a><\/p>\n<h3>Avis sur l\u2019exercice de la profession<\/h3>\n<p><a href=\"https:\/\/cdto.ca\/wp-content\/uploads\/Conflict-of-Interest-Practice-Advisory.pdf\" target=\"_blank\" rel=\"noopener noreferrer\">Conflit d\u2019int\u00e9r\u00eats<\/a><br \/><a href=\"https:\/\/cdto.ca\/wp-content\/uploads\/Display-of-General-Registration-Wall-Certificate-Practice-Advisory.pdf\" target=\"_blank\" rel=\"noopener noreferrer\">Affichage du certificat<\/a><br \/><a href=\"https:\/\/cdto.ca\/wp-content\/uploads\/Electronic-Use-of-Stamp-Practice-Advisory.pdf\" target=\"_blank\" rel=\"noopener noreferrer\">Utilisation \u00e9lectronique du sceau<\/a><br \/><a href=\"https:\/\/cdto.ca\/wp-content\/uploads\/Administrative-Suspension-of-RDTs.pdf\" target=\"_blank\" rel=\"noopener noreferrer\">Suspension administrative de technologues dentaires<\/a><\/p>\n<h3>Les comp\u00e9tences nationales essentielles<\/h3>\n<p><a href=\"https:\/\/cdto.ca\/wp-content\/uploads\/national_essential_competencies_for_dental_technology_practice_in_canada-_final.pdf\">Comp\u00e9tences nationales essentielles pour l\u2019exercice de la technologie\/technique dentaire au Canada, 2019<\/a>(<a href=\"https:\/\/cdto.ca\/wp-content\/uploads\/Master-Blueprint-National-Essential-Entry-to-Practice-Competencies_French_Final-1.pdf\">Fran\u00e7ais <\/a>)<\/p>\n<p>Les comp\u00e9tences essentielles ont \u00e9t\u00e9 adopt\u00e9es par l\u2019Ordre des technologues dentaires de l\u2019Ontario en 2019 ainsi que dans d\u2019autres provinces : Alberta (CDTA), Saskatchewan (DTAS), Nouvelle-\u00c9cosse (NSDTA), Colombie-Britannique (CDTBC) et Qu\u00e9bec (OTTDQ). Ce document remplace le profil de comp\u00e9tences adopt\u00e9 par l\u2019OTDO en 2011.<\/p>\n<p>En cas de divergence entre le document sur les comp\u00e9tences nationales essentielles et l\u2019exercice de la profession de technologue dentaire au sens de l\u2019organe de r\u00e9glementation dans un territoire de comp\u00e9tence donn\u00e9, les exigences ou les limites du territoire de comp\u00e9tence ont pr\u00e9s\u00e9ance.<\/p>\n<p>&nbsp;<\/p>\n<p>[\/et_pb_text][\/et_pb_column][et_pb_column type=\u00a0\u00bb1_4&Prime; _builder_version=\u00a0\u00bb3.25&Prime; custom_padding=\u00a0\u00bb|||\u00a0\u00bb custom_padding__hover=\u00a0\u00bb|||\u00a0\u00bb][et_pb_sidebar orientation=\u00a0\u00bbright\u00a0\u00bb area=\u00a0\u00bbet_pb_widget_area_5&Prime; admin_label=\u00a0\u00bbmenu-global-sidebar\u00a0\u00bb _builder_version=\u00a0\u00bb4.4.1&Prime; header_font=\u00a0\u00bb||||\u00a0\u00bb body_font=\u00a0\u00bb||||\u00a0\u00bb body_text_color=\u00a0\u00bb#03395e\u00a0\u00bb body_font_size=\u00a0\u00bb17&Prime; body_line_height=\u00a0\u00bb1.3em\u00a0\u00bb body_font_size_tablet=\u00a0\u00bb15&Prime; custom_css_main_element=\u00a0\u00bbborder-style: solid;||border-width: 1px;||border-radius: 13px;||border-color: #03395e;||background:rgba(255,216,2,0.5);||padding-top: 12px;||padding-right: 10px;||padding-bottom: 12px;\u00a0\u00bb custom_css_widget=\u00a0\u00bbmargin-bottom: 0 !important;\u00a0\u00bb remove_border=\u00a0\u00bboff\u00a0\u00bb global_module=\u00a0\u00bb1466&Prime; saved_tabs=\u00a0\u00bball\u00a0\u00bb][\/et_pb_sidebar][et_pb_sidebar orientation=\u00a0\u00bbright\u00a0\u00bb area=\u00a0\u00bbet_pb_widget_area_7&Prime; admin_label=\u00a0\u00bbmenu-about-the-profession\u00a0\u00bb _builder_version=\u00a0\u00bb3.0.74&Prime; body_text_color=\u00a0\u00bb#828282&Prime; body_font_size=\u00a0\u00bb15&Prime; body_line_height=\u00a0\u00bb1.3em\u00a0\u00bb custom_css_widget=\u00a0\u00bbmargin-bottom: 0 !important;\u00a0\u00bb remove_border=\u00a0\u00bboff\u00a0\u00bb global_module=\u00a0\u00bb1495&Prime; saved_tabs=\u00a0\u00bball\u00a0\u00bb][\/et_pb_sidebar][\/et_pb_column][\/et_pb_row][\/et_pb_section][et_pb_section fb_built=\u00a0\u00bb1&Prime; custom_padding_last_edited=\u00a0\u00bbon|desktop\u00a0\u00bb _builder_version=\u00a0\u00bb4.0.11&Prime; background_color=\u00a0\u00bbrgba(255,216,2,0.5)\u00a0\u00bb background_image=\u00a0\u00bbhttps:\/\/cdto.ca\/wp-content\/uploads\/mission_overlay.png\u00a0\u00bb custom_padding=\u00a0\u00bb4px||27px|||\u00a0\u00bb custom_padding_tablet=\u00a0\u00bb50px|0|50px|0&Prime; custom_padding_phone=\u00a0\u00bb\u00a0\u00bb custom_css_main_element=\u00a0\u00bb background-position-x: 85%;|| background-size: initial;|| background-position-y: 100%;\u00a0\u00bb global_module=\u00a0\u00bb2751&Prime;][et_pb_row module_class=\u00a0\u00bb et_pb_row_fullwidth\u00a0\u00bb _builder_version=\u00a0\u00bb3.25&Prime; background_size=\u00a0\u00bbinitial\u00a0\u00bb background_position=\u00a0\u00bbtop_left\u00a0\u00bb background_repeat=\u00a0\u00bbrepeat\u00a0\u00bb width=\u00a0\u00bb94%\u00a0\u00bb width_tablet=\u00a0\u00bb80%\u00a0\u00bb width_phone=\u00a0\u00bb\u00a0\u00bb width_last_edited=\u00a0\u00bbon|desktop\u00a0\u00bb max_width=\u00a0\u00bb94%\u00a0\u00bb max_width_tablet=\u00a0\u00bb80%\u00a0\u00bb max_width_phone=\u00a0\u00bb\u00a0\u00bb max_width_last_edited=\u00a0\u00bbon|desktop\u00a0\u00bb make_fullwidth=\u00a0\u00bbon\u00a0\u00bb use_custom_width=\u00a0\u00bboff\u00a0\u00bb width_unit=\u00a0\u00bbon\u00a0\u00bb][et_pb_column type=\u00a0\u00bb4_4&Prime; _builder_version=\u00a0\u00bb3.25&Prime; custom_padding=\u00a0\u00bb|||\u00a0\u00bb custom_padding__hover=\u00a0\u00bb|||\u00a0\u00bb][et_pb_cta title=\u00a0\u00bbPour en savoir plus sur l&rsquo;Ordre des technologistes dentaires de l&rsquo;Ontario:\u00a0\u00bb button_url=\u00a0\u00bbhttps:\/\/cdto.ca\/fr\/nous-contacter\/\u00a0\u00bb button_text=\u00a0\u00bbNous Contacter\u00a0\u00bb admin_label=\u00a0\u00bbCall To Action-email-list\u00a0\u00bb _builder_version=\u00a0\u00bb4.0.11&Prime; header_font_size=\u00a0\u00bb27px\u00a0\u00bb use_background_color=\u00a0\u00bboff\u00a0\u00bb background_size=\u00a0\u00bbinitial\u00a0\u00bb background_position=\u00a0\u00bbtop_left\u00a0\u00bb background_repeat=\u00a0\u00bbrepeat\u00a0\u00bb custom_button=\u00a0\u00bbon\u00a0\u00bb button_text_color=\u00a0\u00bb#4488c8&Prime; background_layout=\u00a0\u00bblight\u00a0\u00bb button_text_size__hover_enabled=\u00a0\u00bboff\u00a0\u00bb button_text_size__hover=\u00a0\u00bbnull\u00a0\u00bb button_one_text_size__hover_enabled=\u00a0\u00bboff\u00a0\u00bb button_one_text_size__hover=\u00a0\u00bbnull\u00a0\u00bb button_two_text_size__hover_enabled=\u00a0\u00bboff\u00a0\u00bb button_two_text_size__hover=\u00a0\u00bbnull\u00a0\u00bb button_text_color__hover_enabled=\u00a0\u00bboff\u00a0\u00bb button_text_color__hover=\u00a0\u00bbnull\u00a0\u00bb button_one_text_color__hover_enabled=\u00a0\u00bboff\u00a0\u00bb button_one_text_color__hover=\u00a0\u00bbnull\u00a0\u00bb button_two_text_color__hover_enabled=\u00a0\u00bboff\u00a0\u00bb button_two_text_color__hover=\u00a0\u00bbnull\u00a0\u00bb button_border_width__hover_enabled=\u00a0\u00bboff\u00a0\u00bb button_border_width__hover=\u00a0\u00bbnull\u00a0\u00bb button_one_border_width__hover_enabled=\u00a0\u00bboff\u00a0\u00bb button_one_border_width__hover=\u00a0\u00bbnull\u00a0\u00bb button_two_border_width__hover_enabled=\u00a0\u00bboff\u00a0\u00bb button_two_border_width__hover=\u00a0\u00bbnull\u00a0\u00bb button_border_color__hover_enabled=\u00a0\u00bboff\u00a0\u00bb button_border_color__hover=\u00a0\u00bbnull\u00a0\u00bb button_one_border_color__hover_enabled=\u00a0\u00bboff\u00a0\u00bb button_one_border_color__hover=\u00a0\u00bbnull\u00a0\u00bb button_two_border_color__hover_enabled=\u00a0\u00bboff\u00a0\u00bb button_two_border_color__hover=\u00a0\u00bbnull\u00a0\u00bb button_border_radius__hover_enabled=\u00a0\u00bboff\u00a0\u00bb button_border_radius__hover=\u00a0\u00bbnull\u00a0\u00bb button_one_border_radius__hover_enabled=\u00a0\u00bboff\u00a0\u00bb button_one_border_radius__hover=\u00a0\u00bbnull\u00a0\u00bb button_two_border_radius__hover_enabled=\u00a0\u00bboff\u00a0\u00bb button_two_border_radius__hover=\u00a0\u00bbnull\u00a0\u00bb button_letter_spacing__hover_enabled=\u00a0\u00bboff\u00a0\u00bb button_letter_spacing__hover=\u00a0\u00bbnull\u00a0\u00bb button_one_letter_spacing__hover_enabled=\u00a0\u00bboff\u00a0\u00bb button_one_letter_spacing__hover=\u00a0\u00bbnull\u00a0\u00bb button_two_letter_spacing__hover_enabled=\u00a0\u00bboff\u00a0\u00bb button_two_letter_spacing__hover=\u00a0\u00bbnull\u00a0\u00bb button_bg_color__hover_enabled=\u00a0\u00bboff\u00a0\u00bb button_bg_color__hover=\u00a0\u00bbnull\u00a0\u00bb button_one_bg_color__hover_enabled=\u00a0\u00bboff\u00a0\u00bb button_one_bg_color__hover=\u00a0\u00bbnull\u00a0\u00bb button_two_bg_color__hover_enabled=\u00a0\u00bboff\u00a0\u00bb button_two_bg_color__hover=\u00a0\u00bbnull\u00a0\u00bb][\/et_pb_cta][\/et_pb_column][\/et_pb_row][\/et_pb_section]<\/p>\n","protected":false},"excerpt":{"rendered":"<p>Les normes d\u2019exercice de la profession \u00e9noncent les attentes professionnelles auxquelles doivent satisfaire les technologues dentaires. Elles comprennent les connaissances, les comp\u00e9tences et le jugement de base requis pour exercer [&hellip;]<\/p>\n","protected":false},"author":1,"featured_media":0,"parent":18596,"menu_order":0,"comment_status":"closed","ping_status":"closed","template":"","meta":{"_et_pb_use_builder":"on","_et_pb_old_content":"","_et_gb_content_width":"","_exactmetrics_skip_tracking":false,"_exactmetrics_sitenote_active":false,"_exactmetrics_sitenote_note":"","_exactmetrics_sitenote_category":0,"_monsterinsights_skip_tracking":false,"_monsterinsights_sitenote_active":false,"_monsterinsights_sitenote_note":"","_monsterinsights_sitenote_category":0,"_mc_calendar":[],"footnotes":""},"class_list":["post-19515","page","type-page","status-publish","hentry"],"_links":{"self":[{"href":"https:\/\/cdto.ca\/fr\/wp-json\/wp\/v2\/pages\/19515"}],"collection":[{"href":"https:\/\/cdto.ca\/fr\/wp-json\/wp\/v2\/pages"}],"about":[{"href":"https:\/\/cdto.ca\/fr\/wp-json\/wp\/v2\/types\/page"}],"author":[{"embeddable":true,"href":"https:\/\/cdto.ca\/fr\/wp-json\/wp\/v2\/users\/1"}],"replies":[{"embeddable":true,"href":"https:\/\/cdto.ca\/fr\/wp-json\/wp\/v2\/comments?post=19515"}],"version-history":[{"count":0,"href":"https:\/\/cdto.ca\/fr\/wp-json\/wp\/v2\/pages\/19515\/revisions"}],"up":[{"embeddable":true,"href":"https:\/\/cdto.ca\/fr\/wp-json\/wp\/v2\/pages\/18596"}],"wp:attachment":[{"href":"https:\/\/cdto.ca\/fr\/wp-json\/wp\/v2\/media?parent=19515"}],"curies":[{"name":"wp","href":"https:\/\/api.w.org\/{rel}","templated":true}]}}