{"id":19546,"date":"2017-03-07T16:07:30","date_gmt":"2017-03-07T21:07:30","guid":{"rendered":"https:\/\/cdto.ca\/pour-les-membres\/inscription-et-mises-a-jour\/"},"modified":"2021-09-21T16:30:23","modified_gmt":"2021-09-21T20:30:23","slug":"inscription-et-mises-a-jour","status":"publish","type":"page","link":"https:\/\/cdto.ca\/fr\/pour-les-membres\/inscription-et-mises-a-jour\/","title":{"rendered":"Inscription et mises \u00e0 jour"},"content":{"rendered":"<p>[et_pb_section fb_built=\u00a0\u00bb1&Prime; fullwidth=\u00a0\u00bbon\u00a0\u00bb custom_padding_last_edited=\u00a0\u00bbon|desktop\u00a0\u00bb _builder_version=\u00a0\u00bb3.0.74&Prime; background_image=\u00a0\u00bbhttps:\/\/cdto.ca\/wp-content\/uploads\/cdto-_0015_ING_19013_03377.jpg\u00a0\u00bb custom_padding_tablet=\u00a0\u00bb50px|0|50px|0&Prime; custom_padding_phone=\u00a0\u00bb\u00a0\u00bb padding_mobile=\u00a0\u00bboff\u00a0\u00bb global_module=\u00a0\u00bb367&Prime; global_colors_info=\u00a0\u00bb{}\u00a0\u00bb][et_pb_fullwidth_header title=\u00a0\u00bb@ET-DC@eyJkeW5hbWljIjp0cnVlLCJjb250ZW50IjoicG9zdF90aXRsZSIsInNldHRpbmdzIjp7ImJlZm9yZSI6IiIsImFmdGVyIjoiIn19@\u00a0\u00bb _builder_version=\u00a0\u00bb4.9.4&Prime; _dynamic_attributes=\u00a0\u00bbtitle\u00a0\u00bb title_level=\u00a0\u00bbh2&Prime; title_font=\u00a0\u00bb|700|||||||\u00a0\u00bb title_font_size=\u00a0\u00bb38px\u00a0\u00bb background_color=\u00a0\u00bbrgba(0,0,0,0.35)\u00a0\u00bb global_colors_info=\u00a0\u00bb{}\u00a0\u00bb][\/et_pb_fullwidth_header][\/et_pb_section][et_pb_section fb_built=\u00a0\u00bb1&Prime; admin_label=\u00a0\u00bbsection\u00a0\u00bb _builder_version=\u00a0\u00bb3.22.3&Prime; background_color=\u00a0\u00bb#ffffff\u00a0\u00bb transparent_background=\u00a0\u00bboff\u00a0\u00bb make_fullwidth=\u00a0\u00bboff\u00a0\u00bb use_custom_width=\u00a0\u00bboff\u00a0\u00bb width_unit=\u00a0\u00bbon\u00a0\u00bb global_colors_info=\u00a0\u00bb{}\u00a0\u00bb][et_pb_row column_structure=\u00a0\u00bb3_4,1_4&Prime; admin_label=\u00a0\u00bbrow\u00a0\u00bb _builder_version=\u00a0\u00bb3.25&Prime; background_size=\u00a0\u00bbinitial\u00a0\u00bb background_position=\u00a0\u00bbtop_left\u00a0\u00bb background_repeat=\u00a0\u00bbrepeat\u00a0\u00bb global_colors_info=\u00a0\u00bb{}\u00a0\u00bb][et_pb_column type=\u00a0\u00bb3_4&Prime; _builder_version=\u00a0\u00bb3.25&Prime; custom_padding=\u00a0\u00bb|||\u00a0\u00bb global_colors_info=\u00a0\u00bb{}\u00a0\u00bb custom_padding__hover=\u00a0\u00bb|||\u00a0\u00bb][et_pb_text admin_label=\u00a0\u00bbtext-registration-and-member-updates\u00a0\u00bb _builder_version=\u00a0\u00bb4.10.5&Prime; hover_enabled=\u00a0\u00bb0&Prime; global_colors_info=\u00a0\u00bb{}\u00a0\u00bb sticky_enabled=\u00a0\u00bb0&Prime;]<\/p>\n<h2>Renouvellement annuel<\/h2>\n<p>Tous les membres de l\u2019Ordre des technologues dentaires de l\u2019Ontario doivent renouveler leur certificat d\u2019inscription ou se d\u00e9mettre de leurs fonctions de membre en ligne, faute de quoi leur certificat d\u2019inscription sera suspendu. Les suspensions sont consign\u00e9es dans le tableau et y demeurent en permanence. Les frais associ\u00e9s \u00e0 la remise en vigueur d\u2019un certificat d\u2019inscription suspendu comprennent les frais de remise en vigueur comme tels ainsi que les frais de retard et les frais d\u2019inscription.<\/p>\n<p>Pour acc\u00e9der \u00e0 votre <a href=\"https:\/\/cdto.ca.thentiacloud.net\/webs\/cdto\/service\/#\" target=\"_blank\" rel=\"noopener noreferrer\">portail de membre en ligne<\/a>, vous aurez besoin de votre num\u00e9ro de membre (4 chiffres) et d\u2019un mot de passe. Un avis de renouvellement est affich\u00e9 dans le site Web et les membres recevront un avis individuel et des rappels par courriel.<\/p>\n<p>L\u2019ann\u00e9e de cotisation de l\u2019Ordre s\u2019\u00e9tend du 1<span style=\"font-size: 11.666666030883789px\">er<\/span> septembre au <span style=\"font-size: 11.666666030883789px\">31<\/span> ao\u00fbt. Les membres doivent avoir termin\u00e9 le processus de renouvellement annuel et pay\u00e9 les droits d\u2019adh\u00e9sion au plus tard \u00e0 <strong>23 h 59 le<span style=\"font-size: 11.666666030883789px\">31<\/span> ao\u00fbt.<\/strong> Les renouvellements faits apr\u00e8s cette date comporteront des frais de retard applicables \u00e0 chaque mois de retard. Voir l\u2019<a href=\"https:\/\/cdto.ca\/wp-content\/uploads\/Schedule-5-Fees_2020-2021.pdf\" target=\"_blank\" rel=\"noopener noreferrer\">annexe 5<\/a> pour conna\u00eetre les diff\u00e9rents frais et droits qui s\u2019appliquent.<\/p>\n<p><strong>Membres de la cat\u00e9gorie g\u00e9n\u00e9rale :<\/strong><\/p>\n<p>Avant toute chose, vous devez obtenir une assurance-responsabilit\u00e9 professionnelle qui couvre l\u2019ann\u00e9e de cotisation. Vous devrez fournir le nom de votre compagnie d\u2019assurances, le num\u00e9ro de police, le num\u00e9ro de certificat et la date d\u2019expiration. L\u2019Ordre peut vous demander une preuve d\u2019assurance-responsabilit\u00e9 professionnelle en tout temps. Les membres qui ne satisfont pas \u00e0 cette exigence pourraient \u00eatre suspendus.<\/p>\n<p>Pour en savoir davantage sur l\u2019assurance-responsabilit\u00e9 professionnelle, cliquez <a href=\"https:\/\/cdto.ca\/for-members\/professional-liability\/\" target=\"_blank\" rel=\"noopener noreferrer\">ici<\/a>.<\/p>\n<h2>Autod\u00e9claration obligatoire<\/h2>\n<p>La Loi de 1991 sur les professions de la sant\u00e9 r\u00e9glement\u00e9es exige qu\u2019un membre d\u00e9pose un rapport \u00e0 l\u2019Ordre dans les circonstances suivantes :<\/p>\n<ul>\n<li>\u2022 Il a \u00e9t\u00e9 d\u00e9clar\u00e9 coupable d\u2019une infraction.<\/li>\n<li>\u2022 Il a fait l\u2019objet d\u2019une conclusion de n\u00e9gligence professionnelle.<\/li>\n<li>\u2022 Il a fait l\u2019objet d\u2019une conclusion de faute m\u00e9dicale.<\/li>\n<\/ul>\n<p>S\u2019il y a lieu, veuillez remplir le <a href=\"https:\/\/cdto.ca\/wp-content\/uploads\/Mandatory-Reporting-Form-2.pdf\" target=\"_blank\" rel=\"noopener noreferrer\">formulaire d\u2019autod\u00e9claration obligatoire.<\/a> Le rapport doit \u00eatre pr\u00e9sent\u00e9 dans les meilleurs d\u00e9lais et vous devez rendre compte de la conclusion pendant le processus de renouvellement annuel.<\/p>\n<h3>Qu\u2019est-ce qu\u2019une infraction?<\/h3>\n<p>Une infraction est d\u00e9finie dans une loi. En g\u00e9n\u00e9ral, une personne d\u00e9clar\u00e9e coupable d\u2019une infraction est condamn\u00e9e \u00e0 une amende ou \u00e0 la prison; cependant, un rapport doit \u00eatre d\u00e9pos\u00e9 m\u00eame si la cour impose une absolution sous condition ou une absolution inconditionnelle, c\u2019est-\u00e0-dire qu\u2019une personne a \u00e9t\u00e9 d\u00e9clar\u00e9e coupable sans qu\u2019aucune autre mesure ne soit prise. Les infractions les plus connues sont les contraventions au Code criminel du Canada ou \u00e0 une loi f\u00e9d\u00e9rale sur les drogues. Cette disposition s\u2019applique aussi aux contraventions pour exc\u00e8s de vitesse et aux infractions aux r\u00e8glements municipaux comme les contraventions de stationnement. L\u2019Ordre peut s\u2019informer de ces constats au besoin.<\/p>\n<h3>Qu\u2019entend-on par une conclusion de n\u00e9gligence professionnelle ou de faute m\u00e9dicale?<\/h3>\n<p>Ces conclusions sont rendues dans des instances civiles ou \u00e0 la suite d\u2019une action en justice. Par exemple, vous devez d\u00e9clarer une conclusion de n\u00e9gligence professionnelle rendue par un tribunal pour ne pas avoir satisfait \u00e0 la norme d\u2019exercice de la profession accept\u00e9e et avoir bless\u00e9 un patient. L\u2019introduction d\u2019une poursuite ou les r\u00e8glements \u00e0 l\u2019amiable n\u2019ont pas \u00e0 \u00eatre d\u00e9clar\u00e9s.<\/p>\n<h2>Cat\u00e9gories d\u2019inscription<\/h2>\n<p><a href=\"https:\/\/www.ontario.ca\/laws\/regulation\/930874\" target=\"_blank\" rel=\"noopener noreferrer\">Le r\u00e8glement sur les cat\u00e9gories d\u2019inscription de l\u2019Ordre<\/a> (R\u00e8gl. de l\u2019Ont. 874\/93) pr\u00e9voit deux cat\u00e9gories de certificats d\u2019inscription :<\/p>\n<ol>\n<li><strong>1. Le certificat d\u2019inscription de cat\u00e9gorie g\u00e9n\u00e9rale<\/strong><\/li>\n<\/ol>\n<p>Un membre titulaire d\u2019un certificat d\u2019inscription de cat\u00e9gorie g\u00e9n\u00e9rale peut exercer la profession de technologue dentaire et utiliser les titres r\u00e9serv\u00e9s \u00ab dental technologist \u00bb, \u00ab Registered Dental Technologist \u00bb et \u00ab RDT \u00bb.<\/p>\n<ol start=\"2\">\n<li><strong>2. Le certificat d\u2019inscription de membre inactif<\/strong><\/li>\n<\/ol>\n<p>Un membre titulaire d\u2019un certificat d\u2019inscription de membre inactif peut utiliser les titres r\u00e9serv\u00e9s \u00ab dental technologist \u00bb, \u00ab Registered Dental Technologist \u00bb et \u00ab RDT \u00bb, <strong>mais ne peut pas :<\/strong><\/p>\n<ul>\n<li>\u2022 exercer la profession de technologue dentaire, m\u00eame sous la supervision d\u2019un technologue dentaire inscrit ou d\u2019un dentiste;<\/li>\n<li>\u2022 superviser l\u2019exercice de la profession;<\/li>\n<li>\u2022 d\u00e9clarer qu\u2019il poss\u00e8de des comp\u00e9tences dans la profession ou se pr\u00e9senter comme tel.<\/li>\n<\/ul>\n<p>Le certificat d\u2019inscription de membre inactif est destin\u00e9 aux membres qui souhaitent prendre un cong\u00e9 parental ou un cong\u00e9 de maladie ou de formation, ou bien exercer la profession \u00e0 l\u2019ext\u00e9rieur de l\u2019Ontario, mais veulent maintenir leur adh\u00e9sion \u00e0 l\u2019Ordre. Ce certificat n\u2019est pas con\u00e7u pour les membres qui se retrouvent en ch\u00f4mage.<\/p>\n<h2>Passage d\u2019une cat\u00e9gorie de certificat d\u2019inscription \u00e0 une autre<\/h2>\n<p>Le membre qui souhaite changer la cat\u00e9gorie de son certificat d\u2019inscription doit acquitter des droits et obtenir l\u2019approbation du registrateur.<\/p>\n<h3>Passage de la cat\u00e9gorie g\u00e9n\u00e9rale \u00e0 la cat\u00e9gorie de membre inactif<\/h3>\n<p>Les membres titulaires d\u2019un certificat d\u2019inscription de cat\u00e9gorie g\u00e9n\u00e9rale peuvent demander un certificat d\u2019inscription de membre inactif pendant le processus de renouvellement annuel en choisissant l\u2019option \u00ab I am changing from General to Inactive Class on September 1<span style=\"font-size: 11.666666030883789px\">st<\/span> \u00bb dans la partie 2 du processus de renouvellement en ligne. \u00c0 tout autre moment, ils doivent communiquer avec l\u2019Ordre pour demander le changement.<\/p>\n<h3>Passage de la cat\u00e9gorie de membre inactif \u00e0 la cat\u00e9gorie g\u00e9n\u00e9rale<\/h3>\n<p>Les membres titulaires d\u2019un certificat d\u2019inscription de membre inactif depuis moins de trois ans peuvent demander de changer leur certificat pour un certificat d\u2019inscription de cat\u00e9gorie g\u00e9n\u00e9rale en remplissant la <em>demande<\/em>et en l\u2019envoyant \u00e0 l\u2019Ordre pour examen et approbation par le registrateur. Pour d\u2019autres heures, veuillez communiquer avec l\u2019Ordre pour pr\u00e9senter votre demande.<\/p>\n<p>Les membres titulaires d\u2019un certificat d\u2019inscription de membre inactif depuis plus de trois ans doivent r\u00e9ussir un cours de recyclage et les examens connexes dans un d\u00e9lai de 15 mois pr\u00e9c\u00e9dant la pr\u00e9sentation d\u2019une demande de remise en vigueur du certificat d\u2019inscription de cat\u00e9gorie g\u00e9n\u00e9rale.<\/p>\n<h3>D\u00e9mission<\/h3>\n<p>Les membres peuvent demander de quitter l\u2019Ordre pendant le processus de renouvellement annuel en choisissant l\u2019option \u00ab I am resigning my registration before September 1<span style=\"font-size: 11.666666030883789px\">st<\/span> \u00bb. \u00c0 tout autre moment, ils peuvent s\u00e9lectionner \u00ab Resign Registration \u00bb dans le menu principal (c\u00f4t\u00e9 gauche de l\u2019\u00e9cran) et r\u00e9pondre aux questions. L\u2019Ordre \u00e9tudiera la demande et fera conna\u00eetre sa d\u00e9cision apr\u00e8s que le registrateur aura approuv\u00e9 la demande. L\u2019Ordre recommande aux membres de ne pas abandonner leur adh\u00e9sion \u00e0 moins d\u2019\u00eatre certains de ne pas vouloir revenir.<\/p>\n<p>Les demandes de remise en vigueur peuvent \u00eatre pr\u00e9sent\u00e9es en tout temps, mais elles seront assujetties aux r\u00e8glements, politiques et conditions d\u2019inscription en vigueur au moment de la pr\u00e9sentation de la demande de remise en vigueur.<\/p>\n<h2>Mise \u00e0 jour de votre profil<\/h2>\n<p>Tous les membres doivent informer l\u2019Ordre de toute modification \u00e0 leurs renseignements, dont un changement de leur nom l\u00e9gal ou usuel, de leurs coordonn\u00e9es et de renseignements sur l\u2019emploi, dans un d\u00e9lai de 30 jours suivant la modification. L\u2019adresse de communication qui figure dans votre profil est le principal moyen que l\u2019Ordre utilise pour vous informer de changements qui peuvent vous toucher.<\/p>\n<p>Vous pouvez mettre \u00e0 jour votre profil de membre <a href=\"https:\/\/cdto.ca.thentiacloud.net\/webs\/cdto\/service\/#\" target=\"_blank\" rel=\"noopener noreferrer\">en ligne<\/a>. Vous aurez besoin de votre num\u00e9ro de membre (4 chiffres) et de votre mot de passe pour acc\u00e9der \u00e0 votre profil.<\/p>\n<p>Si vous avez chang\u00e9 votre nom, veuillez envoyer les documents pertinents attestant le changement de nom (certificat de changement de nom ou certificat de mariage) par courriel \u00e0 <a href=\"mailto:info@cdto.ca\">info@cdto.ca<\/a>, t\u00e9l\u00e9copieur \u00e0 <a href=\"tel:416-438-5003\">416 438-5004<\/a> ou par la poste \u00e0 :<\/p>\n<blockquote>\n<p>Ordre des technologues dentaires de l\u2019Ontario<br \/>305, avenue Milner, bureau 904<br \/>Scarborough, (Ontario)<br \/>M1B 3V4<\/p>\n<\/blockquote>\n<h2>Besoin d\u2019aide?<\/h2>\n<p>Si vous ne pouvez pas acc\u00e9der \u00e0 votre profil en ligne ou si vous avez besoin d\u2019aide, communiquez avec l\u2019Ordre au <a href=\"tel:416-438-5003\">416 438-5003<\/a> ou \u00e0 <a href=\"mailto:info@cdto.ca\">info@cdto.ca.<\/a><\/p>\n<p>[\/et_pb_text][\/et_pb_column][et_pb_column type=\u00a0\u00bb1_4&Prime; _builder_version=\u00a0\u00bb3.25&Prime; custom_padding=\u00a0\u00bb|||\u00a0\u00bb global_colors_info=\u00a0\u00bb{}\u00a0\u00bb custom_padding__hover=\u00a0\u00bb|||\u00a0\u00bb][et_pb_sidebar orientation=\u00a0\u00bbright\u00a0\u00bb area=\u00a0\u00bbet_pb_widget_area_5&Prime; admin_label=\u00a0\u00bbmenu-global-sidebar\u00a0\u00bb _builder_version=\u00a0\u00bb4.10.5&Prime; header_font=\u00a0\u00bb||||\u00a0\u00bb body_font=\u00a0\u00bb||||\u00a0\u00bb body_text_color=\u00a0\u00bb#03395e\u00a0\u00bb body_font_size=\u00a0\u00bb17&Prime; body_line_height=\u00a0\u00bb1.3em\u00a0\u00bb body_font_size_tablet=\u00a0\u00bb15&Prime; custom_css_main_element=\u00a0\u00bbborder-style: solid;||border-width: 1px;||border-radius: 13px;||border-color: #03395e;||background:rgba(255,216,2,0.5);||padding-top: 12px;||padding-right: 10px;||padding-bottom: 12px;\u00a0\u00bb custom_css_widget=\u00a0\u00bbmargin-bottom: 0 !important;\u00a0\u00bb remove_border=\u00a0\u00bboff\u00a0\u00bb global_module=\u00a0\u00bb1466&Prime; saved_tabs=\u00a0\u00bball\u00a0\u00bb global_colors_info=\u00a0\u00bb{}\u00a0\u00bb][\/et_pb_sidebar][et_pb_sidebar orientation=\u00a0\u00bbright\u00a0\u00bb area=\u00a0\u00bbet_pb_widget_area_4&Prime; admin_label=\u00a0\u00bbmenu-for-members\u00a0\u00bb _builder_version=\u00a0\u00bb3.0.74&Prime; header_line_height=\u00a0\u00bb1.1em\u00a0\u00bb body_font_size=\u00a0\u00bb15&Prime; body_line_height=\u00a0\u00bb1.3em\u00a0\u00bb remove_border=\u00a0\u00bboff\u00a0\u00bb global_module=\u00a0\u00bb1036&Prime; saved_tabs=\u00a0\u00bball\u00a0\u00bb global_colors_info=\u00a0\u00bb{}\u00a0\u00bb][\/et_pb_sidebar][\/et_pb_column][\/et_pb_row][\/et_pb_section][et_pb_section fb_built=\u00a0\u00bb1&Prime; custom_padding_last_edited=\u00a0\u00bbon|desktop\u00a0\u00bb _builder_version=\u00a0\u00bb4.10.5&Prime; background_color=\u00a0\u00bbrgba(255,216,2,0.5)\u00a0\u00bb background_image=\u00a0\u00bbhttps:\/\/cdto.ca\/wp-content\/uploads\/mission_overlay.png\u00a0\u00bb custom_padding=\u00a0\u00bb4px||27px|||\u00a0\u00bb custom_padding_tablet=\u00a0\u00bb50px|0|50px|0&Prime; custom_padding_phone=\u00a0\u00bb\u00a0\u00bb custom_css_main_element=\u00a0\u00bb background-position-x: 85%;|| background-size: initial;|| background-position-y: 100%;\u00a0\u00bb global_module=\u00a0\u00bb2751&Prime; global_colors_info=\u00a0\u00bb{}\u00a0\u00bb][et_pb_row module_class=\u00a0\u00bb et_pb_row_fullwidth\u00a0\u00bb _builder_version=\u00a0\u00bb3.25&Prime; background_size=\u00a0\u00bbinitial\u00a0\u00bb background_position=\u00a0\u00bbtop_left\u00a0\u00bb background_repeat=\u00a0\u00bbrepeat\u00a0\u00bb width=\u00a0\u00bb94%\u00a0\u00bb width_tablet=\u00a0\u00bb80%\u00a0\u00bb width_phone=\u00a0\u00bb\u00a0\u00bb width_last_edited=\u00a0\u00bbon|desktop\u00a0\u00bb max_width=\u00a0\u00bb94%\u00a0\u00bb max_width_tablet=\u00a0\u00bb80%\u00a0\u00bb max_width_phone=\u00a0\u00bb\u00a0\u00bb max_width_last_edited=\u00a0\u00bbon|desktop\u00a0\u00bb make_fullwidth=\u00a0\u00bbon\u00a0\u00bb use_custom_width=\u00a0\u00bboff\u00a0\u00bb width_unit=\u00a0\u00bbon\u00a0\u00bb global_colors_info=\u00a0\u00bb{}\u00a0\u00bb][et_pb_column type=\u00a0\u00bb4_4&Prime; _builder_version=\u00a0\u00bb3.25&Prime; custom_padding=\u00a0\u00bb|||\u00a0\u00bb global_colors_info=\u00a0\u00bb{}\u00a0\u00bb custom_padding__hover=\u00a0\u00bb|||\u00a0\u00bb][et_pb_cta title=\u00a0\u00bbPour en savoir plus sur l&rsquo;Ordre des technologistes dentaires de l&rsquo;Ontario:\u00a0\u00bb button_url=\u00a0\u00bbhttps:\/\/cdto.ca\/fr\/nous-contacter\/\u00a0\u00bb button_text=\u00a0\u00bbNous Contacter\u00a0\u00bb admin_label=\u00a0\u00bbCall To Action-email-list\u00a0\u00bb _builder_version=\u00a0\u00bb4.0.11&Prime; header_font_size=\u00a0\u00bb27px\u00a0\u00bb use_background_color=\u00a0\u00bboff\u00a0\u00bb background_size=\u00a0\u00bbinitial\u00a0\u00bb background_position=\u00a0\u00bbtop_left\u00a0\u00bb background_repeat=\u00a0\u00bbrepeat\u00a0\u00bb custom_button=\u00a0\u00bbon\u00a0\u00bb button_text_color=\u00a0\u00bb#4488c8&Prime; background_layout=\u00a0\u00bblight\u00a0\u00bb global_colors_info=\u00a0\u00bb{}\u00a0\u00bb button_text_size__hover_enabled=\u00a0\u00bboff\u00a0\u00bb button_text_size__hover=\u00a0\u00bbnull\u00a0\u00bb button_one_text_size__hover_enabled=\u00a0\u00bboff\u00a0\u00bb button_one_text_size__hover=\u00a0\u00bbnull\u00a0\u00bb button_two_text_size__hover_enabled=\u00a0\u00bboff\u00a0\u00bb button_two_text_size__hover=\u00a0\u00bbnull\u00a0\u00bb button_text_color__hover_enabled=\u00a0\u00bboff\u00a0\u00bb button_text_color__hover=\u00a0\u00bbnull\u00a0\u00bb button_one_text_color__hover_enabled=\u00a0\u00bboff\u00a0\u00bb button_one_text_color__hover=\u00a0\u00bbnull\u00a0\u00bb button_two_text_color__hover_enabled=\u00a0\u00bboff\u00a0\u00bb button_two_text_color__hover=\u00a0\u00bbnull\u00a0\u00bb button_border_width__hover_enabled=\u00a0\u00bboff\u00a0\u00bb button_border_width__hover=\u00a0\u00bbnull\u00a0\u00bb button_one_border_width__hover_enabled=\u00a0\u00bboff\u00a0\u00bb button_one_border_width__hover=\u00a0\u00bbnull\u00a0\u00bb button_two_border_width__hover_enabled=\u00a0\u00bboff\u00a0\u00bb button_two_border_width__hover=\u00a0\u00bbnull\u00a0\u00bb button_border_color__hover_enabled=\u00a0\u00bboff\u00a0\u00bb button_border_color__hover=\u00a0\u00bbnull\u00a0\u00bb button_one_border_color__hover_enabled=\u00a0\u00bboff\u00a0\u00bb button_one_border_color__hover=\u00a0\u00bbnull\u00a0\u00bb button_two_border_color__hover_enabled=\u00a0\u00bboff\u00a0\u00bb button_two_border_color__hover=\u00a0\u00bbnull\u00a0\u00bb button_border_radius__hover_enabled=\u00a0\u00bboff\u00a0\u00bb button_border_radius__hover=\u00a0\u00bbnull\u00a0\u00bb button_one_border_radius__hover_enabled=\u00a0\u00bboff\u00a0\u00bb button_one_border_radius__hover=\u00a0\u00bbnull\u00a0\u00bb button_two_border_radius__hover_enabled=\u00a0\u00bboff\u00a0\u00bb button_two_border_radius__hover=\u00a0\u00bbnull\u00a0\u00bb button_letter_spacing__hover_enabled=\u00a0\u00bboff\u00a0\u00bb button_letter_spacing__hover=\u00a0\u00bbnull\u00a0\u00bb button_one_letter_spacing__hover_enabled=\u00a0\u00bboff\u00a0\u00bb button_one_letter_spacing__hover=\u00a0\u00bbnull\u00a0\u00bb button_two_letter_spacing__hover_enabled=\u00a0\u00bboff\u00a0\u00bb button_two_letter_spacing__hover=\u00a0\u00bbnull\u00a0\u00bb button_bg_color__hover_enabled=\u00a0\u00bboff\u00a0\u00bb button_bg_color__hover=\u00a0\u00bbnull\u00a0\u00bb button_one_bg_color__hover_enabled=\u00a0\u00bboff\u00a0\u00bb button_one_bg_color__hover=\u00a0\u00bbnull\u00a0\u00bb button_two_bg_color__hover_enabled=\u00a0\u00bboff\u00a0\u00bb button_two_bg_color__hover=\u00a0\u00bbnull\u00a0\u00bb][\/et_pb_cta][\/et_pb_column][\/et_pb_row][\/et_pb_section]<\/p>\n","protected":false},"excerpt":{"rendered":"<p>Renouvellement annuel Tous les membres de l\u2019Ordre des technologues dentaires de l\u2019Ontario doivent renouveler leur certificat d\u2019inscription ou se d\u00e9mettre de leurs fonctions de membre en ligne, faute de quoi [&hellip;]<\/p>\n","protected":false},"author":1,"featured_media":0,"parent":18608,"menu_order":8,"comment_status":"closed","ping_status":"closed","template":"","meta":{"_et_pb_use_builder":"on","_et_pb_old_content":"","_et_gb_content_width":"","_exactmetrics_skip_tracking":false,"_exactmetrics_sitenote_active":false,"_exactmetrics_sitenote_note":"","_exactmetrics_sitenote_category":0,"_monsterinsights_skip_tracking":false,"_monsterinsights_sitenote_active":false,"_monsterinsights_sitenote_note":"","_monsterinsights_sitenote_category":0,"_mc_calendar":[],"footnotes":""},"class_list":["post-19546","page","type-page","status-publish","hentry"],"_links":{"self":[{"href":"https:\/\/cdto.ca\/fr\/wp-json\/wp\/v2\/pages\/19546"}],"collection":[{"href":"https:\/\/cdto.ca\/fr\/wp-json\/wp\/v2\/pages"}],"about":[{"href":"https:\/\/cdto.ca\/fr\/wp-json\/wp\/v2\/types\/page"}],"author":[{"embeddable":true,"href":"https:\/\/cdto.ca\/fr\/wp-json\/wp\/v2\/users\/1"}],"replies":[{"embeddable":true,"href":"https:\/\/cdto.ca\/fr\/wp-json\/wp\/v2\/comments?post=19546"}],"version-history":[{"count":0,"href":"https:\/\/cdto.ca\/fr\/wp-json\/wp\/v2\/pages\/19546\/revisions"}],"up":[{"embeddable":true,"href":"https:\/\/cdto.ca\/fr\/wp-json\/wp\/v2\/pages\/18608"}],"wp:attachment":[{"href":"https:\/\/cdto.ca\/fr\/wp-json\/wp\/v2\/media?parent=19546"}],"curies":[{"name":"wp","href":"https:\/\/api.w.org\/{rel}","templated":true}]}}