{"id":19568,"date":"2017-01-26T15:07:10","date_gmt":"2017-01-26T20:07:10","guid":{"rendered":"https:\/\/cdto.ca\/pour-les-membres\/ressources\/"},"modified":"2021-09-21T16:29:54","modified_gmt":"2021-09-21T20:29:54","slug":"ressources","status":"publish","type":"page","link":"https:\/\/cdto.ca\/fr\/pour-les-membres\/ressources\/","title":{"rendered":"Ressources"},"content":{"rendered":"<p>[et_pb_section fb_built=\u00a0\u00bb1&Prime; fullwidth=\u00a0\u00bbon\u00a0\u00bb custom_padding_last_edited=\u00a0\u00bbon|desktop\u00a0\u00bb _builder_version=\u00a0\u00bb3.0.74&Prime; background_color=\u00a0\u00bb#ffffff\u00a0\u00bb background_image=\u00a0\u00bbhttps:\/\/cdto.ca\/wp-content\/uploads\/cdto-_0012_ING_19060_70116.jpg\u00a0\u00bb custom_padding_tablet=\u00a0\u00bb50px|0|50px|0&Prime; custom_padding_phone=\u00a0\u00bb\u00a0\u00bb custom_css_main_element=\u00a0\u00bbheight: 250px;\u00a0\u00bb padding_mobile=\u00a0\u00bboff\u00a0\u00bb global_module=\u00a0\u00bb371&Prime;][et_pb_fullwidth_code admin_label=\u00a0\u00bbheader-for-members\u00a0\u00bb _builder_version=\u00a0\u00bb4.9.4&Prime;]<div class=\"header-content-container center et_pb_text et_pb_module et_pb_bg_layout_dark et_pb_text_align_left et_pb_text_0 et_pb_row et_pb_row_0\"><div class=\"header-content\"><h1>Ressources<\/h1><\/div><\/div>[\/et_pb_fullwidth_code][\/et_pb_section][et_pb_section fb_built=\u00a0\u00bb1&Prime; admin_label=\u00a0\u00bbsection\u00a0\u00bb _builder_version=\u00a0\u00bb3.22.3&Prime; background_color=\u00a0\u00bb#ffffff\u00a0\u00bb transparent_background=\u00a0\u00bboff\u00a0\u00bb make_fullwidth=\u00a0\u00bboff\u00a0\u00bb use_custom_width=\u00a0\u00bboff\u00a0\u00bb width_unit=\u00a0\u00bbon\u00a0\u00bb][et_pb_row admin_label=\u00a0\u00bbrow\u00a0\u00bb _builder_version=\u00a0\u00bb3.25&Prime; background_size=\u00a0\u00bbinitial\u00a0\u00bb background_position=\u00a0\u00bbtop_left\u00a0\u00bb background_repeat=\u00a0\u00bbrepeat\u00a0\u00bb column_structure=\u00a0\u00bb3_4,1_4&Prime;][et_pb_column type=\u00a0\u00bb3_4&Prime; _builder_version=\u00a0\u00bb3.25&Prime; custom_padding=\u00a0\u00bb|||\u00a0\u00bb custom_padding__hover=\u00a0\u00bb|||\u00a0\u00bb][et_pb_text admin_label=\u00a0\u00bbtext-resources\u00a0\u00bb _builder_version=\u00a0\u00bb3.27.4&Prime;]<\/p>\n<p>Le site Web de l\u2019Ordre des technologues dentaires de l\u2019Ontario contient des liens vers les sites Web suivants qui pourront vous aider dans vos recherches. Veuillez noter que l\u2019Ordre n\u2019est responsable ni du contenu de ces sites Web, ni du contenu des sites Web accessibles \u00e0 partir de ceux-ci, ni des modifications et mises \u00e0 jour faites \u00e0 ces sites Web. Nous faisons de notre mieux pour nous assurer que nos liens vers d\u2019autres sites fonctionnent, mais si un lien ne fonctionne pas comme il faut, veuillez communiquer avec nous pour que nous puissions examiner la situation.<\/p>\n<p>&nbsp;<\/p>\n<h3>Loi, r\u00e8glements et r\u00e8glements administratifs<\/h3>\n<ul>\n<li><a href=\"https:\/\/cdto.ca\/about-the-profession\/legislation-regulations-and-by-laws\/\">Loi de 1991 sur les professions de la sant\u00e9 r\u00e9glement\u00e9es<\/a><em> <\/em><\/li>\n<li><a href=\"https:\/\/cdto.ca\/about-the-profession\/legislation-regulations-and-by-laws\/\">Loi de 1991 sur les technologues dentaires<\/a><\/li>\n<li><a href=\"https:\/\/cdto.ca\/about-the-profession\/legislation-regulations-and-by-laws\/\" target=\"_blank\" rel=\"noopener noreferrer\">R\u00e8glements administratifs de l\u2019OTDO<\/a><\/li>\n<li><a href=\"https:\/\/cdto.ca\/wp-content\/uploads\/Schedule-5-Fees-2019-2020.pdf\" target=\"_blank\" rel=\"noopener noreferrer\">Tarifs de l\u2019OTDO (2019-2020)<\/a> <\/li>\n<\/ul>\n<h3>OTDO<\/h3>\n<ul>\n<li><a href=\"https:\/\/cdto.ca\/about-the-profession\/competencies-standards-advisories\/\" target=\"_blank\" rel=\"noopener noreferrer\">Normes d\u2019exercice de la profession<\/a> <\/li>\n<li><a href=\"\/wp-content\/uploads\/pdf\/Schedule-4-Code-of-Ethics-By-laws-Sept-25-2015.pdf\" target=\"_blank\" rel=\"noopener noreferrer\">Code de d\u00e9ontologie de l\u2019OTDO<\/a> <\/li>\n<li><a href=\"https:\/\/cdto.ca\/protecting-the-public\/mandatory-reporting\/\" target=\"_blank\" rel=\"noopener noreferrer\">D\u00e9claration obligatoire<\/a> <\/li>\n<\/ul>\n<h3>Associations et ordres de r\u00e9glementation de la profession de technologue dentaire du Canada<\/h3>\n<ul>\n<li><a href=\"http:\/\/cdta.ca\" target=\"_blank\" rel=\"noopener noreferrer\">College of Dental Technologists of Alberta<\/a><\/li>\n<li><a href=\"http:\/\/www.cdtbc.ca\" target=\"_blank\" rel=\"noopener noreferrer\">College of Dental Technicians of BC<\/a><\/li>\n<li><a href=\"http:\/\/www.ottdq.com\" target=\"_blank\" rel=\"noopener noreferrer\">L\u2019Ordre des techniciens et techniciennes dentaires du Quebec<\/a><\/li>\n<li><a href=\"http:\/\/www.nldb.ca\/req_licensure\/req_technicians.aspx\" target=\"_blank\" rel=\"noopener noreferrer\">Newfoundland &amp; Labrador Dental Board<\/a><\/li>\n<li><a href=\"http:\/\/www.newbrunswickdentaltechsassoc.ca\" target=\"_blank\" rel=\"noopener noreferrer\">New Brunswick Dental Technicians Association<\/a><\/li>\n<li><a href=\"http:\/\/www.nsdta.ca\">Nova Scotia Dental Technicians Association<\/a>  <\/li>\n<li><a href=\"http:\/\/www.publications.gov.sk.ca\">Association of Dental Technicians of Saskatchewan<\/a>  <\/li>\n<\/ul>\n<h3>Liens vers organismes de r\u00e9glementation<\/h3>\n<ul>\n<li><a href=\"http:\/\/www.cadtr-acortd.ca\" target=\"_blank\" rel=\"noopener noreferrer\">ACORTD \u2013 Association canadienne des organismes de r\u00e9glementation de la technique dentaire<\/a> <\/li>\n<li><a href=\"http:\/\/www.regulatedhealthprofessions.on.ca\" target=\"_blank\" rel=\"noopener noreferrer\">FHRCO &#8211; Federation of Health Regulatory Colleges of Ontario<\/a> <\/li>\n<li><a href=\"http:\/\/www.ontariohealthregulators.ca\" target=\"_blank\" rel=\"noopener noreferrer\">Ontario Health Regulators<\/a> <\/li>\n<li><a href=\"http:\/\/www.adto.ca\" target=\"_blank\" rel=\"noopener noreferrer\">Association of Dental Technologists<\/a><\/li>\n<li><a href=\"http:\/\/www.cdho.org\" target=\"_blank\" rel=\"noopener noreferrer\">Ordre des hygi\u00e9nistes dentaires de l&rsquo;Ontario<\/a> <\/li>\n<li><a href=\"http:\/\/denturists-cdo.com\" target=\"_blank\" rel=\"noopener noreferrer\">Ordre des denturologistes de l&rsquo;Ontario<\/a> <\/li>\n<li><a href=\"http:\/\/rcdso.org\">ORCDO &#8211; Ordre royal des chirurgiens dentistes de l&rsquo;Ontario<\/a> <\/li>\n<li><a href=\"http:\/\/www.healthforceontario.ca\/en\">Professions Sant\u00e9 Ontario<\/a> <\/li>\n<li><a href=\"http:\/\/www.hparb.on.ca\">Commission d&rsquo;appel et de r\u00e9vision des professions de la sant\u00e9<\/a>  <\/li>\n<li><a href=\"http:\/\/www.hprac.org\/en\/\">Conseil consultatif de r\u00e9glementation des professions de la sant\u00e9<\/a>  <\/li>\n<li><a href=\"http:\/\/www.health.gov.on.ca\/\">Minist\u00e8re de la Sant\u00e9 et des Soins de longue dur\u00e9e<\/a><\/li>\n<li><a href=\"http:\/\/www.fairnesscommissioner.ca\">Bureau du commissaire \u00e0 l&rsquo;\u00e9quit\u00e9<\/a> <\/li>\n<\/ul>\n<h3>Coll\u00e8ges de l\u2019Ontario \u2013 Programme de technologie dentaire<\/h3>\n<ul>\n<li><a href=\"http:\/\/www.georgebrown.ca\">Coll\u00e8ge George Brown<\/a><\/li>\n<\/ul>\n<h3>Autres ressources connexes<\/h3>\n<ul>\n<li><a href=\"https:\/\/accessontario.com\/aoda\/\">AODA &#8211; Loi de 2005 sur l\u2019accessibilit\u00e9 pour les personnes handicap\u00e9es de l\u2019Ontario<\/a><\/li>\n<li><a href=\"https:\/\/www.ipc.on.ca\/\">Commissaire \u00e0 l&rsquo;information et \u00e0 la protection de la vie priv\u00e9e de l&rsquo;Ontario<\/a><\/li>\n<li><a href=\"https:\/\/www.labour.gov.on.ca\/english\/hs\/\">Sant\u00e9 et s\u00e9curit\u00e9 au travail<\/a><\/li>\n<li><a href=\"https:\/\/www.priv.gc.ca\/en\/privacy-topics\/privacy-laws-in-canada\/the-personal-information-protection-and-electronic-documents-act-pipeda\/\">Loi sur la protection des renseignements personnels et les documents \u00e9lectroniques (LPRPDE)<\/a><\/li>\n<li><a href=\"http:\/\/www.publichealthontario.ca\/en\">Sant\u00e9 publique Ontario<\/a><\/li>\n<li><a href=\"https:\/\/www.publichealthontario.ca\/en\/BrowseByTopic\/InfectiousDiseases\/PIDAC\/Pages\/PIDAC_Documents.aspx\">Sant\u00e9 publique Ontario \u2013 Comit\u00e9 consultatif provincial des maladies infectieuses<\/a><\/li>\n<li><a href=\"https:\/\/www.labour.gov.on.ca\/english\/hs\/pubs\/whmis\/\">SIMDUT \u2013 Syst\u00e8me d&rsquo;information sur les mati\u00e8res dangereuses utilis\u00e9es au travail<\/a><\/li>\n<\/ul>\n<p>[\/et_pb_text][\/et_pb_column][et_pb_column type=\u00a0\u00bb1_4&Prime; _builder_version=\u00a0\u00bb3.25&Prime; custom_padding=\u00a0\u00bb|||\u00a0\u00bb custom_padding__hover=\u00a0\u00bb|||\u00a0\u00bb][et_pb_sidebar orientation=\u00a0\u00bbright\u00a0\u00bb area=\u00a0\u00bbet_pb_widget_area_5&Prime; admin_label=\u00a0\u00bbmenu-global-sidebar\u00a0\u00bb _builder_version=\u00a0\u00bb4.4.1&Prime; header_font=\u00a0\u00bb||||\u00a0\u00bb body_font=\u00a0\u00bb||||\u00a0\u00bb body_text_color=\u00a0\u00bb#03395e\u00a0\u00bb body_font_size=\u00a0\u00bb17&Prime; body_line_height=\u00a0\u00bb1.3em\u00a0\u00bb body_font_size_tablet=\u00a0\u00bb15&Prime; custom_css_main_element=\u00a0\u00bbborder-style: solid;||border-width: 1px;||border-radius: 13px;||border-color: #03395e;||background:rgba(255,216,2,0.5);||padding-top: 12px;||padding-right: 10px;||padding-bottom: 12px;\u00a0\u00bb custom_css_widget=\u00a0\u00bbmargin-bottom: 0 !important;\u00a0\u00bb remove_border=\u00a0\u00bboff\u00a0\u00bb global_module=\u00a0\u00bb1466&Prime; saved_tabs=\u00a0\u00bball\u00a0\u00bb][\/et_pb_sidebar][et_pb_sidebar orientation=\u00a0\u00bbright\u00a0\u00bb area=\u00a0\u00bbet_pb_widget_area_4&Prime; admin_label=\u00a0\u00bbmenu-for-members\u00a0\u00bb _builder_version=\u00a0\u00bb3.0.74&Prime; header_line_height=\u00a0\u00bb1.1em\u00a0\u00bb body_font_size=\u00a0\u00bb15&Prime; body_line_height=\u00a0\u00bb1.3em\u00a0\u00bb remove_border=\u00a0\u00bboff\u00a0\u00bb global_module=\u00a0\u00bb1036&Prime; saved_tabs=\u00a0\u00bball\u00a0\u00bb][\/et_pb_sidebar][\/et_pb_column][\/et_pb_row][\/et_pb_section][et_pb_section fb_built=\u00a0\u00bb1&Prime; custom_padding_last_edited=\u00a0\u00bbon|desktop\u00a0\u00bb _builder_version=\u00a0\u00bb4.0.11&Prime; background_color=\u00a0\u00bbrgba(255,216,2,0.5)\u00a0\u00bb background_image=\u00a0\u00bbhttps:\/\/cdto.ca\/wp-content\/uploads\/mission_overlay.png\u00a0\u00bb custom_padding=\u00a0\u00bb4px||27px|||\u00a0\u00bb custom_padding_tablet=\u00a0\u00bb50px|0|50px|0&Prime; custom_padding_phone=\u00a0\u00bb\u00a0\u00bb custom_css_main_element=\u00a0\u00bb background-position-x: 85%;|| background-size: initial;|| background-position-y: 100%;\u00a0\u00bb global_module=\u00a0\u00bb2751&Prime;][et_pb_row module_class=\u00a0\u00bb et_pb_row_fullwidth\u00a0\u00bb _builder_version=\u00a0\u00bb3.25&Prime; background_size=\u00a0\u00bbinitial\u00a0\u00bb background_position=\u00a0\u00bbtop_left\u00a0\u00bb background_repeat=\u00a0\u00bbrepeat\u00a0\u00bb width=\u00a0\u00bb94%\u00a0\u00bb width_tablet=\u00a0\u00bb80%\u00a0\u00bb width_phone=\u00a0\u00bb\u00a0\u00bb width_last_edited=\u00a0\u00bbon|desktop\u00a0\u00bb max_width=\u00a0\u00bb94%\u00a0\u00bb max_width_tablet=\u00a0\u00bb80%\u00a0\u00bb max_width_phone=\u00a0\u00bb\u00a0\u00bb max_width_last_edited=\u00a0\u00bbon|desktop\u00a0\u00bb make_fullwidth=\u00a0\u00bbon\u00a0\u00bb use_custom_width=\u00a0\u00bboff\u00a0\u00bb width_unit=\u00a0\u00bbon\u00a0\u00bb][et_pb_column type=\u00a0\u00bb4_4&Prime; _builder_version=\u00a0\u00bb3.25&Prime; custom_padding=\u00a0\u00bb|||\u00a0\u00bb custom_padding__hover=\u00a0\u00bb|||\u00a0\u00bb][et_pb_cta title=\u00a0\u00bbPour en savoir plus sur l&rsquo;Ordre des technologistes dentaires de l&rsquo;Ontario:\u00a0\u00bb button_url=\u00a0\u00bbhttps:\/\/cdto.ca\/fr\/nous-contacter\/\u00a0\u00bb button_text=\u00a0\u00bbNous Contacter\u00a0\u00bb admin_label=\u00a0\u00bbCall To Action-email-list\u00a0\u00bb _builder_version=\u00a0\u00bb4.0.11&Prime; header_font_size=\u00a0\u00bb27px\u00a0\u00bb use_background_color=\u00a0\u00bboff\u00a0\u00bb background_size=\u00a0\u00bbinitial\u00a0\u00bb background_position=\u00a0\u00bbtop_left\u00a0\u00bb background_repeat=\u00a0\u00bbrepeat\u00a0\u00bb custom_button=\u00a0\u00bbon\u00a0\u00bb button_text_color=\u00a0\u00bb#4488c8&Prime; background_layout=\u00a0\u00bblight\u00a0\u00bb button_text_size__hover_enabled=\u00a0\u00bboff\u00a0\u00bb button_text_size__hover=\u00a0\u00bbnull\u00a0\u00bb button_one_text_size__hover_enabled=\u00a0\u00bboff\u00a0\u00bb button_one_text_size__hover=\u00a0\u00bbnull\u00a0\u00bb button_two_text_size__hover_enabled=\u00a0\u00bboff\u00a0\u00bb button_two_text_size__hover=\u00a0\u00bbnull\u00a0\u00bb button_text_color__hover_enabled=\u00a0\u00bboff\u00a0\u00bb button_text_color__hover=\u00a0\u00bbnull\u00a0\u00bb button_one_text_color__hover_enabled=\u00a0\u00bboff\u00a0\u00bb button_one_text_color__hover=\u00a0\u00bbnull\u00a0\u00bb button_two_text_color__hover_enabled=\u00a0\u00bboff\u00a0\u00bb button_two_text_color__hover=\u00a0\u00bbnull\u00a0\u00bb button_border_width__hover_enabled=\u00a0\u00bboff\u00a0\u00bb button_border_width__hover=\u00a0\u00bbnull\u00a0\u00bb button_one_border_width__hover_enabled=\u00a0\u00bboff\u00a0\u00bb button_one_border_width__hover=\u00a0\u00bbnull\u00a0\u00bb button_two_border_width__hover_enabled=\u00a0\u00bboff\u00a0\u00bb button_two_border_width__hover=\u00a0\u00bbnull\u00a0\u00bb button_border_color__hover_enabled=\u00a0\u00bboff\u00a0\u00bb button_border_color__hover=\u00a0\u00bbnull\u00a0\u00bb button_one_border_color__hover_enabled=\u00a0\u00bboff\u00a0\u00bb button_one_border_color__hover=\u00a0\u00bbnull\u00a0\u00bb button_two_border_color__hover_enabled=\u00a0\u00bboff\u00a0\u00bb button_two_border_color__hover=\u00a0\u00bbnull\u00a0\u00bb button_border_radius__hover_enabled=\u00a0\u00bboff\u00a0\u00bb button_border_radius__hover=\u00a0\u00bbnull\u00a0\u00bb button_one_border_radius__hover_enabled=\u00a0\u00bboff\u00a0\u00bb button_one_border_radius__hover=\u00a0\u00bbnull\u00a0\u00bb button_two_border_radius__hover_enabled=\u00a0\u00bboff\u00a0\u00bb button_two_border_radius__hover=\u00a0\u00bbnull\u00a0\u00bb button_letter_spacing__hover_enabled=\u00a0\u00bboff\u00a0\u00bb button_letter_spacing__hover=\u00a0\u00bbnull\u00a0\u00bb button_one_letter_spacing__hover_enabled=\u00a0\u00bboff\u00a0\u00bb button_one_letter_spacing__hover=\u00a0\u00bbnull\u00a0\u00bb button_two_letter_spacing__hover_enabled=\u00a0\u00bboff\u00a0\u00bb button_two_letter_spacing__hover=\u00a0\u00bbnull\u00a0\u00bb button_bg_color__hover_enabled=\u00a0\u00bboff\u00a0\u00bb button_bg_color__hover=\u00a0\u00bbnull\u00a0\u00bb button_one_bg_color__hover_enabled=\u00a0\u00bboff\u00a0\u00bb button_one_bg_color__hover=\u00a0\u00bbnull\u00a0\u00bb button_two_bg_color__hover_enabled=\u00a0\u00bboff\u00a0\u00bb button_two_bg_color__hover=\u00a0\u00bbnull\u00a0\u00bb][\/et_pb_cta][\/et_pb_column][\/et_pb_row][\/et_pb_section]<\/p>\n","protected":false},"excerpt":{"rendered":"<p><div class=\"header-content-container center et_pb_text et_pb_module et_pb_bg_layout_dark et_pb_text_align_left et_pb_text_0 et_pb_row et_pb_row_0\"><div class=\"header-content\"><h1>Ressources<\/h1><\/div><\/div>Le site Web de l\u2019Ordre des technologues dentaires de l\u2019Ontario contient des liens vers les sites Web suivants qui pourront vous aider dans vos recherches. Veuillez noter que l\u2019Ordre n\u2019est [&hellip;]<\/p>\n","protected":false},"author":1,"featured_media":0,"parent":18608,"menu_order":23,"comment_status":"closed","ping_status":"closed","template":"","meta":{"_et_pb_use_builder":"on","_et_pb_old_content":"","_et_gb_content_width":"","_exactmetrics_skip_tracking":false,"_exactmetrics_sitenote_active":false,"_exactmetrics_sitenote_note":"","_exactmetrics_sitenote_category":0,"_monsterinsights_skip_tracking":false,"_monsterinsights_sitenote_active":false,"_monsterinsights_sitenote_note":"","_monsterinsights_sitenote_category":0,"_mc_calendar":[],"footnotes":""},"class_list":["post-19568","page","type-page","status-publish","hentry"],"_links":{"self":[{"href":"https:\/\/cdto.ca\/fr\/wp-json\/wp\/v2\/pages\/19568"}],"collection":[{"href":"https:\/\/cdto.ca\/fr\/wp-json\/wp\/v2\/pages"}],"about":[{"href":"https:\/\/cdto.ca\/fr\/wp-json\/wp\/v2\/types\/page"}],"author":[{"embeddable":true,"href":"https:\/\/cdto.ca\/fr\/wp-json\/wp\/v2\/users\/1"}],"replies":[{"embeddable":true,"href":"https:\/\/cdto.ca\/fr\/wp-json\/wp\/v2\/comments?post=19568"}],"version-history":[{"count":0,"href":"https:\/\/cdto.ca\/fr\/wp-json\/wp\/v2\/pages\/19568\/revisions"}],"up":[{"embeddable":true,"href":"https:\/\/cdto.ca\/fr\/wp-json\/wp\/v2\/pages\/18608"}],"wp:attachment":[{"href":"https:\/\/cdto.ca\/fr\/wp-json\/wp\/v2\/media?parent=19568"}],"curies":[{"name":"wp","href":"https:\/\/api.w.org\/{rel}","templated":true}]}}