{"id":19586,"date":"2020-03-24T15:50:30","date_gmt":"2020-03-24T19:50:30","guid":{"rendered":"https:\/\/cdto.ca\/pour-les-membres\/le-point-sur-la-covid-19\/"},"modified":"2021-09-22T10:13:52","modified_gmt":"2021-09-22T14:13:52","slug":"le-point-sur-la-covid-19","status":"publish","type":"page","link":"https:\/\/cdto.ca\/fr\/pour-les-membres\/le-point-sur-la-covid-19\/","title":{"rendered":"Le point sur la COVID-19"},"content":{"rendered":"<h1 class=\"entry-title main_title\"><strong style=\"color: #666666; font-size: 14px;\">Mis \u00e0 jour en juillet 2021<\/strong><\/h1>\n<div class=\"entry-content\">\n<p>L\u2019Ordre s\u2019engage \u00e0 faire le point sur la COVID-19. \u00c0 mesure que la situation \u00e9volue, les gouvernements provinciaux et f\u00e9d\u00e9ral continuent de mettre \u00e0 jour leurs ressources. Plusieurs ressources sont offertes au public et aux professionnels de la sant\u00e9. Nous vous encourageons \u00e0 consulter r\u00e9guli\u00e8rement les sites Web pertinents pour obtenir l\u2019information la plus r\u00e9cente.<\/p>\n<p>&nbsp;<\/p>\n<h3><strong>Mises \u00e0 jour de l\u2019Ordre :<\/strong><\/h3>\n<\/div>\n<h4><strong>2021  <\/strong><\/h4>\n<ul>\n<li>27 ao\u00fbt : <a href=\"https:\/\/cdto.ca\/covid-19-screening-and-signage-update\/\">Mise \u00e0 jour sur le d\u00e9pistage et la signalisation de la COVID-19<\/a><\/li>\n<li>29 juillet : <a href=\"https:\/\/cdto.ca\/covid-19-update-revisions-to-guidance\/\">Mise \u00e0 jour sur la COVID-19 : R\u00e9visions des lignes directrices<\/a><\/li>\n<li>15 juillet 2021 : <a href=\"https:\/\/cdto.ca\/ontario-moves-to-step-3-of-reopening\/\">L\u2019Ontario passe \u00e0 l\u2019\u00e9tape 3 de la r\u00e9ouverture<\/a><\/li>\n<li>30 juin 2021 : <a href=\"https:\/\/cdto.ca\/ontario-moves-to-step-2-of-the-roadmap-to-reopen\/\">L\u2019Ontario passe \u00e0 l\u2019\u00e9tape 2 de la r\u00e9ouverture<\/a><\/li>\n<li>11 juin 2021: <a href=\"https:\/\/cdto.ca\/health-canada-regulates-uv-and-ozone-devices\/\">Health Canada Regulates UV and Ozone Devices<\/a><\/li>\n<li>7 juin 2021: <a href=\"https:\/\/cdto.ca\/second-doses-of-covid-19-vaccines\/\">Second Doses of COVID-19 Vaccines<\/a><\/li>\n<li>4 juin 2021: <a href=\"https:\/\/cdto.ca\/stay-at-home-order-lifted\/\">Stay-at-Home Order Lifted<\/a><\/li>\n<li>26 mai 2021: <a href=\"https:\/\/cdto.ca\/astrazeneca-dose-2-update\/\">AstraZeneca Dose #2 Update<\/a> (Mise \u00e0 jour le 14 juin 2021)<\/li>\n<li>19 mai 2021: <a href=\"https:\/\/cdto.ca\/covid-19-revocation-of-directive-2\/\">COVID-19: Revocation of Directive #2<\/a><\/li>\n<li>26 avril 2021: <a href=\"https:\/\/cdto.ca\/wp-content\/uploads\/COVID-19-Directive-2-Questions-and-Answers.pdf\">COVID-19 Directive #2: Questions and Answers<\/a><\/li>\n<li>21 avril 2021: <a href=\"https:\/\/cdto.ca\/directive-2-reissued\/\">Directive #2 Reissued<\/a><\/li>\n<li>20 avril 2021: <a href=\"https:\/\/cdto.ca\/wp-content\/uploads\/COVID-19-FAQ.pdf\">COVID-19 FAQ<\/a><\/li>\n<li>16 avril 2021: <a href=\"https:\/\/cdto.ca\/continuation-of-stay-at-home-order\/\">Continuation of Stay-at-Home Order<\/a><\/li>\n<li>7 avril 2021: <a href=\"https:\/\/cdto.ca\/emergency-and-stay-at-home-order\/\">Emergency and Stay-at-Home Order<\/a><\/li>\n<li>1 avril 2021: <a href=\"https:\/\/cdto.ca\/office-closure-covid-19-update\/\">Office Closure + COVID-19 Update<\/a><\/li>\n<li>18 mars: <a href=\"https:\/\/cdto.ca\/covid-19-vaccination-information-for-dental-technologists\/\">COVID-19 Vaccination Information<\/a><\/li>\n<li>24 f\u00e9vrier: <a href=\"https:\/\/cdto.ca\/covid-19-vaccination-roll-out\/\">COVID-19 Vaccination Roll-out<\/a><\/li>\n<li>13 janvier: <a href=\"https:\/\/cdto.ca\/new-stay-at-home-order-does-not-impact-dental-technology-services\/\">New Stay-at-Home Order Does Not Impact Dental Technology Services<\/a><\/li>\n<\/ul>\n<h4><strong>2020  <\/strong><\/h4>\n<div class=\"entry-content\">\n<ul>\n<li>21 d\u00e9cembre: <a href=\"https:\/\/cdto.ca\/ontario-government-announces-province-wide-lockdown\/\">Ontario to Enter Province-Wide Lockdown<\/a><\/li>\n<li>20 novembre: <a href=\"https:\/\/cdto.ca\/the-ontario-government-moves-toronto-and-peel-into-lockdown-category\/\">Toronto and Peel Region Moved into \u00ab\u00a0Lockdown\u00a0\u00bb Category<\/a><\/li>\n<li>13 novembre: <a href=\"https:\/\/cdto.ca\/ontarios-new-covid-19-response-framework\/\">Ontario&rsquo;s New COVID-19 Framework<\/a><\/li>\n<li>16 octobre: <a href=\"https:\/\/cdto.ca\/covid-19-update-for-october-2020\/\">COVID-19 Updates for October 2020<\/a><\/li>\n<li>10 juillet: <a href=\"https:\/\/cdto.ca\/memo-from-the-chief-medical-officer-of-health-on-aerosol-generating-dental-procedures-agdps\/\">Memo from the Chief Medical Officer of Health on Aerosol-Generating Dental Procedures (AGDPs)<\/a><\/li>\n<li>4 juin: <a href=\"https:\/\/cdto.ca\/updates-to-return-to-practice-guidance-for-rdts\/\">Updates to Return to Practice Guidance for RDTs<\/a><\/li>\n<li>27 mai: <a href=\"https:\/\/mailchi.mp\/d18ad53e436a\/covid-19-update-premiers-announcement-personal-protective-equipment-needed-ministry-of-health-recruitment-2807685\">COVID-19 Health Sector Restart<\/a><\/li>\n<li>22 mai: <a href=\"https:\/\/mailchi.mp\/88950e8c71ce\/covid-19-update-premiers-announcement-personal-protective-equipment-needed-ministry-of-health-recruitment-2805421\">Return to Practice Guidance for Registered Dental Technologists<\/a> &amp; <a href=\"https:\/\/cdto.ca\/return-to-practice-guidance-for-rdts\/\">FAQs<\/a><\/li>\n<li>13 mai: <a href=\"https:\/\/cdto.ca\/covid-19-update-may-13-2020\/\">COVID-19 Update <\/a> <\/li>\n<li>27 avril: <a href=\"https:\/\/cdto.ca\/working-together-to-return-to-practice\/\">Working Together to Return to Practice <\/a> <\/li>\n<li>14 avril: <a href=\"https:\/\/cdto.ca\/covid-19-update-ontario-takes-further-action-to-stop-the-spread\/\">Ontario Takes Further Action to Stop Spread of COVID-19<\/a><\/li>\n<li>4 avril: Ontario cuts <a href=\"https:\/\/www.ontario.ca\/page\/list-essential-workplaces\">list of essential services<\/a><\/li>\n<li>24 mars: Premier Announced Shutdown of Non-Essential Services and a <a href=\"https:\/\/www.ontario.ca\/page\/list-essential-workplaces\" target=\"_blank\" rel=\"noopener noreferrer\">List of Essential Workplaces<\/a> (The College has approached the Ministry of Health for further direction on whether or not dental labs fall under #54 or if they should look at #58.)<\/li>\n<li>23 mars: <a href=\"https:\/\/cdto.ca\/covid-19-update-premieres-announcement-ministry-of-health-recruitment-personal-protective-equipment-needed\/\" target=\"_blank\" rel=\"noopener noreferrer\">Premier\u2019s Announcement, Ministry of Health Recruitment and PPE Needed<\/a><\/li>\n<li>20 mars: <a href=\"https:\/\/cdto.ca\/covid-19-ressources\/\" target=\"_blank\" rel=\"noopener noreferrer\">Directive from Chief Medical Officer <\/a> <\/li>\n<li>17 mars: <a href=\"https:\/\/cdto.ca\/message-to-dental-technologists-in-ontario-covid-19\/\" target=\"_blank\" rel=\"noopener noreferrer\">CDTO Update<\/a><\/li>\n<li>16 mars: <a href=\"https:\/\/cdto.ca\/message-to-dental-technologists-in-ontario-covid-19\/\" target=\"_blank\" rel=\"noopener noreferrer\">Message to RDTs in Ontario<\/a><\/li>\n<li>28 janvier 2020: <a href=\"https:\/\/cdto.ca\/ministry-of-health-update-on-novel-coronavirus\/\" target=\"_blank\" rel=\"noopener noreferrer\">Ministry of Health Update on Coronavirus <\/a> <\/li>\n<\/ul>\n<h3><\/h3>\n<h3><strong>Ressources du minist\u00e8re de la Sant\u00e9<\/strong><\/h3>\n<ul>\n<li><a href=\"https:\/\/cdto.ca\/wp-content\/uploads\/Directive-2-May-26-2020-1.pdf\">Directive no 2 : \u00c0 l\u2018intention des fournisseurs de soins de sant\u00e9<\/a> \u2013 mise \u00e0 jour le 26 mai 2020<\/li>\n<li><a href=\"https:\/\/cdto.ca\/wp-content\/uploads\/Operational-Requirements-for-Health-Sector-Restart-May-26-2020.pdf\">Exigences op\u00e9rationnelles li\u00e9es \u00e0 la COVID-19 : reprise du secteur de la sant\u00e9 <\/a><\/li>\n<li><a href=\"https:\/\/covid-19.ontario.ca\/supply-emergency-products-help-fight-coronavirus\">Fournir des produits d\u2019urgence pour lutter contre la COVID-19<\/a><\/li>\n<li><a href=\"https:\/\/mcusercontent.com\/211a7b7c058854d0ff86fb610\/files\/83423bc2-fa79-4ed0-91ad-7e890675c4d0\/CMOH_Memo_Health_Worker_Illness_and_Return_to_Work_2020_03_19.pdf\" target=\"_blank\" rel=\"noopener noreferrer\">Gestion de la maladie et du retour au travail des travailleurs de la sant\u00e9 dans le cadre de la COVID-19 <\/a><\/li>\n<li><a href=\"https:\/\/www.publichealthontario.ca\/-\/media\/documents\/ncov\/factsheet-covid-19-environmental-cleaning.pdf?la=en\" target=\"_blank\" rel=\"noopener noreferrer\">Fiche de renseignements \u2013 Nettoyage et d\u00e9sinfection des lieux publics<\/a><\/li>\n<li><a href=\"https:\/\/www.publichealthontario.ca\/-\/media\/documents\/ncov\/factsheet-covid-19-self-monitor.pdf?la=en\" target=\"_blank\" rel=\"noopener noreferrer\">Fiche de renseignements \u2013 Comment s\u2019autosurveiller (Sant\u00e9 publique Ontario)<\/a><\/li>\n<li><a href=\"https:\/\/www.publichealthontario.ca\/-\/media\/documents\/ncov\/factsheet-covid-19-self-monitor.pdf?la=en\" target=\"_blank\" rel=\"noopener noreferrer\">Fiche de renseignements \u2013 Comment s\u2019auto-isoler (Sant\u00e9 publique Ontario)<\/a><\/li>\n<li><a href=\"http:\/\/www.health.gov.on.ca\/en\/pro\/programs\/publichealth\/coronavirus\/2019_guidance.aspx\" target=\"_blank\" rel=\"noopener noreferrer\">Document d\u2019orientation \u00e0 l\u2019intention du secteur de la sant\u00e9<\/a><\/li>\n<li><a href=\"https:\/\/www.ontario.ca\/page\/2019-novel-coronavirus\" target=\"_blank\" rel=\"noopener noreferrer\">Page Web du minist\u00e8re de la Sant\u00e9 <\/a>\u2013 mise \u00e0 jour deux fois par jour \u00e0 10 h 30 et 17 h 30, heure de l\u2019Est<\/li>\n<li><a href=\"http:\/\/health.gov.on.ca\/en\/pro\/programs\/publichealth\/coronavirus\/docs\/2019_case_definition.pdf\" target=\"_blank\" rel=\"noopener noreferrer\">D\u00e9finition de cas<\/a><\/li>\n<\/ul>\n<\/div>\n","protected":false},"excerpt":{"rendered":"<p>Mis \u00e0 jour en juillet 2021 L\u2019Ordre s\u2019engage \u00e0 faire le point sur la COVID-19. \u00c0 mesure que la situation \u00e9volue, les gouvernements provinciaux et f\u00e9d\u00e9ral continuent de mettre \u00e0 [&hellip;]<\/p>\n","protected":false},"author":37,"featured_media":0,"parent":18608,"menu_order":1,"comment_status":"closed","ping_status":"closed","template":"","meta":{"_et_pb_use_builder":"","_et_pb_old_content":"","_et_gb_content_width":"","_exactmetrics_skip_tracking":false,"_exactmetrics_sitenote_active":false,"_exactmetrics_sitenote_note":"","_exactmetrics_sitenote_category":0,"_monsterinsights_skip_tracking":false,"_monsterinsights_sitenote_active":false,"_monsterinsights_sitenote_note":"","_monsterinsights_sitenote_category":0,"_mc_calendar":[],"footnotes":""},"class_list":["post-19586","page","type-page","status-publish","hentry"],"_links":{"self":[{"href":"https:\/\/cdto.ca\/fr\/wp-json\/wp\/v2\/pages\/19586"}],"collection":[{"href":"https:\/\/cdto.ca\/fr\/wp-json\/wp\/v2\/pages"}],"about":[{"href":"https:\/\/cdto.ca\/fr\/wp-json\/wp\/v2\/types\/page"}],"author":[{"embeddable":true,"href":"https:\/\/cdto.ca\/fr\/wp-json\/wp\/v2\/users\/37"}],"replies":[{"embeddable":true,"href":"https:\/\/cdto.ca\/fr\/wp-json\/wp\/v2\/comments?post=19586"}],"version-history":[{"count":0,"href":"https:\/\/cdto.ca\/fr\/wp-json\/wp\/v2\/pages\/19586\/revisions"}],"up":[{"embeddable":true,"href":"https:\/\/cdto.ca\/fr\/wp-json\/wp\/v2\/pages\/18608"}],"wp:attachment":[{"href":"https:\/\/cdto.ca\/fr\/wp-json\/wp\/v2\/media?parent=19586"}],"curies":[{"name":"wp","href":"https:\/\/api.w.org\/{rel}","templated":true}]}}