{"id":23948,"date":"2017-03-02T17:14:38","date_gmt":"2017-03-02T22:14:38","guid":{"rendered":"https:\/\/cdto.ca\/portail-du-conseil-et-des-comites\/comite-dassurance-de-la-qualite\/"},"modified":"2021-09-23T12:43:42","modified_gmt":"2021-09-23T16:43:42","slug":"comite-dassurance-de-la-qualite","status":"publish","type":"page","link":"https:\/\/cdto.ca\/fr\/portail-du-conseil-et-des-comites\/comite-dassurance-de-la-qualite\/","title":{"rendered":"Comit\u00e9 d\u2019assurance de la qualit\u00e9"},"content":{"rendered":"<p>[et_pb_section fb_built=\u00a0\u00bb1&Prime; fullwidth=\u00a0\u00bbon\u00a0\u00bb _builder_version=\u00a0\u00bb4.4.1&Prime; background_image=\u00a0\u00bbhttps:\/\/cdto.ca\/wp-content\/uploads\/cdto-_0005_ING_19060_71344.jpg\u00a0\u00bb custom_css_main_element=\u00a0\u00bbheight: 250px\u00a0\u00bb global_module=\u00a0\u00bb383&Prime;][et_pb_fullwidth_header title=\u00a0\u00bb@ET-DC@eyJkeW5hbWljIjp0cnVlLCJjb250ZW50IjoicG9zdF90aXRsZSIsInNldHRpbmdzIjp7ImJlZm9yZSI6IiIsImFmdGVyIjoiIn19@\u00a0\u00bb _builder_version=\u00a0\u00bb4.4.1&Prime; _dynamic_attributes=\u00a0\u00bbtitle\u00a0\u00bb title_level=\u00a0\u00bbh2&Prime; title_font=\u00a0\u00bb|700|||||||\u00a0\u00bb title_font_size=\u00a0\u00bb38px\u00a0\u00bb background_color=\u00a0\u00bbrgba(0,0,0,0.35)\u00a0\u00bb custom_margin=\u00a0\u00bb||||false|false\u00a0\u00bb custom_padding=\u00a0\u00bb100px||75px||false|false\u00a0\u00bb][\/et_pb_fullwidth_header][\/et_pb_section][et_pb_section fb_built=\u00a0\u00bb1&Prime; admin_label=\u00a0\u00bbsection\u00a0\u00bb _builder_version=\u00a0\u00bb3.22&Prime;][et_pb_row column_structure=\u00a0\u00bb2_3,1_3&Prime; admin_label=\u00a0\u00bbrow\u00a0\u00bb _builder_version=\u00a0\u00bb3.25&Prime; background_size=\u00a0\u00bbinitial\u00a0\u00bb background_position=\u00a0\u00bbtop_left\u00a0\u00bb background_repeat=\u00a0\u00bbrepeat\u00a0\u00bb][et_pb_column type=\u00a0\u00bb2_3&Prime; _builder_version=\u00a0\u00bb3.25&Prime; custom_padding=\u00a0\u00bb|||\u00a0\u00bb custom_padding__hover=\u00a0\u00bb|||\u00a0\u00bb][et_pb_text admin_label=\u00a0\u00bbQuality Assurance Committee\u00a0\u00bb _builder_version=\u00a0\u00bb3.29.3&Prime;]<\/p>\n<h3><\/h3>\n<p>&nbsp;<\/p>\n<h2>Trousse d\u2019outils du comit\u00e9<\/h2>\n<p><em><a href=\"https:\/\/www.ontario.ca\/laws\/statute\/91r18\">Loi de 1991 sur les professions de la sant\u00e9 r\u00e9glement\u00e9es<\/a><\/em><\/p>\n<p><em><a href=\"https:\/\/www.ontario.ca\/laws\/statute\/91d23\">Loi de 1991 sur les technologues dentaires<\/a><\/em><\/p>\n<p>R\u00e8glement g\u00e9n\u00e9ral sur <a href=\"https:\/\/www.ontario.ca\/laws\/regulation\/980604\">l\u2019assurance de<\/a> la qualit\u00e9 en vertu de la <em>Loi de 1991 sur la technologie dentaire<\/em><\/p>\n<p><a href=\"https:\/\/www.ontario.ca\/laws\/regulation\/930798\">R\u00e8glement sur la faute professionnelle<\/a> en vertu de la Loi de<em> 1991 sur la technologie dentaire<\/em><\/p>\n<p><a href=\"https:\/\/cdto.ca\/wp-content\/uploads\/Code-of-Conduct-for-Council-and-Committee-Members.pdf\">Code de conduite des membres du Conseil et du Comit\u00e9,<\/a>annexe 3 des r\u00e8glements administratifs de l\u2019Ordre<em><\/em><\/p>\n<p><a href=\"https:\/\/cdto.ca\/wp-content\/uploads\/Performance-Evaluation-For-Committtees.pdf\">\u00c9valuation du rendement des comit\u00e9s,<\/a>7.3 du Manuel des politiques de gouvernance<\/p>\n<h2>Trousses de r\u00e9union du Comit\u00e9 d\u2019assurance de la qualit\u00e9<\/h2>\n<p>Les trousses de r\u00e9union du comit\u00e9 sont disponibles ici une semaine avant la date de la r\u00e9union.<\/p>\n<p><em><\/em><\/p>\n<p><strong style=\"font-size: 16px\">Trousse de r\u00e9union du comit\u00e9 \u00e0 venir<\/strong><\/p>\n<p><a href=\"https:\/\/cdto.ca\/wp-content\/uploads\/2021-05-26-QA-Meeting-Package.pdf\">26 mai 2021 &#8211; Trousse de r\u00e9union sur l\u2019assurance qualit\u00e9<\/a><\/p>\n<p><b><strong>Ensemble de r\u00e9unions pr\u00e9c\u00e9dentes du Comit\u00e9<\/strong><\/b><b><strong><\/strong><\/b><\/p>\n<p><a href=\"https:\/\/cdto.ca\/wp-content\/uploads\/2020-09-02-QA-Package.pdf\">2 septembre 2020 &#8211; Trousse de r\u00e9union sur l\u2019assurance qualit\u00e9<\/a><\/p>\n<p><a href=\"https:\/\/cdto.ca\/wp-content\/uploads\/2020-06-24-QA-Meeting-Package.pdf\">24 juin 2020 &#8211; Trousse de r\u00e9union sur l\u2019assurance qualit\u00e9<\/a><\/p>\n<p><a href=\"https:\/\/cdto.ca\/wp-content\/uploads\/1.-Agenda-Package-1.pdf\">5 d\u00e9cembre 2019 &#8211; Trousse de r\u00e9union sur l\u2019assurance qualit\u00e9<\/a><\/p>\n<p><a href=\"https:\/\/cdto.ca\/wp-content\/uploads\/1.-Agenda.pdf\">15 novembre 2019 &#8211; Trousse de r\u00e9union sur l\u2019assurance qualit\u00e9<\/a><\/p>\n<p>30 mai 2019 &#8211; Trousse de r\u00e9union sur l\u2019assurance qualit\u00e9<\/p>\n<p><a href=\"https:\/\/cdto.ca\/wp-content\/uploads\/QA-Committee-Meeting-Package-April-5-2019.pdf\" target=\"_blank\" rel=\"noopener noreferrer\">5 avril 2019 &#8211; Trousse de r\u00e9union sur l\u2019assurance qualit\u00e9<\/a><\/p>\n<p><a href=\"https:\/\/cdto.ca\/wp-content\/uploads\/QA-Meeting-Package.pdf\" target=\"_blank\" rel=\"noopener noreferrer\">9 novembre 2018 &#8211; Trousse de r\u00e9union sur l\u2019assurance qualit\u00e9<\/a><\/p>\n<p><a href=\"https:\/\/cdto.ca\/wp-content\/uploads\/QA-Package-May-2-2018.pdf\" target=\"_blank\" rel=\"noopener noreferrer\">2 mai 2018 &#8211; Trousse de r\u00e9union sur l\u2019assurance qualit\u00e9<\/a><\/p>\n<p><a href=\"https:\/\/cdto.ca\/wp-content\/uploads\/QAC-Meeting-Package-March-23-2018.pdf\" target=\"_blank\" rel=\"noopener noreferrer\">23 mars 2018 &#8211; Trousse de r\u00e9union sur l\u2019assurance qualit\u00e9<\/a><\/p>\n<p><a href=\"https:\/\/cdto.ca\/wp-content\/uploads\/QAC-November-24-2017-Meeting-Package.pdf\" target=\"_blank\" rel=\"noopener noreferrer\">24 novembre 2017 &#8211; Trousse de r\u00e9union sur l\u2019assurance qualit\u00e9<\/a><\/p>\n<p><a href=\"https:\/\/cdto.ca\/wp-content\/uploads\/QAC-Meeting-Package-Sept-22-2017.pdf\" target=\"_blank\" rel=\"noopener noreferrer\">22 septembre 2017 &#8211; Trousse de r\u00e9union sur l\u2019assurance qualit\u00e9<\/a><\/p>\n<p><a href=\"https:\/\/cdto.ca\/wp-content\/uploads\/June-9-2017-QAC-meeting-binder.pdf\" target=\"_blank\" rel=\"noopener noreferrer\">9 juin 2017 &#8211; Trousse de r\u00e9union sur l\u2019assurance qualit\u00e9<\/a><\/p>\n<p><a href=\"https:\/\/cdto.ca\/wp-content\/uploads\/March-3-2017-QAC-meeting-binder.pdf\" target=\"_blank\" rel=\"noopener noreferrer\">3 mars 2017 &#8211; Trousse de r\u00e9union sur l\u2019assurance qualit\u00e9<\/a><\/p>\n<p>&nbsp;<\/p>\n<hr>\n<p>&nbsp;<\/p>\n<h2>Ressources du comit\u00e9<\/h2>\n<p><a href=\"https:\/\/cdto.ca\/wp-content\/uploads\/Honoraria-Claim-Form.pdf\" target=\"_blank\" rel=\"noopener noreferrer\">Formulaire de r\u00e9clamation honorifique &#8211; Membres professionnels<\/a><\/p>\n<p><a href=\"https:\/\/cdto.ca\/wp-content\/uploads\/QA-Scoping-Review-Zubin-Austins-Report.pdf\" target=\"_blank\" rel=\"noopener noreferrer\">Rapport d\u2019assurance qualit\u00e9 et de comp\u00e9tences professionnelles de Zubin Austin <\/a><\/p>\n<p>&nbsp;<\/p>\n<hr>\n<p>&nbsp;<\/p>\n<p>&nbsp;<\/p>\n<p>&nbsp;<\/p>\n<p>[\/et_pb_text][\/et_pb_column][et_pb_column type=\u00a0\u00bb1_3&Prime; _builder_version=\u00a0\u00bb3.25&Prime; custom_padding=\u00a0\u00bb|||\u00a0\u00bb custom_padding__hover=\u00a0\u00bb|||\u00a0\u00bb][et_pb_login title=\u00a0\u00bbConnexion administrateur\u00a0\u00bb _builder_version=\u00a0\u00bb3.23&Prime; text_orientation=\u00a0\u00bbcenter\u00a0\u00bb border_style=\u00a0\u00bbsolid\u00a0\u00bb focus_border_color=\u00a0\u00bb#ffffff\u00a0\u00bb button_letter_spacing_hover=\u00a0\u00bb0&Prime; button_text_size__hover_enabled=\u00a0\u00bboff\u00a0\u00bb button_text_size__hover=\u00a0\u00bbnull\u00a0\u00bb button_one_text_size__hover_enabled=\u00a0\u00bboff\u00a0\u00bb button_one_text_size__hover=\u00a0\u00bbnull\u00a0\u00bb button_two_text_size__hover_enabled=\u00a0\u00bboff\u00a0\u00bb button_two_text_size__hover=\u00a0\u00bbnull\u00a0\u00bb button_text_color__hover_enabled=\u00a0\u00bboff\u00a0\u00bb button_text_color__hover=\u00a0\u00bbnull\u00a0\u00bb button_one_text_color__hover_enabled=\u00a0\u00bboff\u00a0\u00bb button_one_text_color__hover=\u00a0\u00bbnull\u00a0\u00bb button_two_text_color__hover_enabled=\u00a0\u00bboff\u00a0\u00bb button_two_text_color__hover=\u00a0\u00bbnull\u00a0\u00bb button_border_width__hover_enabled=\u00a0\u00bboff\u00a0\u00bb button_border_width__hover=\u00a0\u00bbnull\u00a0\u00bb button_one_border_width__hover_enabled=\u00a0\u00bboff\u00a0\u00bb button_one_border_width__hover=\u00a0\u00bbnull\u00a0\u00bb button_two_border_width__hover_enabled=\u00a0\u00bboff\u00a0\u00bb button_two_border_width__hover=\u00a0\u00bbnull\u00a0\u00bb button_border_color__hover_enabled=\u00a0\u00bboff\u00a0\u00bb button_border_color__hover=\u00a0\u00bbnull\u00a0\u00bb button_one_border_color__hover_enabled=\u00a0\u00bboff\u00a0\u00bb button_one_border_color__hover=\u00a0\u00bbnull\u00a0\u00bb button_two_border_color__hover_enabled=\u00a0\u00bboff\u00a0\u00bb button_two_border_color__hover=\u00a0\u00bbnull\u00a0\u00bb button_border_radius__hover_enabled=\u00a0\u00bboff\u00a0\u00bb button_border_radius__hover=\u00a0\u00bbnull\u00a0\u00bb button_one_border_radius__hover_enabled=\u00a0\u00bboff\u00a0\u00bb button_one_border_radius__hover=\u00a0\u00bbnull\u00a0\u00bb button_two_border_radius__hover_enabled=\u00a0\u00bboff\u00a0\u00bb button_two_border_radius__hover=\u00a0\u00bbnull\u00a0\u00bb button_letter_spacing__hover_enabled=\u00a0\u00bbon\u00a0\u00bb button_letter_spacing__hover=\u00a0\u00bb0&Prime; button_one_letter_spacing__hover_enabled=\u00a0\u00bboff\u00a0\u00bb button_one_letter_spacing__hover=\u00a0\u00bbnull\u00a0\u00bb button_two_letter_spacing__hover_enabled=\u00a0\u00bboff\u00a0\u00bb button_two_letter_spacing__hover=\u00a0\u00bbnull\u00a0\u00bb button_bg_color__hover_enabled=\u00a0\u00bboff\u00a0\u00bb button_bg_color__hover=\u00a0\u00bbnull\u00a0\u00bb button_one_bg_color__hover_enabled=\u00a0\u00bboff\u00a0\u00bb button_one_bg_color__hover=\u00a0\u00bbnull\u00a0\u00bb button_two_bg_color__hover_enabled=\u00a0\u00bboff\u00a0\u00bb button_two_bg_color__hover=\u00a0\u00bbnull\u00a0\u00bb][\/et_pb_login][et_pb_sidebar orientation=\u00a0\u00bbright\u00a0\u00bb area=\u00a0\u00bbet_pb_widget_area_15&Prime; admin_label=\u00a0\u00bbcouncil-committees-sidebar\u00a0\u00bb _builder_version=\u00a0\u00bb3.0.74&Prime; header_font=\u00a0\u00bb||||\u00a0\u00bb body_font=\u00a0\u00bb||||\u00a0\u00bb header_font_size_tablet=\u00a0\u00bb18&Prime; header_font_size_phone=\u00a0\u00bb18&Prime; header_letter_spacing_tablet=\u00a0\u00bb0px\u00a0\u00bb header_letter_spacing_phone=\u00a0\u00bb0px\u00a0\u00bb header_line_height_tablet=\u00a0\u00bb1em\u00a0\u00bb header_line_height_phone=\u00a0\u00bb1em\u00a0\u00bb body_font_size_tablet=\u00a0\u00bb14&Prime; body_font_size_phone=\u00a0\u00bb14&Prime; body_letter_spacing_tablet=\u00a0\u00bb0px\u00a0\u00bb body_letter_spacing_phone=\u00a0\u00bb0px\u00a0\u00bb body_line_height_tablet=\u00a0\u00bb1.7em\u00a0\u00bb body_line_height_phone=\u00a0\u00bb1.7em\u00a0\u00bb remove_border=\u00a0\u00bboff\u00a0\u00bb global_module=\u00a0\u00bb2662&Prime; saved_tabs=\u00a0\u00bball\u00a0\u00bb][\/et_pb_sidebar][\/et_pb_column][\/et_pb_row][\/et_pb_section][et_pb_section fb_built=\u00a0\u00bb1&Prime; custom_padding_last_edited=\u00a0\u00bbon|desktop\u00a0\u00bb _builder_version=\u00a0\u00bb4.0.11&Prime; background_color=\u00a0\u00bbrgba(255,216,2,0.5)\u00a0\u00bb background_image=\u00a0\u00bbhttps:\/\/cdto.ca\/wp-content\/uploads\/mission_overlay.png\u00a0\u00bb custom_padding=\u00a0\u00bb4px||27px|||\u00a0\u00bb custom_padding_tablet=\u00a0\u00bb50px|0|50px|0&Prime; custom_padding_phone=\u00a0\u00bb\u00a0\u00bb custom_css_main_element=\u00a0\u00bb background-position-x: 85%;|| background-size: initial;|| background-position-y: 100%;\u00a0\u00bb global_module=\u00a0\u00bb2751&Prime;][et_pb_row module_class=\u00a0\u00bb et_pb_row_fullwidth\u00a0\u00bb _builder_version=\u00a0\u00bb3.25&Prime; background_size=\u00a0\u00bbinitial\u00a0\u00bb background_position=\u00a0\u00bbtop_left\u00a0\u00bb background_repeat=\u00a0\u00bbrepeat\u00a0\u00bb width=\u00a0\u00bb94%\u00a0\u00bb width_tablet=\u00a0\u00bb80%\u00a0\u00bb width_phone=\u00a0\u00bb\u00a0\u00bb width_last_edited=\u00a0\u00bbon|desktop\u00a0\u00bb max_width=\u00a0\u00bb94%\u00a0\u00bb max_width_tablet=\u00a0\u00bb80%\u00a0\u00bb max_width_phone=\u00a0\u00bb\u00a0\u00bb max_width_last_edited=\u00a0\u00bbon|desktop\u00a0\u00bb make_fullwidth=\u00a0\u00bbon\u00a0\u00bb use_custom_width=\u00a0\u00bboff\u00a0\u00bb width_unit=\u00a0\u00bbon\u00a0\u00bb][et_pb_column type=\u00a0\u00bb4_4&Prime; _builder_version=\u00a0\u00bb3.25&Prime; custom_padding=\u00a0\u00bb|||\u00a0\u00bb custom_padding__hover=\u00a0\u00bb|||\u00a0\u00bb][et_pb_cta title=\u00a0\u00bbPour en savoir plus sur l&rsquo;Ordre des technologistes dentaires de l&rsquo;Ontario:\u00a0\u00bb button_url=\u00a0\u00bbhttps:\/\/cdto.ca\/fr\/nous-contacter\/\u00a0\u00bb button_text=\u00a0\u00bbNous Contacter\u00a0\u00bb admin_label=\u00a0\u00bbCall To Action-email-list\u00a0\u00bb _builder_version=\u00a0\u00bb4.0.11&Prime; header_font_size=\u00a0\u00bb27px\u00a0\u00bb use_background_color=\u00a0\u00bboff\u00a0\u00bb background_size=\u00a0\u00bbinitial\u00a0\u00bb background_position=\u00a0\u00bbtop_left\u00a0\u00bb background_repeat=\u00a0\u00bbrepeat\u00a0\u00bb custom_button=\u00a0\u00bbon\u00a0\u00bb button_text_color=\u00a0\u00bb#4488c8&Prime; background_layout=\u00a0\u00bblight\u00a0\u00bb button_text_size__hover_enabled=\u00a0\u00bboff\u00a0\u00bb button_text_size__hover=\u00a0\u00bbnull\u00a0\u00bb button_one_text_size__hover_enabled=\u00a0\u00bboff\u00a0\u00bb button_one_text_size__hover=\u00a0\u00bbnull\u00a0\u00bb button_two_text_size__hover_enabled=\u00a0\u00bboff\u00a0\u00bb button_two_text_size__hover=\u00a0\u00bbnull\u00a0\u00bb button_text_color__hover_enabled=\u00a0\u00bboff\u00a0\u00bb button_text_color__hover=\u00a0\u00bbnull\u00a0\u00bb button_one_text_color__hover_enabled=\u00a0\u00bboff\u00a0\u00bb button_one_text_color__hover=\u00a0\u00bbnull\u00a0\u00bb button_two_text_color__hover_enabled=\u00a0\u00bboff\u00a0\u00bb button_two_text_color__hover=\u00a0\u00bbnull\u00a0\u00bb button_border_width__hover_enabled=\u00a0\u00bboff\u00a0\u00bb button_border_width__hover=\u00a0\u00bbnull\u00a0\u00bb button_one_border_width__hover_enabled=\u00a0\u00bboff\u00a0\u00bb button_one_border_width__hover=\u00a0\u00bbnull\u00a0\u00bb button_two_border_width__hover_enabled=\u00a0\u00bboff\u00a0\u00bb button_two_border_width__hover=\u00a0\u00bbnull\u00a0\u00bb button_border_color__hover_enabled=\u00a0\u00bboff\u00a0\u00bb button_border_color__hover=\u00a0\u00bbnull\u00a0\u00bb button_one_border_color__hover_enabled=\u00a0\u00bboff\u00a0\u00bb button_one_border_color__hover=\u00a0\u00bbnull\u00a0\u00bb button_two_border_color__hover_enabled=\u00a0\u00bboff\u00a0\u00bb button_two_border_color__hover=\u00a0\u00bbnull\u00a0\u00bb button_border_radius__hover_enabled=\u00a0\u00bboff\u00a0\u00bb button_border_radius__hover=\u00a0\u00bbnull\u00a0\u00bb button_one_border_radius__hover_enabled=\u00a0\u00bboff\u00a0\u00bb button_one_border_radius__hover=\u00a0\u00bbnull\u00a0\u00bb button_two_border_radius__hover_enabled=\u00a0\u00bboff\u00a0\u00bb button_two_border_radius__hover=\u00a0\u00bbnull\u00a0\u00bb button_letter_spacing__hover_enabled=\u00a0\u00bboff\u00a0\u00bb button_letter_spacing__hover=\u00a0\u00bbnull\u00a0\u00bb button_one_letter_spacing__hover_enabled=\u00a0\u00bboff\u00a0\u00bb button_one_letter_spacing__hover=\u00a0\u00bbnull\u00a0\u00bb button_two_letter_spacing__hover_enabled=\u00a0\u00bboff\u00a0\u00bb button_two_letter_spacing__hover=\u00a0\u00bbnull\u00a0\u00bb button_bg_color__hover_enabled=\u00a0\u00bboff\u00a0\u00bb button_bg_color__hover=\u00a0\u00bbnull\u00a0\u00bb button_one_bg_color__hover_enabled=\u00a0\u00bboff\u00a0\u00bb button_one_bg_color__hover=\u00a0\u00bbnull\u00a0\u00bb button_two_bg_color__hover_enabled=\u00a0\u00bboff\u00a0\u00bb button_two_bg_color__hover=\u00a0\u00bbnull\u00a0\u00bb][\/et_pb_cta][\/et_pb_column][\/et_pb_row][\/et_pb_section]<\/p>\n","protected":false},"excerpt":{"rendered":"<p>&nbsp; Trousse d\u2019outils du comit\u00e9 Loi de 1991 sur les professions de la sant\u00e9 r\u00e9glement\u00e9es Loi de 1991 sur les technologues dentaires R\u00e8glement g\u00e9n\u00e9ral sur l\u2019assurance de la qualit\u00e9 en [&hellip;]<\/p>\n","protected":false},"author":1,"featured_media":0,"parent":19592,"menu_order":3,"comment_status":"closed","ping_status":"closed","template":"page-template-qualityassurance.php","meta":{"_et_pb_use_builder":"on","_et_pb_old_content":"","_et_gb_content_width":"","_exactmetrics_skip_tracking":false,"_exactmetrics_sitenote_active":false,"_exactmetrics_sitenote_note":"","_exactmetrics_sitenote_category":0,"_monsterinsights_skip_tracking":false,"_monsterinsights_sitenote_active":false,"_monsterinsights_sitenote_note":"","_monsterinsights_sitenote_category":0,"_mc_calendar":[],"footnotes":""},"class_list":["post-23948","page","type-page","status-publish","hentry"],"_links":{"self":[{"href":"https:\/\/cdto.ca\/fr\/wp-json\/wp\/v2\/pages\/23948"}],"collection":[{"href":"https:\/\/cdto.ca\/fr\/wp-json\/wp\/v2\/pages"}],"about":[{"href":"https:\/\/cdto.ca\/fr\/wp-json\/wp\/v2\/types\/page"}],"author":[{"embeddable":true,"href":"https:\/\/cdto.ca\/fr\/wp-json\/wp\/v2\/users\/1"}],"replies":[{"embeddable":true,"href":"https:\/\/cdto.ca\/fr\/wp-json\/wp\/v2\/comments?post=23948"}],"version-history":[{"count":0,"href":"https:\/\/cdto.ca\/fr\/wp-json\/wp\/v2\/pages\/23948\/revisions"}],"up":[{"embeddable":true,"href":"https:\/\/cdto.ca\/fr\/wp-json\/wp\/v2\/pages\/19592"}],"wp:attachment":[{"href":"https:\/\/cdto.ca\/fr\/wp-json\/wp\/v2\/media?parent=23948"}],"curies":[{"name":"wp","href":"https:\/\/api.w.org\/{rel}","templated":true}]}}