{"id":23975,"date":"2017-03-02T15:50:46","date_gmt":"2017-03-02T20:50:46","guid":{"rendered":"https:\/\/cdto.ca\/portail-du-conseil-et-des-comites\/bureau\/"},"modified":"2021-09-23T12:44:25","modified_gmt":"2021-09-23T16:44:25","slug":"bureau","status":"publish","type":"page","link":"https:\/\/cdto.ca\/fr\/portail-du-conseil-et-des-comites\/bureau\/","title":{"rendered":"Bureau"},"content":{"rendered":"<p>[et_pb_section fb_built=\u00a0\u00bb1&Prime; fullwidth=\u00a0\u00bbon\u00a0\u00bb _builder_version=\u00a0\u00bb4.4.1&Prime; background_image=\u00a0\u00bbhttps:\/\/cdto.ca\/wp-content\/uploads\/cdto-_0005_ING_19060_71344.jpg\u00a0\u00bb custom_css_main_element=\u00a0\u00bbheight: 250px\u00a0\u00bb global_module=\u00a0\u00bb383&Prime;][et_pb_fullwidth_header title=\u00a0\u00bb@ET-DC@eyJkeW5hbWljIjp0cnVlLCJjb250ZW50IjoicG9zdF90aXRsZSIsInNldHRpbmdzIjp7ImJlZm9yZSI6IiIsImFmdGVyIjoiIn19@\u00a0\u00bb _builder_version=\u00a0\u00bb4.4.1&Prime; _dynamic_attributes=\u00a0\u00bbtitle\u00a0\u00bb title_level=\u00a0\u00bbh2&Prime; title_font=\u00a0\u00bb|700|||||||\u00a0\u00bb title_font_size=\u00a0\u00bb38px\u00a0\u00bb background_color=\u00a0\u00bbrgba(0,0,0,0.35)\u00a0\u00bb custom_margin=\u00a0\u00bb||||false|false\u00a0\u00bb custom_padding=\u00a0\u00bb100px||75px||false|false\u00a0\u00bb][\/et_pb_fullwidth_header][\/et_pb_section][et_pb_section fb_built=\u00a0\u00bb1&Prime; admin_label=\u00a0\u00bbsection\u00a0\u00bb _builder_version=\u00a0\u00bb3.22&Prime;][et_pb_row column_structure=\u00a0\u00bb2_3,1_3&Prime; admin_label=\u00a0\u00bbrow\u00a0\u00bb _builder_version=\u00a0\u00bb3.25&Prime; background_size=\u00a0\u00bbinitial\u00a0\u00bb background_position=\u00a0\u00bbtop_left\u00a0\u00bb background_repeat=\u00a0\u00bbrepeat\u00a0\u00bb][et_pb_column type=\u00a0\u00bb2_3&Prime; _builder_version=\u00a0\u00bb3.25&Prime; custom_padding=\u00a0\u00bb|||\u00a0\u00bb custom_padding__hover=\u00a0\u00bb|||\u00a0\u00bb][et_pb_text admin_label=\u00a0\u00bbExecutive Committee\u00a0\u00bb _builder_version=\u00a0\u00bb4.9.4&Prime;]<\/p>\n<h3>Dates des r\u00e9unions du Comit\u00e9 ex\u00e9cutif<\/h3>\n<p>Les dates de r\u00e9union confirm\u00e9es sont les suivantes :<\/p>\n<ul>\n<li><strong>24 ao\u00fbt 2021 &#8211; 17h00 \u00e0 19h30<br \/><\/strong><\/li>\n<\/ul>\n<hr>\n<h2>Forfaits de r\u00e9union du Comit\u00e9 ex\u00e9cutif<\/h2>\n<p>Les trousses de r\u00e9union du comit\u00e9 sont disponibles ici une semaine avant la date de la r\u00e9union.<\/p>\n<p><strong>Prochaine r\u00e9union du Comit\u00e9 ex\u00e9cutif<\/strong><\/p>\n<p><a href=\"https:\/\/cdto.ca\/wp-content\/uploads\/160th-EC-Package-August-24-2021.pdf\">24 ao\u00fbt 2021 &#8211; Forfait de la 160e r\u00e9union du Comit\u00e9 ex\u00e9cutif <\/a><\/p>\n<ul>\n<li><a href=\"https:\/\/cdto.ca\/wp-content\/uploads\/160th-Executive-Committee-Mtg-Updated-Agenda-with-Items-3.1-and-4.1-August-24-2021.pdf\">24 ao\u00fbt 2021 &#8211; Ordre du jour r\u00e9vis\u00e9 avec les points 3.1 et 4.1 (31 pages suppl\u00e9mentaires)<\/a><\/li>\n<\/ul>\n<p><b>Forfait de la r\u00e9union pr\u00e9c\u00e9dente <strong>du Comit\u00e9 ex\u00e9cutif<\/strong><\/b><\/p>\n<p><a href=\"https:\/\/cdto.ca\/wp-content\/uploads\/159th-Executive-Package-June-15-2021.pdf\">15 juin 2021 &#8211; 159e r\u00e9union du Comit\u00e9 ex\u00e9cutif<\/a><\/p>\n<p><a href=\"https:\/\/cdto.ca\/wp-content\/uploads\/158th-Executive-Meeting-Package-June-4-2021.pdf\">4 juin 2021 &#8211; 158e r\u00e9union du Comit\u00e9 ex\u00e9cutif<\/a><\/p>\n<p><a href=\"https:\/\/cdto.ca\/wp-content\/uploads\/157th-EC-Package.pdf\">1er avril 2021 &#8211; 157e r\u00e9union du Comit\u00e9 ex\u00e9cutif<\/a><\/p>\n<p><a href=\"https:\/\/cdto.ca\/wp-content\/uploads\/1.-151st-Executive-Committee-Package-November-13-2020.pdf\">13 novembre 2020 &#8211; Forfait de la 151e r\u00e9union du Comit\u00e9 ex\u00e9cutif<\/a><\/p>\n<p><a href=\"https:\/\/cdto.ca\/wp-content\/uploads\/Final-Meeting-Package.pdf\">16 septembre 2020 &#8211; 150e r\u00e9union de l\u2019ex\u00e9cutif<\/a><\/p>\n<p>22 mai 2020 &#8211; Reprise des l\u2019assembl\u00e9es &#8211; R\u00e9union du Comit\u00e9 ex\u00e9cutif<\/p>\n<p><a href=\"https:\/\/cdto.ca\/wp-content\/uploads\/1.-149th-Executive-Committee-Package-May-132020.pdf\"><strong>13 mai 2020 &#8211; 149e r\u00e9union du Comit\u00e9 ex\u00e9cutif<\/strong><\/a><\/p>\n<p><a href=\"https:\/\/cdto.ca\/wp-content\/uploads\/1.-148th-Executive-Committee-Package-March-132020.pdf\">13 mars 2020 &#8211; 148e r\u00e9union du Comit\u00e9 ex\u00e9cutif<\/a><\/p>\n<p><a href=\"https:\/\/cdto.ca\/wp-content\/uploads\/College-of-Dental-Technologists-Covid-19-Response.pdf\"><strong> Autre point d\u2019ordre du jour &#8211; College of Dental Technologists Covid-19 Response<\/strong><\/a><\/p>\n<p><b><strong><a href=\"https:\/\/cdto.ca\/wp-content\/uploads\/1.-147th-Executive-Committee-Package-Feb-13-2020-1.pdf\"> 13 f\u00e9vrier 2020 &#8211; 147e r\u00e9union du Comit\u00e9 ex\u00e9cutif<\/a><\/strong><\/b><\/p>\n<p><a href=\"https:\/\/cdto.ca\/wp-content\/uploads\/1.-Agenda-Package-Dec-52019.pdf\">5 d\u00e9cembre 2019 &#8211; 146e r\u00e9union du Comit\u00e9 ex\u00e9cutif<\/a><\/p>\n<p><a href=\"https:\/\/cdto.ca\/wp-content\/uploads\/1.-Agenda-2.pdf\">22 novembre 2019 &#8211; Ordre du jour de la 145e r\u00e9union du Conseil ex\u00e9cutif<\/a><\/p>\n<p><a href=\"https:\/\/cdto.ca\/wp-content\/uploads\/139th-Executive-Commitee-Package.pdf\" target=\"_blank\" rel=\"noopener noreferrer\">16 novembre 2018 &#8211; R\u00e9union du Comit\u00e9 ex\u00e9cutif<\/a><\/p>\n<p><a href=\"https:\/\/cdto.ca\/wp-content\/uploads\/138th-Executive-Committee-Package.pdf\" target=\"_blank\" rel=\"noopener noreferrer\">12 septembre 2018 &#8211; T\u00e9l\u00e9conf\u00e9rence du Comit\u00e9 ex\u00e9cutif<\/a><\/p>\n<p><a href=\"https:\/\/cdto.ca\/wp-content\/uploads\/Executive-Committee-Package.pdf\" target=\"_blank\" rel=\"noopener noreferrer\">30 mai 2018 &#8211; T\u00e9l\u00e9conf\u00e9rence du Comit\u00e9 ex\u00e9cutif<\/a><\/p>\n<p><a href=\"https:\/\/cdto.ca\/wp-content\/uploads\/Executive-Committee-Package-1.pdf\" target=\"_blank\" rel=\"noopener noreferrer\">10 mai 2018 &#8211; T\u00e9l\u00e9conf\u00e9rence du Comit\u00e9 ex\u00e9cutif<\/a><\/p>\n<p><a href=\"https:\/\/cdto.ca\/wp-content\/uploads\/Executive-Committee-Package-April-13-2018.pdf\" target=\"_blank\" rel=\"noopener noreferrer\">13 avril 2018 &#8211; R\u00e9union du Comit\u00e9 ex\u00e9cutif<\/a><\/p>\n<hr>\n<h2>Ressources de la r\u00e9union du comit\u00e9<\/h2>\n<p><a href=\"https:\/\/cdto.ca\/wp-content\/uploads\/Terms-of-Reference-Combined.pdf\" target=\"_blank\" rel=\"noopener noreferrer\">Mandat de tous les comit\u00e9s<\/a><\/p>\n<hr>\n<p>&nbsp;<\/p>\n<p>[\/et_pb_text][\/et_pb_column][et_pb_column type=\u00a0\u00bb1_3&Prime; _builder_version=\u00a0\u00bb3.25&Prime; custom_padding=\u00a0\u00bb|||\u00a0\u00bb custom_padding__hover=\u00a0\u00bb|||\u00a0\u00bb][et_pb_login title=\u00a0\u00bbConnexion administrateur\u00a0\u00bb _builder_version=\u00a0\u00bb3.23&Prime; text_orientation=\u00a0\u00bbcenter\u00a0\u00bb border_style=\u00a0\u00bbsolid\u00a0\u00bb focus_border_color=\u00a0\u00bb#ffffff\u00a0\u00bb button_letter_spacing_hover=\u00a0\u00bb0&Prime; button_text_size__hover_enabled=\u00a0\u00bboff\u00a0\u00bb button_text_size__hover=\u00a0\u00bbnull\u00a0\u00bb button_one_text_size__hover_enabled=\u00a0\u00bboff\u00a0\u00bb button_one_text_size__hover=\u00a0\u00bbnull\u00a0\u00bb button_two_text_size__hover_enabled=\u00a0\u00bboff\u00a0\u00bb button_two_text_size__hover=\u00a0\u00bbnull\u00a0\u00bb button_text_color__hover_enabled=\u00a0\u00bboff\u00a0\u00bb button_text_color__hover=\u00a0\u00bbnull\u00a0\u00bb button_one_text_color__hover_enabled=\u00a0\u00bboff\u00a0\u00bb button_one_text_color__hover=\u00a0\u00bbnull\u00a0\u00bb button_two_text_color__hover_enabled=\u00a0\u00bboff\u00a0\u00bb button_two_text_color__hover=\u00a0\u00bbnull\u00a0\u00bb button_border_width__hover_enabled=\u00a0\u00bboff\u00a0\u00bb button_border_width__hover=\u00a0\u00bbnull\u00a0\u00bb button_one_border_width__hover_enabled=\u00a0\u00bboff\u00a0\u00bb button_one_border_width__hover=\u00a0\u00bbnull\u00a0\u00bb button_two_border_width__hover_enabled=\u00a0\u00bboff\u00a0\u00bb button_two_border_width__hover=\u00a0\u00bbnull\u00a0\u00bb button_border_color__hover_enabled=\u00a0\u00bboff\u00a0\u00bb button_border_color__hover=\u00a0\u00bbnull\u00a0\u00bb button_one_border_color__hover_enabled=\u00a0\u00bboff\u00a0\u00bb button_one_border_color__hover=\u00a0\u00bbnull\u00a0\u00bb button_two_border_color__hover_enabled=\u00a0\u00bboff\u00a0\u00bb button_two_border_color__hover=\u00a0\u00bbnull\u00a0\u00bb button_border_radius__hover_enabled=\u00a0\u00bboff\u00a0\u00bb button_border_radius__hover=\u00a0\u00bbnull\u00a0\u00bb button_one_border_radius__hover_enabled=\u00a0\u00bboff\u00a0\u00bb button_one_border_radius__hover=\u00a0\u00bbnull\u00a0\u00bb button_two_border_radius__hover_enabled=\u00a0\u00bboff\u00a0\u00bb button_two_border_radius__hover=\u00a0\u00bbnull\u00a0\u00bb button_letter_spacing__hover_enabled=\u00a0\u00bbon\u00a0\u00bb button_letter_spacing__hover=\u00a0\u00bb0&Prime; button_one_letter_spacing__hover_enabled=\u00a0\u00bboff\u00a0\u00bb button_one_letter_spacing__hover=\u00a0\u00bbnull\u00a0\u00bb button_two_letter_spacing__hover_enabled=\u00a0\u00bboff\u00a0\u00bb button_two_letter_spacing__hover=\u00a0\u00bbnull\u00a0\u00bb button_bg_color__hover_enabled=\u00a0\u00bboff\u00a0\u00bb button_bg_color__hover=\u00a0\u00bbnull\u00a0\u00bb button_one_bg_color__hover_enabled=\u00a0\u00bboff\u00a0\u00bb button_one_bg_color__hover=\u00a0\u00bbnull\u00a0\u00bb button_two_bg_color__hover_enabled=\u00a0\u00bboff\u00a0\u00bb button_two_bg_color__hover=\u00a0\u00bbnull\u00a0\u00bb][\/et_pb_login][et_pb_sidebar orientation=\u00a0\u00bbright\u00a0\u00bb area=\u00a0\u00bbet_pb_widget_area_15&Prime; admin_label=\u00a0\u00bbcouncil-committees-sidebar\u00a0\u00bb _builder_version=\u00a0\u00bb3.0.74&Prime; header_font=\u00a0\u00bb||||\u00a0\u00bb body_font=\u00a0\u00bb||||\u00a0\u00bb header_font_size_tablet=\u00a0\u00bb18&Prime; header_font_size_phone=\u00a0\u00bb18&Prime; header_letter_spacing_tablet=\u00a0\u00bb0px\u00a0\u00bb header_letter_spacing_phone=\u00a0\u00bb0px\u00a0\u00bb header_line_height_tablet=\u00a0\u00bb1em\u00a0\u00bb header_line_height_phone=\u00a0\u00bb1em\u00a0\u00bb body_font_size_tablet=\u00a0\u00bb14&Prime; body_font_size_phone=\u00a0\u00bb14&Prime; body_letter_spacing_tablet=\u00a0\u00bb0px\u00a0\u00bb body_letter_spacing_phone=\u00a0\u00bb0px\u00a0\u00bb body_line_height_tablet=\u00a0\u00bb1.7em\u00a0\u00bb body_line_height_phone=\u00a0\u00bb1.7em\u00a0\u00bb remove_border=\u00a0\u00bboff\u00a0\u00bb global_module=\u00a0\u00bb2662&Prime; saved_tabs=\u00a0\u00bball\u00a0\u00bb][\/et_pb_sidebar][\/et_pb_column][\/et_pb_row][\/et_pb_section][et_pb_section fb_built=\u00a0\u00bb1&Prime; custom_padding_last_edited=\u00a0\u00bbon|desktop\u00a0\u00bb _builder_version=\u00a0\u00bb4.0.11&Prime; background_color=\u00a0\u00bbrgba(255,216,2,0.5)\u00a0\u00bb background_image=\u00a0\u00bbhttps:\/\/cdto.ca\/wp-content\/uploads\/mission_overlay.png\u00a0\u00bb custom_padding=\u00a0\u00bb4px||27px|||\u00a0\u00bb custom_padding_tablet=\u00a0\u00bb50px|0|50px|0&Prime; custom_padding_phone=\u00a0\u00bb\u00a0\u00bb custom_css_main_element=\u00a0\u00bb background-position-x: 85%;|| background-size: initial;|| background-position-y: 100%;\u00a0\u00bb global_module=\u00a0\u00bb2751&Prime;][et_pb_row module_class=\u00a0\u00bb et_pb_row_fullwidth\u00a0\u00bb _builder_version=\u00a0\u00bb3.25&Prime; background_size=\u00a0\u00bbinitial\u00a0\u00bb background_position=\u00a0\u00bbtop_left\u00a0\u00bb background_repeat=\u00a0\u00bbrepeat\u00a0\u00bb width=\u00a0\u00bb94%\u00a0\u00bb width_tablet=\u00a0\u00bb80%\u00a0\u00bb width_phone=\u00a0\u00bb\u00a0\u00bb width_last_edited=\u00a0\u00bbon|desktop\u00a0\u00bb max_width=\u00a0\u00bb94%\u00a0\u00bb max_width_tablet=\u00a0\u00bb80%\u00a0\u00bb max_width_phone=\u00a0\u00bb\u00a0\u00bb max_width_last_edited=\u00a0\u00bbon|desktop\u00a0\u00bb make_fullwidth=\u00a0\u00bbon\u00a0\u00bb use_custom_width=\u00a0\u00bboff\u00a0\u00bb width_unit=\u00a0\u00bbon\u00a0\u00bb][et_pb_column type=\u00a0\u00bb4_4&Prime; _builder_version=\u00a0\u00bb3.25&Prime; custom_padding=\u00a0\u00bb|||\u00a0\u00bb custom_padding__hover=\u00a0\u00bb|||\u00a0\u00bb][et_pb_cta title=\u00a0\u00bbPour en savoir plus sur l&rsquo;Ordre des technologistes dentaires de l&rsquo;Ontario:\u00a0\u00bb button_url=\u00a0\u00bbhttps:\/\/cdto.ca\/fr\/nous-contacter\/\u00a0\u00bb button_text=\u00a0\u00bbNous Contacter\u00a0\u00bb admin_label=\u00a0\u00bbCall To Action-email-list\u00a0\u00bb _builder_version=\u00a0\u00bb4.0.11&Prime; header_font_size=\u00a0\u00bb27px\u00a0\u00bb use_background_color=\u00a0\u00bboff\u00a0\u00bb background_size=\u00a0\u00bbinitial\u00a0\u00bb background_position=\u00a0\u00bbtop_left\u00a0\u00bb background_repeat=\u00a0\u00bbrepeat\u00a0\u00bb custom_button=\u00a0\u00bbon\u00a0\u00bb button_text_color=\u00a0\u00bb#4488c8&Prime; background_layout=\u00a0\u00bblight\u00a0\u00bb button_text_size__hover_enabled=\u00a0\u00bboff\u00a0\u00bb button_text_size__hover=\u00a0\u00bbnull\u00a0\u00bb button_one_text_size__hover_enabled=\u00a0\u00bboff\u00a0\u00bb button_one_text_size__hover=\u00a0\u00bbnull\u00a0\u00bb button_two_text_size__hover_enabled=\u00a0\u00bboff\u00a0\u00bb button_two_text_size__hover=\u00a0\u00bbnull\u00a0\u00bb button_text_color__hover_enabled=\u00a0\u00bboff\u00a0\u00bb button_text_color__hover=\u00a0\u00bbnull\u00a0\u00bb button_one_text_color__hover_enabled=\u00a0\u00bboff\u00a0\u00bb button_one_text_color__hover=\u00a0\u00bbnull\u00a0\u00bb button_two_text_color__hover_enabled=\u00a0\u00bboff\u00a0\u00bb button_two_text_color__hover=\u00a0\u00bbnull\u00a0\u00bb button_border_width__hover_enabled=\u00a0\u00bboff\u00a0\u00bb button_border_width__hover=\u00a0\u00bbnull\u00a0\u00bb button_one_border_width__hover_enabled=\u00a0\u00bboff\u00a0\u00bb button_one_border_width__hover=\u00a0\u00bbnull\u00a0\u00bb button_two_border_width__hover_enabled=\u00a0\u00bboff\u00a0\u00bb button_two_border_width__hover=\u00a0\u00bbnull\u00a0\u00bb button_border_color__hover_enabled=\u00a0\u00bboff\u00a0\u00bb button_border_color__hover=\u00a0\u00bbnull\u00a0\u00bb button_one_border_color__hover_enabled=\u00a0\u00bboff\u00a0\u00bb button_one_border_color__hover=\u00a0\u00bbnull\u00a0\u00bb button_two_border_color__hover_enabled=\u00a0\u00bboff\u00a0\u00bb button_two_border_color__hover=\u00a0\u00bbnull\u00a0\u00bb button_border_radius__hover_enabled=\u00a0\u00bboff\u00a0\u00bb button_border_radius__hover=\u00a0\u00bbnull\u00a0\u00bb button_one_border_radius__hover_enabled=\u00a0\u00bboff\u00a0\u00bb button_one_border_radius__hover=\u00a0\u00bbnull\u00a0\u00bb button_two_border_radius__hover_enabled=\u00a0\u00bboff\u00a0\u00bb button_two_border_radius__hover=\u00a0\u00bbnull\u00a0\u00bb button_letter_spacing__hover_enabled=\u00a0\u00bboff\u00a0\u00bb button_letter_spacing__hover=\u00a0\u00bbnull\u00a0\u00bb button_one_letter_spacing__hover_enabled=\u00a0\u00bboff\u00a0\u00bb button_one_letter_spacing__hover=\u00a0\u00bbnull\u00a0\u00bb button_two_letter_spacing__hover_enabled=\u00a0\u00bboff\u00a0\u00bb button_two_letter_spacing__hover=\u00a0\u00bbnull\u00a0\u00bb button_bg_color__hover_enabled=\u00a0\u00bboff\u00a0\u00bb button_bg_color__hover=\u00a0\u00bbnull\u00a0\u00bb button_one_bg_color__hover_enabled=\u00a0\u00bboff\u00a0\u00bb button_one_bg_color__hover=\u00a0\u00bbnull\u00a0\u00bb button_two_bg_color__hover_enabled=\u00a0\u00bboff\u00a0\u00bb button_two_bg_color__hover=\u00a0\u00bbnull\u00a0\u00bb][\/et_pb_cta][\/et_pb_column][\/et_pb_row][\/et_pb_section]<\/p>\n","protected":false},"excerpt":{"rendered":"<p>Dates des r\u00e9unions du Comit\u00e9 ex\u00e9cutif Les dates de r\u00e9union confirm\u00e9es sont les suivantes : 24 ao\u00fbt 2021 &#8211; 17h00 \u00e0 19h30 Forfaits de r\u00e9union du Comit\u00e9 ex\u00e9cutif Les trousses [&hellip;]<\/p>\n","protected":false},"author":1,"featured_media":0,"parent":19592,"menu_order":0,"comment_status":"closed","ping_status":"closed","template":"page-template-executive.php","meta":{"_et_pb_use_builder":"on","_et_pb_old_content":"","_et_gb_content_width":"","_exactmetrics_skip_tracking":false,"_exactmetrics_sitenote_active":false,"_exactmetrics_sitenote_note":"","_exactmetrics_sitenote_category":0,"_monsterinsights_skip_tracking":false,"_monsterinsights_sitenote_active":false,"_monsterinsights_sitenote_note":"","_monsterinsights_sitenote_category":0,"_mc_calendar":[],"footnotes":""},"class_list":["post-23975","page","type-page","status-publish","hentry"],"_links":{"self":[{"href":"https:\/\/cdto.ca\/fr\/wp-json\/wp\/v2\/pages\/23975"}],"collection":[{"href":"https:\/\/cdto.ca\/fr\/wp-json\/wp\/v2\/pages"}],"about":[{"href":"https:\/\/cdto.ca\/fr\/wp-json\/wp\/v2\/types\/page"}],"author":[{"embeddable":true,"href":"https:\/\/cdto.ca\/fr\/wp-json\/wp\/v2\/users\/1"}],"replies":[{"embeddable":true,"href":"https:\/\/cdto.ca\/fr\/wp-json\/wp\/v2\/comments?post=23975"}],"version-history":[{"count":0,"href":"https:\/\/cdto.ca\/fr\/wp-json\/wp\/v2\/pages\/23975\/revisions"}],"up":[{"embeddable":true,"href":"https:\/\/cdto.ca\/fr\/wp-json\/wp\/v2\/pages\/19592"}],"wp:attachment":[{"href":"https:\/\/cdto.ca\/fr\/wp-json\/wp\/v2\/media?parent=23975"}],"curies":[{"name":"wp","href":"https:\/\/api.w.org\/{rel}","templated":true}]}}