{"id":23985,"date":"2017-01-26T15:10:26","date_gmt":"2017-01-26T20:10:26","guid":{"rendered":"https:\/\/cdto.ca\/pour-les-membres\/societes-professionnelles-de-la-sante\/"},"modified":"2021-09-23T12:44:44","modified_gmt":"2021-09-23T16:44:44","slug":"societes-professionnelles-de-la-sante","status":"publish","type":"page","link":"https:\/\/cdto.ca\/fr\/pour-les-membres\/societes-professionnelles-de-la-sante\/","title":{"rendered":"Soci\u00e9t\u00e9s professionnelles de la sant\u00e9"},"content":{"rendered":"<p>[et_pb_section fb_built=\u00a0\u00bb1&Prime; fullwidth=\u00a0\u00bbon\u00a0\u00bb custom_padding_last_edited=\u00a0\u00bbon|desktop\u00a0\u00bb _builder_version=\u00a0\u00bb3.0.74&Prime; background_color=\u00a0\u00bb#ffffff\u00a0\u00bb background_image=\u00a0\u00bbhttps:\/\/cdto.ca\/wp-content\/uploads\/cdto-_0012_ING_19060_70116.jpg\u00a0\u00bb custom_padding_tablet=\u00a0\u00bb50px|0|50px|0&Prime; custom_padding_phone=\u00a0\u00bb\u00a0\u00bb custom_css_main_element=\u00a0\u00bbheight: 250px;\u00a0\u00bb padding_mobile=\u00a0\u00bboff\u00a0\u00bb global_module=\u00a0\u00bb371&Prime;][et_pb_fullwidth_code admin_label=\u00a0\u00bbheader-for-members\u00a0\u00bb _builder_version=\u00a0\u00bb4.9.4&Prime;]<div class=\"header-content-container center et_pb_text et_pb_module et_pb_bg_layout_dark et_pb_text_align_left et_pb_text_0 et_pb_row et_pb_row_0\"><div class=\"header-content\"><h1>Soci\u00e9t\u00e9s professionnelles de la sant\u00e9<\/h1><\/div><\/div>[\/et_pb_fullwidth_code][\/et_pb_section][et_pb_section fb_built=\u00a0\u00bb1&Prime; admin_label=\u00a0\u00bbsection\u00a0\u00bb _builder_version=\u00a0\u00bb3.22&Prime; background_color=\u00a0\u00bb#ffffff\u00a0\u00bb transparent_background=\u00a0\u00bboff\u00a0\u00bb make_fullwidth=\u00a0\u00bboff\u00a0\u00bb use_custom_width=\u00a0\u00bboff\u00a0\u00bb width_unit=\u00a0\u00bbon\u00a0\u00bb][et_pb_row column_structure=\u00a0\u00bb3_4,1_4&Prime; admin_label=\u00a0\u00bbrow\u00a0\u00bb _builder_version=\u00a0\u00bb3.25&Prime; background_size=\u00a0\u00bbinitial\u00a0\u00bb background_position=\u00a0\u00bbtop_left\u00a0\u00bb background_repeat=\u00a0\u00bbrepeat\u00a0\u00bb][et_pb_column type=\u00a0\u00bb3_4&Prime; _builder_version=\u00a0\u00bb3.25&Prime; custom_padding=\u00a0\u00bb|||\u00a0\u00bb custom_padding__hover=\u00a0\u00bb|||\u00a0\u00bb][et_pb_text admin_label=\u00a0\u00bbtext-health-profession-corporations\u00a0\u00bb _builder_version=\u00a0\u00bb4.9.4&Prime;]<\/p>\n<p>\u00c0 la suite de modifications apport\u00e9es \u00e0 la Loi de 1991 sur les professions de la sant\u00e9 r\u00e9glement\u00e9es, au Code des professions, \u00e0 la Loi sur les soci\u00e9t\u00e9s par actions et \u00e0 un r\u00e8glement pris en application de la Loi de 1991 sur les professions de la sant\u00e9 r\u00e9glement\u00e9es, les professionnels qui exercent une profession de la sant\u00e9 r\u00e9glement\u00e9e peuvent se constituer en personne morale pour exercer une profession de la sant\u00e9, pourvu qu\u2019ils obtiennent un certificat d\u2019autorisation de leur ordre professionnel.<\/p>\n<p>Les membres de l\u2019Ordre doivent obtenir un certificat d\u2019autorisation pour exercer la profession de technologue dentaire par l\u2019entremise d\u2019une soci\u00e9t\u00e9 professionnelle de la sant\u00e9.<\/p>\n<p>Les membres qui d\u00e9cident de se constituer en soci\u00e9t\u00e9 par actions apr\u00e8s avoir re\u00e7u leurs propres conseils juridiques et financiers doivent pr\u00e9senter une demande par l\u2019entremise de l\u2019Ordre des technologues dentaires de l\u2019Ontario.<\/p>\n<p>Le certificat d\u2019autorisation doit \u00eatre renouvel\u00e9 annuellement. Le guide qu\u2019on trouve <a href=\"https:\/\/cdto.ca\/wp-content\/uploads\/Guide-to-Registering_Renewing_Health_Profession_Corporations_v6_Aug2021-FINAL.pdf\" target=\"_blank\" rel=\"noopener noreferrer\">ici<\/a> explique le processus de demande et le maintien en vigueur du certificat d\u2019autorisation de la soci\u00e9t\u00e9.<\/p>\n<p>Tous les membres inscrits \u00e0 l\u2019Ordre sont admissibles \u00e0 un certificat d\u2019autorisation. Cependant, si elle ne l\u2019est pas d\u00e9j\u00e0, l\u2019entreprise du membre doit \u00eatre constitu\u00e9e en soci\u00e9t\u00e9 par actions en vertu de la Loi sur les soci\u00e9t\u00e9s par actions.<em> <\/em><em>Pour<\/em> plus de d\u00e9tails sur ce processus, consulter la page Web du<a href=\"https:\/\/www.ontario.ca\/page\/incorporating-business-corporation\" target=\"_blank\" rel=\"noopener noreferrer\">minist\u00e8re des Services gouvernementaux et des Services aux consommateurs<\/a>, avant d\u2019obtenir un certificat d\u2019autorisation.<\/p>\n<h3>Tableau<\/h3>\n<p>Le dossier de chaque membre figurant au tableau de l\u2019Ordre contiendra le nom de chaque soci\u00e9t\u00e9 professionnelle de la sant\u00e9 dont le membre est un actionnaire ainsi que le nom, l\u2019adresse et le num\u00e9ro de t\u00e9l\u00e9phone du cabinet.<\/p>\n<p>Le nom du cabinet associ\u00e9 \u00e0 la soci\u00e9t\u00e9 professionnelle de la sant\u00e9 peut \u00eatre trouv\u00e9 dans le tableau et comprend les renseignements suivants :<\/p>\n<ol>\n<li>1. tous les technologues dentaires inscrits de ce cabinet;<\/li>\n<li>2. tous les technologues dentaires inscrits de ce cabinet qui font de la supervision;<\/li>\n<li>3. le nom de la soci\u00e9t\u00e9 avec laquelle le cabinet est associ\u00e9, le cas \u00e9ch\u00e9ant;<\/li>\n<li>4. tous les actionnaires de la soci\u00e9t\u00e9 professionnelle de la sant\u00e9.<\/li>\n<\/ol>\n<h3>Guide et formulaires<\/h3>\n<p><a href=\"https:\/\/cdto.ca\/wp-content\/uploads\/Guide-to-Registering_Renewing_Health_Profession_Corporations_v6_Aug2021-FINAL.pdf\" target=\"_blank\" rel=\"noopener noreferrer\">Guide d\u2019inscription et de renouvellement des soci\u00e9t\u00e9s des professions de la sant\u00e9<\/a><\/p>\n<p><a href=\"https:\/\/cdto.ca\/wp-content\/uploads\/1.HPC_Initial-Application_2021-2022.pdf\" target=\"_blank\" rel=\"noopener noreferrer\">Formulaire de demande initiale HPC<\/a><\/p>\n<p><a href=\"https:\/\/cdto.ca\/wp-content\/uploads\/2.HPC_Renewal-Application_2021-2022.pdf\" target=\"_blank\" rel=\"noopener noreferrer\">Formulaire de demande de renouvellement HPC<\/a><\/p>\n<p><a href=\"https:\/\/cdto.ca\/wp-content\/uploads\/3.HPC_Shareholder-Form_2021-2022.pdf\" target=\"_blank\" rel=\"noopener noreferrer\">Formulaire d\u2019actionnaire HPC<\/a><\/p>\n<p><a href=\"https:\/\/www.ontario.ca\/laws\/regulation\/020039\" target=\"_blank\" rel=\"noopener noreferrer\">R\u00e8glement sur les certificats d\u2019autorisation HPC (O. Reg 39\/02)<\/a><\/p>\n<p>[\/et_pb_text][\/et_pb_column][et_pb_column type=\u00a0\u00bb1_4&Prime; _builder_version=\u00a0\u00bb3.25&Prime; custom_padding=\u00a0\u00bb|||\u00a0\u00bb custom_padding__hover=\u00a0\u00bb|||\u00a0\u00bb][et_pb_sidebar orientation=\u00a0\u00bbright\u00a0\u00bb area=\u00a0\u00bbet_pb_widget_area_5&Prime; admin_label=\u00a0\u00bbmenu-global-sidebar\u00a0\u00bb _builder_version=\u00a0\u00bb4.4.1&Prime; header_font=\u00a0\u00bb||||\u00a0\u00bb body_font=\u00a0\u00bb||||\u00a0\u00bb body_text_color=\u00a0\u00bb#03395e\u00a0\u00bb body_font_size=\u00a0\u00bb17&Prime; body_line_height=\u00a0\u00bb1.3em\u00a0\u00bb body_font_size_tablet=\u00a0\u00bb15&Prime; custom_css_main_element=\u00a0\u00bbborder-style: solid;||border-width: 1px;||border-radius: 13px;||border-color: #03395e;||background:rgba(255,216,2,0.5);||padding-top: 12px;||padding-right: 10px;||padding-bottom: 12px;\u00a0\u00bb custom_css_widget=\u00a0\u00bbmargin-bottom: 0 !important;\u00a0\u00bb remove_border=\u00a0\u00bboff\u00a0\u00bb global_module=\u00a0\u00bb1466&Prime; saved_tabs=\u00a0\u00bball\u00a0\u00bb][\/et_pb_sidebar][et_pb_sidebar orientation=\u00a0\u00bbright\u00a0\u00bb area=\u00a0\u00bbet_pb_widget_area_4&Prime; admin_label=\u00a0\u00bbmenu-for-members\u00a0\u00bb _builder_version=\u00a0\u00bb3.0.74&Prime; header_line_height=\u00a0\u00bb1.1em\u00a0\u00bb body_font_size=\u00a0\u00bb15&Prime; body_line_height=\u00a0\u00bb1.3em\u00a0\u00bb remove_border=\u00a0\u00bboff\u00a0\u00bb global_module=\u00a0\u00bb1036&Prime; saved_tabs=\u00a0\u00bball\u00a0\u00bb][\/et_pb_sidebar][\/et_pb_column][\/et_pb_row][\/et_pb_section][et_pb_section fb_built=\u00a0\u00bb1&Prime; custom_padding_last_edited=\u00a0\u00bbon|desktop\u00a0\u00bb _builder_version=\u00a0\u00bb4.0.11&Prime; background_color=\u00a0\u00bbrgba(255,216,2,0.5)\u00a0\u00bb background_image=\u00a0\u00bbhttps:\/\/cdto.ca\/wp-content\/uploads\/mission_overlay.png\u00a0\u00bb custom_padding=\u00a0\u00bb4px||27px|||\u00a0\u00bb custom_padding_tablet=\u00a0\u00bb50px|0|50px|0&Prime; custom_padding_phone=\u00a0\u00bb\u00a0\u00bb custom_css_main_element=\u00a0\u00bb background-position-x: 85%;|| background-size: initial;|| background-position-y: 100%;\u00a0\u00bb global_module=\u00a0\u00bb2751&Prime;][et_pb_row module_class=\u00a0\u00bb et_pb_row_fullwidth\u00a0\u00bb _builder_version=\u00a0\u00bb3.25&Prime; background_size=\u00a0\u00bbinitial\u00a0\u00bb background_position=\u00a0\u00bbtop_left\u00a0\u00bb background_repeat=\u00a0\u00bbrepeat\u00a0\u00bb width=\u00a0\u00bb94%\u00a0\u00bb width_tablet=\u00a0\u00bb80%\u00a0\u00bb width_phone=\u00a0\u00bb\u00a0\u00bb width_last_edited=\u00a0\u00bbon|desktop\u00a0\u00bb max_width=\u00a0\u00bb94%\u00a0\u00bb max_width_tablet=\u00a0\u00bb80%\u00a0\u00bb max_width_phone=\u00a0\u00bb\u00a0\u00bb max_width_last_edited=\u00a0\u00bbon|desktop\u00a0\u00bb make_fullwidth=\u00a0\u00bbon\u00a0\u00bb use_custom_width=\u00a0\u00bboff\u00a0\u00bb width_unit=\u00a0\u00bbon\u00a0\u00bb][et_pb_column type=\u00a0\u00bb4_4&Prime; _builder_version=\u00a0\u00bb3.25&Prime; custom_padding=\u00a0\u00bb|||\u00a0\u00bb custom_padding__hover=\u00a0\u00bb|||\u00a0\u00bb][et_pb_cta title=\u00a0\u00bbPour en savoir plus sur l&rsquo;Ordre des technologistes dentaires de l&rsquo;Ontario:\u00a0\u00bb button_url=\u00a0\u00bbhttps:\/\/cdto.ca\/fr\/nous-contacter\/\u00a0\u00bb button_text=\u00a0\u00bbNous Contacter\u00a0\u00bb admin_label=\u00a0\u00bbCall To Action-email-list\u00a0\u00bb _builder_version=\u00a0\u00bb4.0.11&Prime; header_font_size=\u00a0\u00bb27px\u00a0\u00bb use_background_color=\u00a0\u00bboff\u00a0\u00bb background_size=\u00a0\u00bbinitial\u00a0\u00bb background_position=\u00a0\u00bbtop_left\u00a0\u00bb background_repeat=\u00a0\u00bbrepeat\u00a0\u00bb custom_button=\u00a0\u00bbon\u00a0\u00bb button_text_color=\u00a0\u00bb#4488c8&Prime; background_layout=\u00a0\u00bblight\u00a0\u00bb button_text_size__hover_enabled=\u00a0\u00bboff\u00a0\u00bb button_text_size__hover=\u00a0\u00bbnull\u00a0\u00bb button_one_text_size__hover_enabled=\u00a0\u00bboff\u00a0\u00bb button_one_text_size__hover=\u00a0\u00bbnull\u00a0\u00bb button_two_text_size__hover_enabled=\u00a0\u00bboff\u00a0\u00bb button_two_text_size__hover=\u00a0\u00bbnull\u00a0\u00bb button_text_color__hover_enabled=\u00a0\u00bboff\u00a0\u00bb button_text_color__hover=\u00a0\u00bbnull\u00a0\u00bb button_one_text_color__hover_enabled=\u00a0\u00bboff\u00a0\u00bb button_one_text_color__hover=\u00a0\u00bbnull\u00a0\u00bb button_two_text_color__hover_enabled=\u00a0\u00bboff\u00a0\u00bb button_two_text_color__hover=\u00a0\u00bbnull\u00a0\u00bb button_border_width__hover_enabled=\u00a0\u00bboff\u00a0\u00bb button_border_width__hover=\u00a0\u00bbnull\u00a0\u00bb button_one_border_width__hover_enabled=\u00a0\u00bboff\u00a0\u00bb button_one_border_width__hover=\u00a0\u00bbnull\u00a0\u00bb button_two_border_width__hover_enabled=\u00a0\u00bboff\u00a0\u00bb button_two_border_width__hover=\u00a0\u00bbnull\u00a0\u00bb button_border_color__hover_enabled=\u00a0\u00bboff\u00a0\u00bb button_border_color__hover=\u00a0\u00bbnull\u00a0\u00bb button_one_border_color__hover_enabled=\u00a0\u00bboff\u00a0\u00bb button_one_border_color__hover=\u00a0\u00bbnull\u00a0\u00bb button_two_border_color__hover_enabled=\u00a0\u00bboff\u00a0\u00bb button_two_border_color__hover=\u00a0\u00bbnull\u00a0\u00bb button_border_radius__hover_enabled=\u00a0\u00bboff\u00a0\u00bb button_border_radius__hover=\u00a0\u00bbnull\u00a0\u00bb button_one_border_radius__hover_enabled=\u00a0\u00bboff\u00a0\u00bb button_one_border_radius__hover=\u00a0\u00bbnull\u00a0\u00bb button_two_border_radius__hover_enabled=\u00a0\u00bboff\u00a0\u00bb button_two_border_radius__hover=\u00a0\u00bbnull\u00a0\u00bb button_letter_spacing__hover_enabled=\u00a0\u00bboff\u00a0\u00bb button_letter_spacing__hover=\u00a0\u00bbnull\u00a0\u00bb button_one_letter_spacing__hover_enabled=\u00a0\u00bboff\u00a0\u00bb button_one_letter_spacing__hover=\u00a0\u00bbnull\u00a0\u00bb button_two_letter_spacing__hover_enabled=\u00a0\u00bboff\u00a0\u00bb button_two_letter_spacing__hover=\u00a0\u00bbnull\u00a0\u00bb button_bg_color__hover_enabled=\u00a0\u00bboff\u00a0\u00bb button_bg_color__hover=\u00a0\u00bbnull\u00a0\u00bb button_one_bg_color__hover_enabled=\u00a0\u00bboff\u00a0\u00bb button_one_bg_color__hover=\u00a0\u00bbnull\u00a0\u00bb button_two_bg_color__hover_enabled=\u00a0\u00bboff\u00a0\u00bb button_two_bg_color__hover=\u00a0\u00bbnull\u00a0\u00bb][\/et_pb_cta][\/et_pb_column][\/et_pb_row][\/et_pb_section]<\/p>\n","protected":false},"excerpt":{"rendered":"<p><div class=\"header-content-container center et_pb_text et_pb_module et_pb_bg_layout_dark et_pb_text_align_left et_pb_text_0 et_pb_row et_pb_row_0\"><div class=\"header-content\"><h1>Soci\u00e9t\u00e9s professionnelles de la sant\u00e9<\/h1><\/div><\/div>\u00c0 la suite de modifications apport\u00e9es \u00e0 la Loi de 1991 sur les professions de la sant\u00e9 r\u00e9glement\u00e9es, au Code des professions, \u00e0 la Loi sur les soci\u00e9t\u00e9s par actions [&hellip;]<\/p>\n","protected":false},"author":1,"featured_media":0,"parent":18608,"menu_order":32,"comment_status":"closed","ping_status":"closed","template":"","meta":{"_et_pb_use_builder":"on","_et_pb_old_content":"","_et_gb_content_width":"","_exactmetrics_skip_tracking":false,"_exactmetrics_sitenote_active":false,"_exactmetrics_sitenote_note":"","_exactmetrics_sitenote_category":0,"_monsterinsights_skip_tracking":false,"_monsterinsights_sitenote_active":false,"_monsterinsights_sitenote_note":"","_monsterinsights_sitenote_category":0,"_mc_calendar":[],"footnotes":""},"class_list":["post-23985","page","type-page","status-publish","hentry"],"_links":{"self":[{"href":"https:\/\/cdto.ca\/fr\/wp-json\/wp\/v2\/pages\/23985"}],"collection":[{"href":"https:\/\/cdto.ca\/fr\/wp-json\/wp\/v2\/pages"}],"about":[{"href":"https:\/\/cdto.ca\/fr\/wp-json\/wp\/v2\/types\/page"}],"author":[{"embeddable":true,"href":"https:\/\/cdto.ca\/fr\/wp-json\/wp\/v2\/users\/1"}],"replies":[{"embeddable":true,"href":"https:\/\/cdto.ca\/fr\/wp-json\/wp\/v2\/comments?post=23985"}],"version-history":[{"count":0,"href":"https:\/\/cdto.ca\/fr\/wp-json\/wp\/v2\/pages\/23985\/revisions"}],"up":[{"embeddable":true,"href":"https:\/\/cdto.ca\/fr\/wp-json\/wp\/v2\/pages\/18608"}],"wp:attachment":[{"href":"https:\/\/cdto.ca\/fr\/wp-json\/wp\/v2\/media?parent=23985"}],"curies":[{"name":"wp","href":"https:\/\/api.w.org\/{rel}","templated":true}]}}