{"id":30686,"date":"2021-12-14T12:23:21","date_gmt":"2021-12-14T17:23:21","guid":{"rendered":"https:\/\/cdto.ca\/itineraire-du-programme-approuve\/"},"modified":"2022-01-19T16:53:29","modified_gmt":"2022-01-19T21:53:29","slug":"itineraire-du-programme-approuve","status":"publish","type":"page","link":"https:\/\/cdto.ca\/fr\/pour-les-candidats-2\/itineraire-du-programme-approuve\/","title":{"rendered":"Itin\u00e9raire du programme approuv\u00e9"},"content":{"rendered":"<p>[et_pb_section fb_built=\u00a0\u00bb1&Prime; fullwidth=\u00a0\u00bbon\u00a0\u00bb _builder_version=\u00a0\u00bb4.11.2&Prime; _module_preset=\u00a0\u00bbdefault\u00a0\u00bb background_image=\u00a0\u00bbhttps:\/\/cdto.ca\/wp-content\/uploads\/Untitled-design.png?_t=1638567608&Prime; background_position=\u00a0\u00bbcenter_left\u00a0\u00bb custom_css_main_element=\u00a0\u00bbheight: 250px\u00a0\u00bb global_module=\u00a0\u00bb383&Prime; collapsed=\u00a0\u00bboff\u00a0\u00bb global_colors_info=\u00a0\u00bb{}\u00a0\u00bb][et_pb_fullwidth_header title=\u00a0\u00bb@ET-DC@eyJkeW5hbWljIjp0cnVlLCJjb250ZW50IjoicG9zdF90aXRsZSIsInNldHRpbmdzIjp7ImJlZm9yZSI6IiIsImFmdGVyIjoiIn19@\u00a0\u00bb _builder_version=\u00a0\u00bb4.11.2&Prime; _dynamic_attributes=\u00a0\u00bbtitle\u00a0\u00bb _module_preset=\u00a0\u00bbdefault\u00a0\u00bb title_level=\u00a0\u00bbh2&Prime; title_font=\u00a0\u00bb|700|||||||\u00a0\u00bb title_font_size=\u00a0\u00bb38px\u00a0\u00bb background_color=\u00a0\u00bbrgba(0,0,0,0.35)\u00a0\u00bb custom_margin=\u00a0\u00bb||||false|false\u00a0\u00bb custom_padding=\u00a0\u00bb100px||75px||false|false\u00a0\u00bb global_colors_info=\u00a0\u00bb{}\u00a0\u00bb][\/et_pb_fullwidth_header][\/et_pb_section][et_pb_section fb_built=\u00a0\u00bb1&Prime; specialty=\u00a0\u00bbon\u00a0\u00bb _builder_version=\u00a0\u00bb3.22.3&Prime; global_colors_info=\u00a0\u00bb{}\u00a0\u00bb][et_pb_column type=\u00a0\u00bb2_3&Prime; specialty_columns=\u00a0\u00bb2&Prime; _builder_version=\u00a0\u00bb3.25&Prime; custom_padding=\u00a0\u00bb|||\u00a0\u00bb global_colors_info=\u00a0\u00bb{}\u00a0\u00bb parallax__hover=\u00a0\u00bboff\u00a0\u00bb parallax_method__hover=\u00a0\u00bbon\u00a0\u00bb custom_padding__hover=\u00a0\u00bb|||\u00a0\u00bb][et_pb_row_inner admin_label=\u00a0\u00bbRow\u00a0\u00bb _builder_version=\u00a0\u00bb3.25&Prime; custom_margin=\u00a0\u00bb|-82px||||\u00a0\u00bb custom_padding=\u00a0\u00bb||33px|||\u00a0\u00bb global_colors_info=\u00a0\u00bb{}\u00a0\u00bb][et_pb_column_inner saved_specialty_column_type=\u00a0\u00bb2_3&Prime; _builder_version=\u00a0\u00bb3.25&Prime; custom_padding=\u00a0\u00bb|||\u00a0\u00bb global_colors_info=\u00a0\u00bb{}\u00a0\u00bb parallax__hover=\u00a0\u00bboff\u00a0\u00bb parallax_method__hover=\u00a0\u00bbon\u00a0\u00bb custom_padding__hover=\u00a0\u00bb|||\u00a0\u00bb][et_pb_text admin_label=\u00a0\u00bbcouncil-committees\u00a0\u00bb _builder_version=\u00a0\u00bb4.11.2&Prime; header_font_size=\u00a0\u00bb42px\u00a0\u00bb global_colors_info=\u00a0\u00bb{}\u00a0\u00bb]<\/p>\n<h1><strong>Itin\u00e9raire du programme approuv\u00e9<\/strong><\/h1>\n<p>&nbsp;<\/p>\n<p>Si vous \u00eates un candidat qui est sur le point d\u2019\u00eatre termin\u00e9 ou qui a termin\u00e9 avec succ\u00e8s un <a href=\"https:\/\/cadtr-acortd.com\/osat\/educators\/\">programme de technologie dentaire<\/a> approuv\u00e9 par le CADTR, vous tomberez sous la voie du programme <a href=\"https:\/\/cadtr-acortd.com\/becoming-registered\/\">approuv\u00e9. <\/a><\/p>\n<p>[\/et_pb_text][\/et_pb_column_inner][\/et_pb_row_inner][et_pb_row_inner admin_label=\u00a0\u00bbRow\u00a0\u00bb _builder_version=\u00a0\u00bb3.25&Prime; min_height=\u00a0\u00bb70.8px\u00a0\u00bb custom_padding=\u00a0\u00bb||0px|||\u00a0\u00bb global_colors_info=\u00a0\u00bb{}\u00a0\u00bb][et_pb_column_inner saved_specialty_column_type=\u00a0\u00bb2_3&Prime; _builder_version=\u00a0\u00bb3.25&Prime; custom_padding=\u00a0\u00bb|||\u00a0\u00bb global_colors_info=\u00a0\u00bb{}\u00a0\u00bb parallax__hover=\u00a0\u00bboff\u00a0\u00bb parallax_method__hover=\u00a0\u00bbon\u00a0\u00bb custom_padding__hover=\u00a0\u00bb|||\u00a0\u00bb][et_pb_text _builder_version=\u00a0\u00bb4.11.2&Prime; _module_preset=\u00a0\u00bbdefault\u00a0\u00bb min_height=\u00a0\u00bb11px\u00a0\u00bb global_colors_info=\u00a0\u00bb{}\u00a0\u00bb]<\/p>\n<h2>Premi\u00e8re \u00e9tape &#8211; Accr\u00e9ditation et \u00e9valuation des comp\u00e9tences<\/h2>\n<p>[\/et_pb_text][et_pb_text _builder_version=\u00a0\u00bb4.11.2&Prime; _module_preset=\u00a0\u00bbdefault\u00a0\u00bb text_font=\u00a0\u00bb||||||||\u00a0\u00bb min_height=\u00a0\u00bb149px\u00a0\u00bb custom_margin=\u00a0\u00bb||47px|||\u00a0\u00bb custom_padding=\u00a0\u00bb0px|||||\u00a0\u00bb global_colors_info=\u00a0\u00bb{}\u00a0\u00bb]<\/p>\n<p><span class=\"JsGRdQ\">R\u00e9ussir <\/span> <a href=\"https:\/\/cadtr-acortd.com\/credentialing\/\">l\u2019accr\u00e9ditation et l\u2019\u00e9valuation<\/a> aupr\u00e8s de l\u2019Alliance canadienne des organismes de r\u00e9glementation des technologies dentaires (CADTR). <a href=\"https:\/\/cadtr-acortd.com\/competency-assessment\/\"><\/a><\/p>\n<p>Il est important de noter que si vous avez obtenu votre dipl\u00f4me plus de 24 mois avant la date de votre demande, vous devez fournir la preuve de 1300 heures d\u2019exp\u00e9rience en pratique de la technologie dentaire acquises trois ans avant la date de la demande. Consultez le <a href=\"https:\/\/cadtr-acortd.com\/wp-content\/uploads\/2021\/01\/Form-Experiential-Hours-FINAL-Jan2021-fillable.pdf\">Formulaire d\u2019heures exp\u00e9rientielles<\/a> ou le <a href=\"https:\/\/cadtr-acortd.com\/wp-content\/uploads\/2021\/07\/CredentialingApplicationGuide-Revised-May072021.pdf\">Guide de demande d\u2019accr\u00e9ditation<\/a> pour plus d\u2019informations.<\/p>\n<p>Lorsque vous \u00eates pr\u00eat \u00e0 postuler, vous pouvez le faire via le<a href=\"https:\/\/cascertification.cadtr-acortd.com\"> portail des candidats.<\/a><\/p>\n<p><span style=\"font-weight: 400\">Si vous avez des questions sur l\u2019accr\u00e9ditation et l\u2019\u00e9valuation, veuillez contacter <\/span> <a href=\"mailto:cas@cadtr-acortd.com\"> <span style=\"font-weight: 400\">cas@cadtr-acortd.com.<\/span><\/p>\n<p><\/a><\/p>\n<p>[\/et_pb_text][\/et_pb_column_inner][\/et_pb_row_inner][et_pb_row_inner admin_label=\u00a0\u00bbRow\u00a0\u00bb _builder_version=\u00a0\u00bb3.25&Prime; min_height=\u00a0\u00bb128.8px\u00a0\u00bb custom_margin=\u00a0\u00bb||-284px|||\u00a0\u00bb custom_padding=\u00a0\u00bb||31px|||\u00a0\u00bb hover_enabled=\u00a0\u00bb0&Prime; global_colors_info=\u00a0\u00bb{}\u00a0\u00bb sticky_enabled=\u00a0\u00bb0&Prime;][et_pb_column_inner saved_specialty_column_type=\u00a0\u00bb2_3&Prime; _builder_version=\u00a0\u00bb3.25&Prime; custom_padding=\u00a0\u00bb|||\u00a0\u00bb global_colors_info=\u00a0\u00bb{}\u00a0\u00bb parallax__hover=\u00a0\u00bboff\u00a0\u00bb parallax_method__hover=\u00a0\u00bbon\u00a0\u00bb custom_padding__hover=\u00a0\u00bb|||\u00a0\u00bb][et_pb_text _builder_version=\u00a0\u00bb4.11.2&Prime; _module_preset=\u00a0\u00bbdefault\u00a0\u00bb min_height=\u00a0\u00bb11px\u00a0\u00bb global_colors_info=\u00a0\u00bb{}\u00a0\u00bb]<\/p>\n<h2>Deuxi\u00e8me \u00e9tape &#8211; Pr\u00e9parez-vous \u00e0 vous inscrire aupr\u00e8s de l\u2019Ordre<\/h2>\n<p>[\/et_pb_text][et_pb_text _builder_version=\u00a0\u00bb4.11.2&Prime; _module_preset=\u00a0\u00bbdefault\u00a0\u00bb min_height=\u00a0\u00bb105px\u00a0\u00bb custom_margin=\u00a0\u00bb||-40px|||\u00a0\u00bb custom_padding=\u00a0\u00bb0px||0px|||\u00a0\u00bb hover_enabled=\u00a0\u00bb0&Prime; global_colors_info=\u00a0\u00bb{}\u00a0\u00bb sticky_enabled=\u00a0\u00bb0&Prime;]<\/p>\n<ul>\n<li>Cr\u00e9er un compte via le <a href=\"https:\/\/cdto.ca.thentiacloud.net\/webs\/cdto\/\">portail des candidats en ligne<\/a> avec CDTO<\/li>\n<li>Inscrivez-vous et payez pour <a href=\"https:\/\/cdto.ca\/jurisprudence-and-ethics-exams\/\">l\u2019examen jurisprudence et \u00e9thique<\/a><\/li>\n<li>R\u00e9ussir l\u2019examen jurisprudence et \u00e9thique<\/li>\n<\/ul>\n<p>Si vous avez des questions sur la fa\u00e7on de pr\u00e9senter une demande \u00e0 l\u2019Ordre, veuillez communiquer avec l\u2019\u00e9quipe d\u2019inscription au <a href=\"mailto:info@cdto.ca\" target=\"_blank\" rel=\"noopener\">info@cdto.ca<\/a> ou au (416) 438-5003.<\/p>\n<p>[\/et_pb_text][\/et_pb_column_inner][\/et_pb_row_inner][et_pb_row_inner _builder_version=\u00a0\u00bb4.11.2&Prime; _module_preset=\u00a0\u00bbdefault\u00a0\u00bb global_colors_info=\u00a0\u00bb{}\u00a0\u00bb][et_pb_column_inner saved_specialty_column_type=\u00a0\u00bb2_3&Prime; _builder_version=\u00a0\u00bb4.11.2&Prime; _module_preset=\u00a0\u00bbdefault\u00a0\u00bb global_colors_info=\u00a0\u00bb{}\u00a0\u00bb][et_pb_text _builder_version=\u00a0\u00bb4.11.2&Prime; _module_preset=\u00a0\u00bbdefault\u00a0\u00bb custom_margin=\u00a0\u00bb42px|||||\u00a0\u00bb custom_padding=\u00a0\u00bb19px|||||\u00a0\u00bb global_colors_info=\u00a0\u00bb{}\u00a0\u00bb]<\/p>\n<h2>Troisi\u00e8me \u00e9tape &#8211; Demandez \u00e0 vous inscrire aupr\u00e8s de CDTO pour le certificat g\u00e9n\u00e9ral d\u2019enregistrement<\/h2>\n<ul>\n<li>Remplir la <a href=\"https:\/\/cdto.ca.thentiacloud.net\/webs\/cdto\/application\/#\">demande en ligne<\/a> <\/li>\n<li>Mettre \u00e0 jour les informations de profil et remplir les d\u00e9clarations<\/li>\n<li><a href=\"https:\/\/cdto.ca\/wp-content\/uploads\/2021-2022-Fees.pdf\">Payer les frais d\u2019\u00e9valuation et de traitement des nouvelles demandes<\/a> (non remboursables)<\/li>\n<li>T\u00e9l\u00e9charger les documents requis<\/li>\n<\/ul>\n<p>[\/et_pb_text][\/et_pb_column_inner][\/et_pb_row_inner][et_pb_row_inner admin_label=\u00a0\u00bbRow\u00a0\u00bb _builder_version=\u00a0\u00bb3.25&Prime; min_height=\u00a0\u00bb606.3px\u00a0\u00bb custom_margin=\u00a0\u00bb-15px||-45px|||\u00a0\u00bb custom_padding=\u00a0\u00bb||43px|||\u00a0\u00bb global_colors_info=\u00a0\u00bb{}\u00a0\u00bb][et_pb_column_inner saved_specialty_column_type=\u00a0\u00bb2_3&Prime; _builder_version=\u00a0\u00bb4.11.2&Prime; _module_preset=\u00a0\u00bbdefault\u00a0\u00bb global_colors_info=\u00a0\u00bb{}\u00a0\u00bb][et_pb_text _builder_version=\u00a0\u00bb4.11.2&Prime; _module_preset=\u00a0\u00bbdefault\u00a0\u00bb min_height=\u00a0\u00bb11px\u00a0\u00bb global_colors_info=\u00a0\u00bb{}\u00a0\u00bb]<\/p>\n<h2>Quatri\u00e8me \u00e9tape &#8211; Inscrivez-vous aupr\u00e8s de CDTO<\/h2>\n<p>[\/et_pb_text][et_pb_text admin_label=\u00a0\u00bbRole of President, Vice-President and Registrar\u00a0\u00bb _builder_version=\u00a0\u00bb4.11.2&Prime; text_font=\u00a0\u00bb||||||||\u00a0\u00bb ol_font=\u00a0\u00bb||on||||||\u00a0\u00bb ol_text_color=\u00a0\u00bb#000000&Prime; ol_font_size=\u00a0\u00bb13px\u00a0\u00bb min_height=\u00a0\u00bb97px\u00a0\u00bb custom_padding=\u00a0\u00bb|46px|0px|||\u00a0\u00bb global_colors_info=\u00a0\u00bb{}\u00a0\u00bb]<\/p>\n<p>Une fois que vous avez soumis votre demande en ligne, l\u2019Ordre examinera votre demande pour s\u2019assurer qu\u2019elle est compl\u00e8te et vous avisera du r\u00e9sultat.<\/p>\n<p>[\/et_pb_text][et_pb_text _builder_version=\u00a0\u00bb4.11.2&Prime; _module_preset=\u00a0\u00bbdefault\u00a0\u00bb header_font_size=\u00a0\u00bb40px\u00a0\u00bb width=\u00a0\u00bb100%\u00a0\u00bb min_height=\u00a0\u00bb289px\u00a0\u00bb custom_margin=\u00a0\u00bb|-368px||||\u00a0\u00bb global_colors_info=\u00a0\u00bb{}\u00a0\u00bb]<\/p>\n<h4><span class=\"JsGRdQ\">APPROUV\u00c9<\/span><\/h4>\n<p>Si votre demande est compl\u00e8te et que vous remplissez toutes les conditions d\u2019inscription, vous recevrez une notification par courriel pour compl\u00e9ter l\u2019\u00e9tape finale: le paiement des frais d\u2019inscription. Une fois le paiement confirm\u00e9, vous recevrez par courriel de confirmation d\u2019inscription avec le Coll\u00e8ge et votre num\u00e9ro d\u2019inscription.<\/p>\n<p>Il est important de noter qu\u2019avant d\u2019\u00eatre l\u00e9galement autoris\u00e9 \u00e0 exercer la profession en Ontario et de pouvoir utiliser le titre prot\u00e9g\u00e9 de technologue dentaire agr\u00e9\u00e9 ou DET, vous devez souscrire une <a href=\"https:\/\/cdto.ca\/fr\/pour-les-membres\/assurance-responsabilite-professionnelle\/\">assurance responsabilit\u00e9 professionnelle (IPL).<\/a><\/p>\n<p>Votre certificat mural (certificat g\u00e9n\u00e9ral d\u2019inscription) et votre timbre RDT vous seront envoy\u00e9s par la poste ou par messagerie.<\/p>\n<p style=\"text-align: left\">\n<p>[\/et_pb_text][et_pb_text _builder_version=\u00a0\u00bb4.11.2&Prime; _module_preset=\u00a0\u00bbdefault\u00a0\u00bb header_font_size=\u00a0\u00bb40px\u00a0\u00bb width=\u00a0\u00bb100.4%\u00a0\u00bb min_height=\u00a0\u00bb182.8px\u00a0\u00bb custom_margin=\u00a0\u00bb|-417px||||\u00a0\u00bb custom_padding=\u00a0\u00bb30px||25px|||\u00a0\u00bb global_colors_info=\u00a0\u00bb{}\u00a0\u00bb]<\/p>\n<h4>INCOMPLET<\/h4>\n<p style=\"text-align: left\">Si votre demande est incompl\u00e8te, l\u2019Ordre communiquera avec vous pour vous aider \u00e0 r\u00e9soudre les questions en suspens, obtenir des \u00e9claircissements sur les renseignements fournis dans votre demande ou demander des documents suppl\u00e9mentaires.<\/p>\n<p style=\"text-align: left\">[\/et_pb_text][et_pb_text _builder_version=\u00a0\u00bb4.11.2&Prime; _module_preset=\u00a0\u00bbdefault\u00a0\u00bb header_font_size=\u00a0\u00bb40px\u00a0\u00bb width=\u00a0\u00bb100.4%\u00a0\u00bb custom_margin=\u00a0\u00bb|-417px||||\u00a0\u00bb custom_padding=\u00a0\u00bb||25px|||\u00a0\u00bb global_colors_info=\u00a0\u00bb{}\u00a0\u00bb]<\/p>\n<h4><span class=\"JsGRdQ\">NON APPROUV\u00c9<\/span><\/h4>\n<p>Si vous ne respectez pas toutes les exigences d\u2019inscription, le registraire renverra votre demande au Comit\u00e9 d\u2019inscription pour examen. Vous serez avis\u00e9 par \u00e9crit de la recommandation et des<a href=\"https:\/\/cdto.ca\/referral-and-reasons-for-referral\/\"> raisons<\/a> de la recommandation et serez inform\u00e9 de votre droit de pr\u00e9senter une <a href=\"https:\/\/cdto.ca\/referral-and-reasons-for-referral\/#writtensubmissions\"> <span>soumission<\/span> \u00e9crite <\/a>dans les 30 jours suivant la r\u00e9ception de l\u2019avis. Le comit\u00e9 du comit\u00e9 d\u2019inscription examinera votre dossier, y compris les observations re\u00e7ues, et rendra <a href=\"https:\/\/cdto.ca\/referral-and-reasons-for-referral\/#DecisionsandReasons\"><span style=\"font-weight: 400\">les d\u00e9cisions et les motifs,<\/span><\/p>\n<p><\/a>y compris<span style=\"font-weight: 400\">les <\/span> <span style=\"font-weight: 400\">renseignements sur les <a href=\"https:\/\/cdto.ca\/referral-and-reasons-for-referral\/#appeals\">appels.<\/a><\/span><\/p>\n<p style=\"text-align: left\">\n<p>[\/et_pb_text][\/et_pb_column_inner][\/et_pb_row_inner][\/et_pb_column][et_pb_column type=\u00a0\u00bb1_3&Prime; _builder_version=\u00a0\u00bb3.25&Prime; custom_padding=\u00a0\u00bb|||\u00a0\u00bb global_colors_info=\u00a0\u00bb{}\u00a0\u00bb parallax__hover=\u00a0\u00bboff\u00a0\u00bb parallax_method__hover=\u00a0\u00bbon\u00a0\u00bb custom_padding__hover=\u00a0\u00bb|||\u00a0\u00bb][et_pb_sidebar area=\u00a0\u00bbet_pb_widget_area_9&Prime; _builder_version=\u00a0\u00bb4.11.2&Prime; _module_preset=\u00a0\u00bbdefault\u00a0\u00bb body_text_align=\u00a0\u00bbleft\u00a0\u00bb body_text_color=\u00a0\u00bb#FFFFFF\u00a0\u00bb body_font_size=\u00a0\u00bb15px\u00a0\u00bb background_color=\u00a0\u00bb#E09900&Prime; background_layout=\u00a0\u00bbdark\u00a0\u00bb width=\u00a0\u00bb83.6%\u00a0\u00bb custom_margin=\u00a0\u00bb1px||-6px||false|false\u00a0\u00bb custom_padding=\u00a0\u00bb30px|2px|0px|26px|false|false\u00a0\u00bb border_radii=\u00a0\u00bbon|4px|4px|4px|4px\u00a0\u00bb text_shadow_style=\u00a0\u00bbpreset2&Prime; global_colors_info=\u00a0\u00bb{}\u00a0\u00bb][\/et_pb_sidebar][\/et_pb_column][\/et_pb_section][et_pb_section fb_built=\u00a0\u00bb1&Prime; custom_padding_last_edited=\u00a0\u00bbon|desktop\u00a0\u00bb _builder_version=\u00a0\u00bb4.10.5&Prime; background_color=\u00a0\u00bbrgba(255,216,2,0.5)\u00a0\u00bb background_image=\u00a0\u00bbhttps:\/\/cdto.ca\/wp-content\/uploads\/mission_overlay.png\u00a0\u00bb custom_padding=\u00a0\u00bb4px||27px|||\u00a0\u00bb custom_padding_tablet=\u00a0\u00bb50px|0|50px|0&Prime; custom_padding_phone=\u00a0\u00bb\u00a0\u00bb custom_css_main_element=\u00a0\u00bb background-position-x: 85%;|| background-size: initial;|| background-position-y: 100%;\u00a0\u00bb global_module=\u00a0\u00bb2751&Prime; global_colors_info=\u00a0\u00bb{}\u00a0\u00bb][et_pb_row module_class=\u00a0\u00bb et_pb_row_fullwidth\u00a0\u00bb _builder_version=\u00a0\u00bb3.25&Prime; background_size=\u00a0\u00bbinitial\u00a0\u00bb background_position=\u00a0\u00bbtop_left\u00a0\u00bb background_repeat=\u00a0\u00bbrepeat\u00a0\u00bb width=\u00a0\u00bb94%\u00a0\u00bb width_tablet=\u00a0\u00bb80%\u00a0\u00bb width_phone=\u00a0\u00bb\u00a0\u00bb width_last_edited=\u00a0\u00bbon|desktop\u00a0\u00bb max_width=\u00a0\u00bb94%\u00a0\u00bb max_width_tablet=\u00a0\u00bb80%\u00a0\u00bb max_width_phone=\u00a0\u00bb\u00a0\u00bb max_width_last_edited=\u00a0\u00bbon|desktop\u00a0\u00bb make_fullwidth=\u00a0\u00bbon\u00a0\u00bb use_custom_width=\u00a0\u00bboff\u00a0\u00bb width_unit=\u00a0\u00bbon\u00a0\u00bb global_colors_info=\u00a0\u00bb{}\u00a0\u00bb][et_pb_column type=\u00a0\u00bb4_4&Prime; _builder_version=\u00a0\u00bb3.25&Prime; custom_padding=\u00a0\u00bb|||\u00a0\u00bb global_colors_info=\u00a0\u00bb{}\u00a0\u00bb custom_padding__hover=\u00a0\u00bb|||\u00a0\u00bb][et_pb_cta title=\u00a0\u00bbPour en savoir plus sur l&rsquo;Ordre des technologistes dentaires de l&rsquo;Ontario:\u00a0\u00bb button_url=\u00a0\u00bbhttps:\/\/cdto.ca\/fr\/nous-contacter\/\u00a0\u00bb button_text=\u00a0\u00bbNous Contacter\u00a0\u00bb admin_label=\u00a0\u00bbCall To Action-email-list\u00a0\u00bb _builder_version=\u00a0\u00bb4.0.11&Prime; header_font_size=\u00a0\u00bb27px\u00a0\u00bb use_background_color=\u00a0\u00bboff\u00a0\u00bb background_position=\u00a0\u00bbtop_left\u00a0\u00bb background_repeat=\u00a0\u00bbrepeat\u00a0\u00bb custom_button=\u00a0\u00bbon\u00a0\u00bb button_text_color=\u00a0\u00bb#4488c8&Prime; background_layout=\u00a0\u00bblight\u00a0\u00bb global_colors_info=\u00a0\u00bb{}\u00a0\u00bb button_text_size__hover_enabled=\u00a0\u00bboff\u00a0\u00bb button_text_size__hover=\u00a0\u00bbnull\u00a0\u00bb button_one_text_size__hover_enabled=\u00a0\u00bboff\u00a0\u00bb button_one_text_size__hover=\u00a0\u00bbnull\u00a0\u00bb button_two_text_size__hover_enabled=\u00a0\u00bboff\u00a0\u00bb button_two_text_size__hover=\u00a0\u00bbnull\u00a0\u00bb button_text_color__hover_enabled=\u00a0\u00bboff\u00a0\u00bb button_text_color__hover=\u00a0\u00bbnull\u00a0\u00bb button_one_text_color__hover_enabled=\u00a0\u00bboff\u00a0\u00bb button_one_text_color__hover=\u00a0\u00bbnull\u00a0\u00bb button_two_text_color__hover_enabled=\u00a0\u00bboff\u00a0\u00bb button_two_text_color__hover=\u00a0\u00bbnull\u00a0\u00bb button_border_width__hover_enabled=\u00a0\u00bboff\u00a0\u00bb button_border_width__hover=\u00a0\u00bbnull\u00a0\u00bb button_one_border_width__hover_enabled=\u00a0\u00bboff\u00a0\u00bb button_one_border_width__hover=\u00a0\u00bbnull\u00a0\u00bb button_two_border_width__hover_enabled=\u00a0\u00bboff\u00a0\u00bb button_two_border_width__hover=\u00a0\u00bbnull\u00a0\u00bb button_border_color__hover_enabled=\u00a0\u00bboff\u00a0\u00bb button_border_color__hover=\u00a0\u00bbnull\u00a0\u00bb button_one_border_color__hover_enabled=\u00a0\u00bboff\u00a0\u00bb button_one_border_color__hover=\u00a0\u00bbnull\u00a0\u00bb button_two_border_color__hover_enabled=\u00a0\u00bboff\u00a0\u00bb button_two_border_color__hover=\u00a0\u00bbnull\u00a0\u00bb button_border_radius__hover_enabled=\u00a0\u00bboff\u00a0\u00bb button_border_radius__hover=\u00a0\u00bbnull\u00a0\u00bb button_one_border_radius__hover_enabled=\u00a0\u00bboff\u00a0\u00bb button_one_border_radius__hover=\u00a0\u00bbnull\u00a0\u00bb button_two_border_radius__hover_enabled=\u00a0\u00bboff\u00a0\u00bb button_two_border_radius__hover=\u00a0\u00bbnull\u00a0\u00bb button_letter_spacing__hover_enabled=\u00a0\u00bboff\u00a0\u00bb button_letter_spacing__hover=\u00a0\u00bbnull\u00a0\u00bb button_one_letter_spacing__hover_enabled=\u00a0\u00bboff\u00a0\u00bb button_one_letter_spacing__hover=\u00a0\u00bbnull\u00a0\u00bb button_two_letter_spacing__hover_enabled=\u00a0\u00bboff\u00a0\u00bb button_two_letter_spacing__hover=\u00a0\u00bbnull\u00a0\u00bb button_bg_color__hover_enabled=\u00a0\u00bboff\u00a0\u00bb button_bg_color__hover=\u00a0\u00bbnull\u00a0\u00bb button_one_bg_color__hover_enabled=\u00a0\u00bboff\u00a0\u00bb button_one_bg_color__hover=\u00a0\u00bbnull\u00a0\u00bb button_two_bg_color__hover_enabled=\u00a0\u00bboff\u00a0\u00bb button_two_bg_color__hover=\u00a0\u00bbnull\u00a0\u00bb][\/et_pb_cta][\/et_pb_column][\/et_pb_row][\/et_pb_section]<\/p>\n","protected":false},"excerpt":{"rendered":"<p>Itin\u00e9raire du programme approuv\u00e9 &nbsp; Si vous \u00eates un candidat qui est sur le point d\u2019\u00eatre termin\u00e9 ou qui a termin\u00e9 avec succ\u00e8s un programme de technologie dentaire approuv\u00e9 par [&hellip;]<\/p>\n","protected":false},"author":37,"featured_media":0,"parent":30705,"menu_order":0,"comment_status":"closed","ping_status":"closed","template":"","meta":{"_et_pb_use_builder":"on","_et_pb_old_content":"","_et_gb_content_width":"","_exactmetrics_skip_tracking":false,"_exactmetrics_sitenote_active":false,"_exactmetrics_sitenote_note":"","_exactmetrics_sitenote_category":0,"_monsterinsights_skip_tracking":false,"_monsterinsights_sitenote_active":false,"_monsterinsights_sitenote_note":"","_monsterinsights_sitenote_category":0,"_mc_calendar":[],"footnotes":""},"class_list":["post-30686","page","type-page","status-publish","hentry"],"_links":{"self":[{"href":"https:\/\/cdto.ca\/fr\/wp-json\/wp\/v2\/pages\/30686"}],"collection":[{"href":"https:\/\/cdto.ca\/fr\/wp-json\/wp\/v2\/pages"}],"about":[{"href":"https:\/\/cdto.ca\/fr\/wp-json\/wp\/v2\/types\/page"}],"author":[{"embeddable":true,"href":"https:\/\/cdto.ca\/fr\/wp-json\/wp\/v2\/users\/37"}],"replies":[{"embeddable":true,"href":"https:\/\/cdto.ca\/fr\/wp-json\/wp\/v2\/comments?post=30686"}],"version-history":[{"count":0,"href":"https:\/\/cdto.ca\/fr\/wp-json\/wp\/v2\/pages\/30686\/revisions"}],"up":[{"embeddable":true,"href":"https:\/\/cdto.ca\/fr\/wp-json\/wp\/v2\/pages\/30705"}],"wp:attachment":[{"href":"https:\/\/cdto.ca\/fr\/wp-json\/wp\/v2\/media?parent=30686"}],"curies":[{"name":"wp","href":"https:\/\/api.w.org\/{rel}","templated":true}]}}